{"id":8859,"date":"2020-07-20T14:27:12","date_gmt":"2020-07-20T17:27:12","guid":{"rendered":"https:\/\/jmvstream.com\/?page_id=8859"},"modified":"2024-09-08T19:13:22","modified_gmt":"2024-09-08T22:13:22","slug":"suporte-premium","status":"publish","type":"page","link":"https:\/\/jmvstream.com\/pt-br\/suporte-premium\/","title":{"rendered":"Suporte Premium"},"content":{"rendered":"<div class=\"wpb-content-wrapper\"><p>[vc_row css=&#8221;.vc_custom_1635426121379{background-color: #dd9933 !important;}&#8221; row_bg_image=&#8221;12836&#8243;][vc_column][vc_empty_space height=&#8221;220px&#8221;][\/vc_column][vc_column width=&#8221;1\/5&#8243;][\/vc_column][vc_column width=&#8221;3\/5&#8243;][vc_column_text]<\/p>\n<h1 style=\"text-align: center;\"><span style=\"color: #ffffff;\"><b>Suporte Premium em todas as etapas!<\/b><\/span><\/h1>\n<p>[\/vc_column_text][vc_empty_space][vc_column_text]<\/p>\n<p style=\"text-align: center;\"><span style=\"font-weight: 400; color: #ffffff;\">Amamos o que fazemos 7 dias por semana, este \u00e9 nosso mantra, e por isto proporcionamos a nossos clientes suporte real (sem rob\u00f4s), com profissionais altamente treinados, por telefone, chat, ticket e WhatsApp.<\/span><\/p>\n<p>[\/vc_column_text][vc_empty_space][\/vc_column][vc_column width=&#8221;1\/5&#8243;][\/vc_column][vc_column][vc_empty_space height=&#8221;100px&#8221;][\/vc_column][\/vc_row][vc_section css=&#8221;.vc_custom_1635425826359{background-color: #3a94e0 !important;}&#8221;][vc_row][vc_column][vc_column_text css=&#8221;.vc_custom_1725831986744{padding-top: 1% !important;}&#8221;]<\/p>\n<p style=\"text-align: center;\"><span style=\"font-weight: 400; color: #ffffff;\">De segunda a s\u00e1bado, das 08:00 \u00e0s 22:00 horas. Domingos e feriados, das 14:00 \u00e0s 22:00 horas.<\/span><\/p>\n<p>[\/vc_column_text][\/vc_column][\/vc_row][\/vc_section][vc_row title_styles=&#8221;style_1&#8243; title_style_one=&#8221;&#8221; title_style_two=&#8221;&#8221; title_style_three=&#8221;&#8221; title_text=&#8221;Powerful Features Startup&#8221; stitle_font_size=&#8221;&#8221; stitle_font_weight=&#8221;&#8221; stitle_text_transform=&#8221;&#8221; subtitle_text=&#8221;&#8221; subtitle_font_size=&#8221;&#8221; subtitle_font_weight=&#8221;&#8221; subtitle_text_transform=&#8221;&#8221; feature_styles=&#8221;style_13&#8243; feature_style_one=&#8221;&#8221; apply_top_shadow=&#8221;apply&#8221; feature_style_two=&#8221;&#8221; round_box3=&#8221;no&#8221; feature_style_three=&#8221;&#8221; feature_style_three2=&#8221;&#8221; feature_style_four=&#8221;&#8221; feature_style_five=&#8221;&#8221; round_box=&#8221;no&#8221; feature_style_six=&#8221;&#8221; feature_style_six_2=&#8221;&#8221; feature_style_seven=&#8221;&#8221; feature_style_eight=&#8221;&#8221; feature_style_nine=&#8221;&#8221; feature_style_ten=&#8221;&#8221; feature_style_eleven=&#8221;&#8221; feature_style_twelve=&#8221;&#8221; feature_style_thirteen=&#8221;&#8221; feature_style_fourteen=&#8221;&#8221; btn_radius=&#8221;3px&#8221; btn_ptb=&#8221;15px&#8221; btn_plr=&#8221;60px&#8221; btn_text_color=&#8221;#fff&#8221; btn_bg_color=&#8221;#8224e3&#8243; btn_bdr_color=&#8221;#8224e3&#8243; btn_bdr_width=&#8221;1px&#8221; btn_hover_text_color=&#8221;#fff&#8221; btn_hover_bg_color=&#8221;#3e4228&#8243; btn_hover_bdr_color=&#8221;#3e4228&#8243; feature_video_style=&#8221;video_1&#8243; feature_video_style_one=&#8221;&#8221; feature_video_style_two=&#8221;&#8221; feature_four_vdo_url=&#8221;https:\/\/www.youtube.com\/watch?v=FPfQMVf4vwQ&#8221; primary_gradient=&#8221;#3a7bd5&#8243; secondary_gradient=&#8221;#1aabec&#8221; gradient_opacity=&#8221;0.85&#8243; feature_four_vdo_heading=&#8221;Disover The New App&#8221; icon_color=&#8221;&#8221; icon_size=&#8221;&#8221; title_font_size=&#8221;&#8221; title_font_weight=&#8221;&#8221; title_text_transform=&#8221;&#8221; title_color=&#8221;&#8221; content_font_size=&#8221;&#8221; content_font_weight=&#8221;&#8221; content_text_transform=&#8221;&#8221; content_color=&#8221;&#8221; f_bg_color=&#8221;&#8221; feature_align=&#8221;center&#8221; icon_type=&#8221;custom_icon_lnr&#8221; icon_linear=&#8221;lnr lnr-select&#8221; power_feature_title=&#8221;Theft Alert&#8221; feature_content=&#8221;Duis aute irure dolor in reprehenderit in voluptate velit esse cillum dolore eu fugiat nulla pariatur excepteur sint.&#8221; inova_fwi=&#8221;%5B%7B%22icon_or_image%22%3A%22icon_opt%22%2C%22icon_type%22%3A%22custom_icon_themify%22%2C%22icon_fw%22%3A%22fa%20fa-handshake-o%22%2C%22icon_op%22%3A%22vc-oi%20vc-oi-dial%22%2C%22icon_ty%22%3A%22typcn%20typcn-adjust-brightness%22%2C%22icon_ent%22%3A%22entypo-icon%20entypo-icon-note%22%2C%22icon_ln%22%3A%22vc_li%20vc_li-heart%22%2C%22icon_ms%22%3A%22vc-mono%20vc-mono-apple%22%2C%22icon_mat%22%3A%22vc-material%20vc-material-3d_rotation%22%2C%22icon_linear%22%3A%22lnr%20lnr-select%22%2C%22icon_themify%22%3A%22ti-layout%22%2C%22power_feature_title%22%3A%22Unlimited%20Dashboard%22%2C%22feature_content%22%3A%22Lorem%20ipsum%20dolor%20sit%20amet%2C%20consectetur%20adipisicing%20elit%2C%20sed%20do%20eiusmod%20tempor%20incididunt%20ut%20labore%20dolore%20magna%20aliqua.%22%7D%2C%7B%22icon_or_image%22%3A%22icon_opt%22%2C%22icon_type%22%3A%22custom_icon_themify%22%2C%22icon_fw%22%3A%22fa%20fa-handshake-o%22%2C%22icon_op%22%3A%22vc-oi%20vc-oi-dial%22%2C%22icon_ty%22%3A%22typcn%20typcn-adjust-brightness%22%2C%22icon_ent%22%3A%22entypo-icon%20entypo-icon-note%22%2C%22icon_ln%22%3A%22vc_li%20vc_li-heart%22%2C%22icon_ms%22%3A%22vc-mono%20vc-mono-apple%22%2C%22icon_mat%22%3A%22vc-material%20vc-material-3d_rotation%22%2C%22icon_linear%22%3A%22lnr%20lnr-select%22%2C%22icon_themify%22%3A%22ti-pencil-alt%22%2C%22power_feature_title%22%3A%22Easily%20Add%20New%20Projects%22%2C%22feature_content%22%3A%22Lorem%20ipsum%20dolor%20sit%20amet%2C%20consectetur%20adipisicing%20elit%2C%20sed%20do%20eiusmod%20tempor%20incididunt%20ut%20labore%20dolore%20magna%20aliqua.%22%7D%2C%7B%22icon_or_image%22%3A%22icon_opt%22%2C%22icon_type%22%3A%22custom_icon_themify%22%2C%22icon_fw%22%3A%22fa%20fa-handshake-o%22%2C%22icon_op%22%3A%22vc-oi%20vc-oi-dial%22%2C%22icon_ty%22%3A%22typcn%20typcn-adjust-brightness%22%2C%22icon_ent%22%3A%22entypo-icon%20entypo-icon-note%22%2C%22icon_ln%22%3A%22vc_li%20vc_li-heart%22%2C%22icon_ms%22%3A%22vc-mono%20vc-mono-apple%22%2C%22icon_mat%22%3A%22vc-material%20vc-material-3d_rotation%22%2C%22icon_linear%22%3A%22lnr%20lnr-select%22%2C%22icon_themify%22%3A%22ti-lock%22%2C%22power_feature_title%22%3A%22Secure%20Your%20Data%22%2C%22feature_content%22%3A%22Lorem%20ipsum%20dolor%20sit%20amet%2C%20consectetur%20adipisicing%20elit%2C%20sed%20do%20eiusmod%20tempor%20incididunt%20ut%20labore%20dolore%20magna%20aliqua.%22%7D%2C%7B%22icon_or_image%22%3A%22icon_opt%22%2C%22icon_type%22%3A%22custom_icon_themify%22%2C%22icon_fw%22%3A%22fa%20fa-handshake-o%22%2C%22icon_op%22%3A%22vc-oi%20vc-oi-dial%22%2C%22icon_ty%22%3A%22typcn%20typcn-adjust-brightness%22%2C%22icon_ent%22%3A%22entypo-icon%20entypo-icon-note%22%2C%22icon_ln%22%3A%22vc_li%20vc_li-heart%22%2C%22icon_ms%22%3A%22vc-mono%20vc-mono-apple%22%2C%22icon_mat%22%3A%22vc-material%20vc-material-3d_rotation%22%2C%22icon_linear%22%3A%22lnr%20lnr-select%22%2C%22icon_themify%22%3A%22ti-target%22%2C%22power_feature_title%22%3A%22Track%20Anything%22%2C%22feature_content%22%3A%22Lorem%20ipsum%20dolor%20sit%20amet%2C%20consectetur%20adipisicing%20elit%2C%20sed%20do%20eiusmod%20tempor%20incididunt%20ut%20labore%20dolore%20magna%20aliqua.%22%7D%2C%7B%22icon_or_image%22%3A%22icon_opt%22%2C%22icon_type%22%3A%22custom_icon_themify%22%2C%22icon_fw%22%3A%22fa%20fa-handshake-o%22%2C%22icon_op%22%3A%22vc-oi%20vc-oi-dial%22%2C%22icon_ty%22%3A%22typcn%20typcn-adjust-brightness%22%2C%22icon_ent%22%3A%22entypo-icon%20entypo-icon-note%22%2C%22icon_ln%22%3A%22vc_li%20vc_li-heart%22%2C%22icon_ms%22%3A%22vc-mono%20vc-mono-apple%22%2C%22icon_mat%22%3A%22vc-material%20vc-material-3d_rotation%22%2C%22icon_linear%22%3A%22lnr%20lnr-select%22%2C%22icon_themify%22%3A%22ti-settings%22%2C%22power_feature_title%22%3A%22Manage%20Complex%20Workflows%22%2C%22feature_content%22%3A%22Lorem%20ipsum%20dolor%20sit%20amet%2C%20consectetur%20adipisicing%20elit%2C%20sed%20do%20eiusmod%20tempor%20incididunt%20ut%20labore%20dolore%20magna%20aliqua.%22%7D%2C%7B%22icon_or_image%22%3A%22icon_opt%22%2C%22icon_type%22%3A%22custom_icon_themify%22%2C%22icon_fw%22%3A%22fa%20fa-handshake-o%22%2C%22icon_op%22%3A%22vc-oi%20vc-oi-dial%22%2C%22icon_ty%22%3A%22typcn%20typcn-adjust-brightness%22%2C%22icon_ent%22%3A%22entypo-icon%20entypo-icon-note%22%2C%22icon_ln%22%3A%22vc_li%20vc_li-heart%22%2C%22icon_ms%22%3A%22vc-mono%20vc-mono-apple%22%2C%22icon_mat%22%3A%22vc-material%20vc-material-3d_rotation%22%2C%22icon_linear%22%3A%22lnr%20lnr-select%22%2C%22icon_themify%22%3A%22ti-stats-up%22%2C%22power_feature_title%22%3A%22See%20Progress%20Across%20Projects%22%2C%22feature_content%22%3A%22Lorem%20ipsum%20dolor%20sit%20amet%2C%20consectetur%20adipisicing%20elit%2C%20sed%20do%20eiusmod%20tempor%20incididunt%20ut%20labore%20dolore%20magna%20aliqua.%22%7D%5D&#8221; stitle_color=&#8221;&#8221; subtitle_color=&#8221;&#8221; button_url=&#8221;&#8221; feature_four_vdo_image=&#8221;&#8221; inova_fwi2=&#8221;%5B%7B%22icon_or_image%22%3A%22icon_opt%22%2C%22icon_type%22%3A%22fontawesome%22%2C%22icon_fw%22%3A%22fa%20fa-handshake-o%22%2C%22icon_op%22%3A%22vc-oi%20vc-oi-dial%22%2C%22icon_ty%22%3A%22typcn%20typcn-adjust-brightness%22%2C%22icon_ent%22%3A%22entypo-icon%20entypo-icon-note%22%2C%22icon_ln%22%3A%22vc_li%20vc_li-heart%22%2C%22icon_ms%22%3A%22vc-mono%20vc-mono-apple%22%2C%22icon_mat%22%3A%22vc-material%20vc-material-3d_rotation%22%2C%22icon_linear%22%3A%22lnr%20lnr-select%22%2C%22icon_themify%22%3A%22ti-wand%22%2C%22power_feature_title%22%3A%22Sign%20Up%22%2C%22feature_content%22%3A%22Duis%20aute%20irure%20dolor%20in%20reprehenderit%20in%20voluptate%20velit%20esse%20cillum%20dolore%20eu%20fugiat%20nulla%20pariatur%20excepteur%22%7D%5D&#8221; feature_image=&#8221;&#8221;][vc_column][inova_feature_with_icon title_style_one=&#8221;&#8221; title_text=&#8221;&#8221; stitle_font_size=&#8221;10px&#8221; subtitle_text=&#8221;&#8221; subtitle_font_size=&#8221;10px&#8221; feature_styles=&#8221;style_13&#8243; feature_style_thirteen=&#8221;&#8221; feature_align=&#8221;center&#8221; icon_type=&#8221;custom_icon_lnr&#8221; icon_linear=&#8221;lnr lnr-select&#8221; power_feature_title=&#8221;Theft Alert&#8221; feature_content=&#8221;Duis aute irure dolor in reprehenderit in voluptate velit esse cillum dolore eu fugiat nulla pariatur excepteur sint.&#8221; inova_fwi=&#8221;%5B%7B%22icon_or_image%22%3A%22icon_opt%22%2C%22icon_type%22%3A%22linecons%22%2C%22icon_fw%22%3A%22fas%20fa-play%22%2C%22icon_op%22%3A%22vc-oi%20vc-oi-dial%22%2C%22icon_ty%22%3A%22typcn%20typcn-adjust-brightness%22%2C%22icon_ent%22%3A%22entypo-icon%20entypo-icon-note%22%2C%22icon_ln%22%3A%22vc_li%20vc_li-heart%22%2C%22icon_ms%22%3A%22vc-mono%20vc-mono-apple%22%2C%22icon_mat%22%3A%22vc-material%20vc-material-3d_rotation%22%2C%22icon_linear%22%3A%22lnr%20lnr-select%22%2C%22icon_themify%22%3A%22ti-layout%22%2C%22power_feature_title%22%3A%22Treinamento%20inicial%22%2C%22feature_content%22%3A%22Ap%C3%B3s%20a%20contrata%C3%A7%C3%A3o%2C%20voc%C3%AA%20e%20sua%20equipe%20receber%C3%A3o%20um%20treinamento%20inicial.%20Para%20que%20voc%C3%AAs%20possam%20entender%2C%20passo%20a%20passo%2C%20todas%20as%20funcionalidades%20da%20plataforma%20mais%20completa%20do%20mercado%2C%20e%20extrair%20dela%20o%20m%C3%A1ximo%20de%20resultado%20e%20a%20garantia%20do%20sucesso%20de%20seu%20neg%C3%B3cio.%22%7D%2C%7B%22icon_or_image%22%3A%22icon_opt%22%2C%22icon_type%22%3A%22openiconic%22%2C%22icon_op%22%3A%22vc-oi%20vc-oi-dial%22%2C%22icon_ty%22%3A%22typcn%20typcn-adjust-brightness%22%2C%22icon_ent%22%3A%22entypo-icon%20entypo-icon-note%22%2C%22icon_ln%22%3A%22vc_li%20vc_li-heart%22%2C%22icon_ms%22%3A%22vc-mono%20vc-mono-apple%22%2C%22icon_mat%22%3A%22vc-material%20vc-material-3d_rotation%22%2C%22icon_linear%22%3A%22lnr%20lnr-select%22%2C%22icon_themify%22%3A%22ti-pencil-alt%22%2C%22power_feature_title%22%3A%22Atendimento%20r%C3%A1pido%22%2C%22feature_content%22%3A%22Quando%20voc%C3%AA%20entra%20em%20contato%20com%20nosso%20suporte%2C%20voc%C3%AA%20quer%20solu%C3%A7%C3%B5es%20r%C3%A1pidas%20e%20descomplicadas.%20O%20atendimento%20simplificado%2C%20e%20inteligente%2C%20facilitar%C3%A1%20a%20opera%C3%A7%C3%A3o%20de%20nossas%20solu%C3%A7%C3%B5es%2C%20e%20permitir%C3%A1%20que%20todos%20possam%20utiliz%C3%A1-la%2C%20Ligue%20j%C3%A1!%22%7D%2C%7B%22icon_or_image%22%3A%22icon_opt%22%2C%22icon_type%22%3A%22custom_icon_themify%22%2C%22icon_op%22%3A%22vc-oi%20vc-oi-dial%22%2C%22icon_ty%22%3A%22typcn%20typcn-adjust-brightness%22%2C%22icon_ent%22%3A%22entypo-icon%20entypo-icon-note%22%2C%22icon_ln%22%3A%22vc_li%20vc_li-heart%22%2C%22icon_ms%22%3A%22vc-mono%20vc-mono-apple%22%2C%22icon_mat%22%3A%22vc-material%20vc-material-3d_rotation%22%2C%22icon_linear%22%3A%22lnr%20lnr-select%22%2C%22icon_themify%22%3A%22ti-wand%22%2C%22power_feature_title%22%3A%22Hor%C3%A1rio%20estendido%22%2C%22feature_content%22%3A%22Uma%20das%20poucas%20empresas%20do%20pa%C3%ADs%2C%20especializada%20em%20plataformas%20de%20Streaming%2C%20a%20oferecer%20suporte%20real%2C%20em%20portugu%C3%AAs%2C%20com%20profissionais%20altamente%2C%20por%20telefone%2C%20chat%2C%20ticket%20e%20WhatsApp.%207%20dias%20por%20semana%2C%20inclusive%20domingos%20e%20feriados%20nacionais.%5Cn%22%7D%5D&#8221;][\/vc_column][\/vc_row][vc_row][vc_column][inova_image_half_container image_half_style=&#8221;style_10&#8243; image_half_style_ten=&#8221;&#8221; title_text=&#8221;Nossa Miss\u00e3o: Seu Sucesso!&#8221; subtitle_text=&#8221;Somos apaixonados por tecnologia de ponta h\u00e1 mais de 20 anos. Todos do nosso time s\u00e3o sistematicamente treinados nos diversos produtos que oferecemos. Isso garante uma assist\u00eancia completa e r\u00e1pida sempre que voc\u00ea precisar.&#8221; single_image=&#8221;12827&#8243;][\/vc_column][\/vc_row][vc_row][vc_column][inova_image_half_container image_half_style=&#8221;style_11&#8243; image_half_style_eleven=&#8221;&#8221; title_text=&#8221;Conte\u00fados educativos e tutoriais explicativos&#8221; subtitle_text=&#8221;Toda semana disponibilizamos in\u00fameros conte\u00fados educativos em nossas plataformas e redes sociais. Tutoriais explicativos, e-books, cursos, artigos e todas as Quartas Feiras as 10:00 nosso podcast Caf\u00e9 &amp; Tech. com muito conte\u00fado para te ajudar a alcan\u00e7ar o sucesso em seus projetos.&#8221; single_image=&#8221;12823&#8243; button_url=&#8221;url:https%3A%2F%2Fwww.youtube.com%2F%40jmvtechnology|title:Conhe%C3%A7a%20nosso%20Canal%20do%20Youtube|target:_blank&#8221;][vc_empty_space height=&#8221;60px&#8221;][\/vc_column][\/vc_row][vc_row full_width=&#8221;stretch_row&#8221; content_placement=&#8221;middle&#8221; content_alignment=&#8221;text-center&#8221; css=&#8221;.vc_custom_1635427258173{background-color: #3a94e0 !important;}&#8221;][vc_column width=&#8221;1\/5&#8243;][\/vc_column][vc_column width=&#8221;3\/5&#8243;][vc_empty_space height=&#8221;60px&#8221;][vc_column_text]<\/p>\n<h3 style=\"text-align: center;\"><strong style=\"color: white;\">Alguns dos mais de 9 mil clientes que confiam em n\u00f3s:<\/strong><\/h3>\n<p>[\/vc_column_text][vc_single_image image=&#8221;12852&#8243; img_size=&#8221;Full&#8221;][vc_single_image image=&#8221;12855&#8243; img_size=&#8221;Full&#8221;][vc_empty_space height=&#8221;42px&#8221;][\/vc_column][vc_column width=&#8221;1\/5&#8243;][\/vc_column][\/vc_row][vc_row full_width=&#8221;stretch_row&#8221; content_placement=&#8221;middle&#8221; content_alignment=&#8221;text-center&#8221; css=&#8221;.vc_custom_1635427258173{background-color: #3a94e0 !important;}&#8221;][vc_column width=&#8221;1\/5&#8243;][\/vc_column][vc_column width=&#8221;3\/5&#8243;][vc_empty_space height=&#8221;70px&#8221;][vc_images_carousel images=&#8221;8997,8994,8991,8988,9269,9266,10214&#8243; img_size=&#8221;full&#8221; onclick=&#8221;link_no&#8221; slides_per_view=&#8221;3&#8243; hide_pagination_control=&#8221;yes&#8221;][vc_empty_space][\/vc_column][vc_column width=&#8221;1\/5&#8243;][\/vc_column][\/vc_row][vc_row][vc_column][vc_empty_space height=&#8221;120px&#8221;][inova_section_title title_style_one=&#8221;&#8221; title_text=&#8221;Case de sucesso Band Campinas&#8221; subtitle_text=&#8221;&#8221;][inova_raw_html]<\/p>\n<div style=\"display: flex; justify-content: center;\"><iframe loading=\"lazy\" style=\"max-width: 100%;\" src=\"https:\/\/player.jmvstream.com\/GABVbodAEtgzfslejLJCLmCTkVmc4I\/gu72m1e1i2f0cc\" width=\"800\" height=\"450\" frameborder=\"0\" allowfullscreen=\"allowfullscreen\"><\/iframe><\/div>\n<p>[\/inova_raw_html][vc_empty_space height=&#8221;150px&#8221;][\/vc_column][\/vc_row][vc_row full_width=&#8221;stretch_row&#8221; content_placement=&#8221;bottom&#8221; row_bg_repeat=&#8221;repeat&#8221; is_row_overlay=&#8221;overlay&#8221; row_overlay_type=&#8221;solid&#8221; row_overlay_solid=&#8221;#efefef&#8221; row_overlay_opacity=&#8221;0.8&#8243; section_templte=&#8221;features-area2&#8243;][vc_column][vc_empty_space height=&#8221;100px&#8221;][inova_section_title title_style_one=&#8221;&#8221; title_text=&#8221;Fale com nossos especialistas!&#8221; subtitle_text=&#8221;Solicite o contato de um de nossos especialistas em solu\u00e7\u00f5es, preenchendo o formul\u00e1rio abaixo.&#8221;][vc_btn title=&#8221;Falar com um especialista Agora !&#8221; shape=&#8221;round&#8221; color=&#8221;warning&#8221; align=&#8221;center&#8221; link=&#8221;url:https%3A%2F%2Fjmvstream.com%2Fpt-br%2Fcentral-contato%2F|title:Falar%20com%20um%20especialista!&#8221;][vc_empty_space height=&#8221;100px&#8221;][\/vc_column][\/vc_row]<\/p>\n<\/div>","protected":false},"excerpt":{"rendered":"<p>[vc_row css=&#8221;.vc_custom_1635426121379{background-color: #dd9933 !important;}&#8221; row_bg_image=&#8221;12836&#8243;][vc_column][vc_empty_space height=&#8221;220px&#8221;][\/vc_column][vc_column width=&#8221;1\/5&#8243;][\/vc_column][vc_column width=&#8221;3\/5&#8243;][vc_column_text] Suporte Premium em todas as etapas! [\/vc_column_text][vc_empty_space][vc_column_text]<\/p>\n","protected":false},"author":45,"featured_media":0,"parent":0,"menu_order":0,"comment_status":"closed","ping_status":"closed","template":"page-homepage.php","meta":{"footnotes":""},"class_list":["post-8859","page","type-page","status-publish","hentry"],"aioseo_notices":[],"_links":{"self":[{"href":"https:\/\/jmvstream.com\/pt-br\/wp-json\/wp\/v2\/pages\/8859","targetHints":{"allow":["GET"]}}],"collection":[{"href":"https:\/\/jmvstream.com\/pt-br\/wp-json\/wp\/v2\/pages"}],"about":[{"href":"https:\/\/jmvstream.com\/pt-br\/wp-json\/wp\/v2\/types\/page"}],"author":[{"embeddable":true,"href":"https:\/\/jmvstream.com\/pt-br\/wp-json\/wp\/v2\/users\/45"}],"replies":[{"embeddable":true,"href":"https:\/\/jmvstream.com\/pt-br\/wp-json\/wp\/v2\/comments?post=8859"}],"version-history":[{"count":0,"href":"https:\/\/jmvstream.com\/pt-br\/wp-json\/wp\/v2\/pages\/8859\/revisions"}],"wp:attachment":[{"href":"https:\/\/jmvstream.com\/pt-br\/wp-json\/wp\/v2\/media?parent=8859"}],"curies":[{"name":"wp","href":"https:\/\/api.w.org\/{rel}","templated":true}]}}