{"id":7802,"date":"2020-05-26T17:25:26","date_gmt":"2020-05-26T20:25:26","guid":{"rendered":"https:\/\/jmvstream.com\/?page_id=7802"},"modified":"2022-01-21T14:21:36","modified_gmt":"2022-01-21T17:21:36","slug":"aplicativo-para-smart-tv","status":"publish","type":"page","link":"https:\/\/jmvstream.com\/pt-br\/aplicativo-para-smart-tv\/","title":{"rendered":"Aplicativo para smartTVs."},"content":{"rendered":"<div class=\"wpb-content-wrapper\"><p>[vc_row full_width=&#8221;stretch_row_content_no_spaces&#8221; el_id=&#8221;home&#8221;][vc_column][inova_hero_startup_video btn_radius=&#8221;0px&#8221; btn_ptb=&#8221;20px&#8221; btn_plr=&#8221;20px&#8221; btn_text_color=&#8221;#8224e3&#8243; btn_bg_color=&#8221;#ff8000&#8243; btn_bdr_color=&#8221;#ff0000&#8243; btn_bdr_width=&#8221;2px&#8221; btn_hover_text_color=&#8221;#81d742&#8243; btn_hover_bg_color=&#8221;#1e73be&#8221; btn_hover_bdr_color=&#8221;#eeee22&#8243; hero_bg_video=&#8221;https:\/\/jmvstream.com\/wp-content\/uploads\/2020\/05\/Aplicativo-para-smart-tv-video-background-1-1.mp4&#8243; hero_title=&#8221;Transmita seu conte\u00fado ao vivo e gravado em aplicativo para smart TV&#8221; startup_hero_button=&#8221;url:https%3A%2F%2Fjmvstream.com%2Fpt-br%2Fcontato%2F|title:Quero%20or%C3%A7amento!|target:%20_blank|&#8221; startup_client_slider=&#8221;%5B%7B%22slider_image%22%3A%225868%22%7D%2C%7B%22slider_image%22%3A%227973%22%7D%2C%7B%22slider_image%22%3A%227985%22%7D%2C%7B%22slider_image%22%3A%227979%22%7D%2C%7B%22slider_image%22%3A%227988%22%7D%2C%7B%22slider_image%22%3A%227976%22%7D%5D&#8221; title_color=&#8221;#ffffff&#8221; title_font_size=&#8221;36px&#8221; hero_subtitle=&#8221;Segundo a Netflix, 70% das visualiza\u00e7\u00f5es totais de seu conte\u00fado v\u00eam de TVs. Realize transmiss\u00f5es ao vivo e gravada em aplicativo para smart TVs, alcance mais espectadores e aumente o faturamento de seu neg\u00f3cio.&#8221; subtitle_font_size=&#8221;16px&#8221;][\/vc_column][\/vc_row][vc_row section_templte=&#8221;seo-features3&#8243; seo_full_feature_pb=&#8221;114px&#8221; css=&#8221;.vc_custom_1556026295268{background-position: center !important;background-repeat: no-repeat !important;background-size: cover !important;}&#8221;][vc_column][inova_feature_with_icon title_styles=&#8221;style_3&#8243; title_style_three=&#8221;&#8221; title_text=&#8221;Excelente para:&#8221; stitle_text_transform=&#8221;inherit&#8221; subtitle_text=&#8221;&#8221; subtitle_text_transform=&#8221;inherit&#8221; feature_styles=&#8221;style_14&#8243; feature_style_fourteen=&#8221;&#8221; icon_size=&#8221;65px&#8221; title_color=&#8221;#454b62&#8243; stitle_color=&#8221;#454b62&#8243; inova_fwi=&#8221;%5B%7B%22icon_or_image%22%3A%22image_opt%22%2C%22icon_image%22%3A%228174%22%2C%22icon_type%22%3A%22fontawesome%22%2C%22icon_op%22%3A%22vc-oi%20vc-oi-dial%22%2C%22icon_ty%22%3A%22typcn%20typcn-adjust-brightness%22%2C%22icon_ent%22%3A%22entypo-icon%20entypo-icon-note%22%2C%22icon_ln%22%3A%22vc_li%20vc_li-heart%22%2C%22icon_ms%22%3A%22vc-mono%20vc-mono-apple%22%2C%22icon_mat%22%3A%22vc-material%20vc-material-3d_rotation%22%2C%22icon_linear%22%3A%22lnr%20lnr-select%22%2C%22icon_themify%22%3A%22ti-wand%22%2C%22power_feature_title%22%3A%22Igrejas%22%2C%22feature_content%22%3A%22%20%22%7D%2C%7B%22icon_or_image%22%3A%22image_opt%22%2C%22icon_image%22%3A%228171%22%2C%22icon_type%22%3A%22fontawesome%22%2C%22icon_op%22%3A%22vc-oi%20vc-oi-dial%22%2C%22icon_ty%22%3A%22typcn%20typcn-adjust-brightness%22%2C%22icon_ent%22%3A%22entypo-icon%20entypo-icon-note%22%2C%22icon_ln%22%3A%22vc_li%20vc_li-heart%22%2C%22icon_ms%22%3A%22vc-mono%20vc-mono-apple%22%2C%22icon_mat%22%3A%22vc-material%20vc-material-3d_rotation%22%2C%22icon_linear%22%3A%22lnr%20lnr-select%22%2C%22icon_themify%22%3A%22ti-wand%22%2C%22power_feature_title%22%3A%22Influenciadores%22%2C%22feature_content%22%3A%22%20%22%7D%2C%7B%22icon_or_image%22%3A%22image_opt%22%2C%22icon_image%22%3A%228168%22%2C%22icon_type%22%3A%22fontawesome%22%2C%22icon_op%22%3A%22vc-oi%20vc-oi-dial%22%2C%22icon_ty%22%3A%22typcn%20typcn-adjust-brightness%22%2C%22icon_ent%22%3A%22entypo-icon%20entypo-icon-note%22%2C%22icon_ln%22%3A%22vc_li%20vc_li-heart%22%2C%22icon_ms%22%3A%22vc-mono%20vc-mono-apple%22%2C%22icon_mat%22%3A%22vc-material%20vc-material-3d_rotation%22%2C%22icon_linear%22%3A%22lnr%20lnr-select%22%2C%22icon_themify%22%3A%22ti-wand%22%2C%22power_feature_title%22%3A%22Eventos%22%2C%22feature_content%22%3A%22%20%22%7D%2C%7B%22icon_or_image%22%3A%22image_opt%22%2C%22icon_image%22%3A%228177%22%2C%22icon_type%22%3A%22fontawesome%22%2C%22icon_op%22%3A%22vc-oi%20vc-oi-dial%22%2C%22icon_ty%22%3A%22typcn%20typcn-adjust-brightness%22%2C%22icon_ent%22%3A%22entypo-icon%20entypo-icon-note%22%2C%22icon_ln%22%3A%22vc_li%20vc_li-heart%22%2C%22icon_ms%22%3A%22vc-mono%20vc-mono-apple%22%2C%22icon_mat%22%3A%22vc-material%20vc-material-3d_rotation%22%2C%22icon_linear%22%3A%22lnr%20lnr-select%22%2C%22icon_themify%22%3A%22ti-wand%22%2C%22power_feature_title%22%3A%22R%C3%A1dio%20e%20TV%22%2C%22feature_content%22%3A%22%20%22%7D%5D&#8221; subtitle_color=&#8221;#454b62&#8243;][vc_separator el_width=&#8221;60&#8243;][inova_raw_html]<\/p>\n<div id=\"ead\" style=\"width: 100%; height: 10px; float: lef; margin: 0px; padding: 0px;\"><\/div>\n<p>[\/inova_raw_html][\/vc_column][\/vc_row][vc_row section_templte=&#8221;features-area2&#8243; css=&#8221;.vc_custom_1590437352321{padding-top: 3% !important;padding-bottom: 1% !important;}&#8221;][vc_column][inova_image_half_container image_half_style=&#8221;style_11&#8243; image_half_style_eleven=&#8221;&#8221; title_text=&#8221;Tenha sua pr\u00f3pria Netflix e alcance audi\u00eancia em todas as plataformas&#8221; stitle_font_size=&#8221;190px&#8221; subtitle_text=&#8221;Transforme a maneira que seu p\u00fablico assiste o seu conte\u00fado. Ofere\u00e7a mais comodidade e conforto, com maior qualidade de imagem e som em suas transmiss\u00f5es.&#8221; subtitle_font_size=&#8221;18px&#8221; btn_radius=&#8221;50px&#8221; btn_text_color=&#8221;#1574d4&#8243; btn_bg_color=&#8221;&#8221; btn_bdr_color=&#8221;#1574d4&#8243; btn_hover_text_color=&#8221;#ffffff&#8221; btn_hover_bg_color=&#8221;#1574d4&#8243; btn_hover_bdr_color=&#8221;#1574d4&#8243; full_height=&#8221;full&#8221; single_image=&#8221;8203&#8243; button_url=&#8221;|||&#8221;][\/vc_column][\/vc_row][vc_row section_templte=&#8221;features-area2&#8243; css=&#8221;.vc_custom_1590436941446{padding-top: 2% !important;padding-bottom: 7% !important;}&#8221;][vc_column][inova_image_half_container image_half_style=&#8221;style_10&#8243; image_half_style_ten=&#8221;&#8221; title_text=&#8221;Layout intuitivo focado no seu conte\u00fado&#8221; stitle_font_size=&#8221;100px&#8221; subtitle_text=&#8221;Aplicativo com Layout exclusivo e alto poder de convers\u00e3o. Interface desenvolvida atrav\u00e9s de testes e pesquisas com foco nas necessidades de seus espectadores, proporcionando a melhor experi\u00eancia ao consumir o seu conte\u00fado.&#8221; subtitle_font_size=&#8221;18px&#8221; btn_radius=&#8221;50px&#8221; btn_text_color=&#8221;#1574d4&#8243; btn_bg_color=&#8221;&#8221; btn_bdr_color=&#8221;#1574d4&#8243; btn_hover_text_color=&#8221;#ffffff&#8221; btn_hover_bg_color=&#8221;#1574d4&#8243; btn_hover_bdr_color=&#8221;#1574d4&#8243; full_height=&#8221;full&#8221; single_image=&#8221;8206&#8243; button_url=&#8221;|||&#8221;][\/vc_column][\/vc_row][vc_row section_templte=&#8221;features-area2&#8243; css=&#8221;.vc_custom_1590525043479{padding-top: 2% !important;}&#8221;][vc_column][vc_separator el_width=&#8221;90&#8243;][\/vc_column][vc_column width=&#8221;1\/5&#8243;][\/vc_column][vc_column width=&#8221;1\/5&#8243;][vc_single_image image=&#8221;7948&#8243; img_size=&#8221;160&#215;69&#8243; alignment=&#8221;center&#8221;][\/vc_column][vc_column width=&#8221;1\/5&#8243;][vc_single_image image=&#8221;8595&#8243; img_size=&#8221;160&#215;69&#8243; alignment=&#8221;center&#8221;][\/vc_column][vc_column width=&#8221;1\/5&#8243;][vc_single_image image=&#8221;8598&#8243; img_size=&#8221;160&#215;69&#8243; alignment=&#8221;center&#8221;][\/vc_column][vc_column width=&#8221;1\/5&#8243;][vc_empty_space][vc_column_text]<\/p>\n<p style=\"text-align: center; font-size: 11px;\"><strong>*<\/strong>Aguardando publica\u00e7\u00e3o na loja<\/p>\n<p>[\/vc_column_text][\/vc_column][vc_column][vc_separator el_width=&#8221;90&#8243;][\/vc_column][\/vc_row][vc_row section_templte=&#8221;features-area2&#8243;][vc_column][inova_image_half_container image_half_style=&#8221;style_5&#8243; flex_middle=&#8221;true&#8221; image_half_style_five=&#8221;&#8221; title_text=&#8221;Gest\u00e3o de an\u00fancios e estat\u00edsticas em tempo real&#8221; stitle_font_size=&#8221;190px&#8221; stitle_text_transform=&#8221;inherit&#8221; subtitle_text=&#8221;Armazene, organize e monetize seu conte\u00fado com seguran\u00e7a, em apenas um lugar. Espa\u00e7o publicit\u00e1rio para venda de an\u00fancios, divulga\u00e7\u00e3o de parceiros e estat\u00edsticas em tempo real.&#8221; btn_text_color=&#8221;#ffffff&#8221; btn_hover_text_color=&#8221;#ffffff&#8221; full_height=&#8221;full&#8221; single_image=&#8221;8096&#8243; list_items=&#8221;%5B%7B%22list_text%22%3A%22Tenha%20total%20controle%20da%20inser%C3%A7%C3%A3o%20de%20%20an%C3%BAncios%20%2C%20delimite%20o%20tempo%2C%20escolha%20%20os%20valores%20e%20%20determine%20os%20segmentos%20%20que%20mais%20se%20encaixam%20em%20seu%20neg%C3%B3cio.%20%22%2C%22show_list_icon%22%3A%22show%22%7D%2C%7B%22list_text%22%3A%22Mensure%20a%20localiza%C3%A7%C3%A3o%2C%20hor%C3%A1rio%20e%20os%20%20dispositivos%20que%20os%20usu%C3%A1rios%20acessam%20o%20seu%20conte%C3%BAdo.%20Isso%20ajudar%C3%A1%20a%20mostrar%20o%20seu%20alcance%20para%20conquistar%20anunciantes.%22%2C%22show_list_icon%22%3A%22show%22%7D%5D&#8221;][\/vc_column][\/vc_row][vc_row is_row_overlay=&#8221;overlay&#8221; row_gradient_type=&#8221;linear&#8221; row_linear_gradient_angle=&#8221;-15&#8243; row_overlay_opacity=&#8221;0.94&#8243; section_templte=&#8221;fun-fact-area&#8221; row_bg_image=&#8221;1805&#8243;][vc_column][inova_funfact_item funfact_styles=&#8221;style_2&#8243; funfact_style_two=&#8221;&#8221; counter_font_weight=&#8221;700&#8243; title_color=&#8221;#ffffff&#8221; funfact_counter=&#8221;360&#8243; funfact_title=&#8221;People Use Inovalab&#8221; inova_ffacts=&#8221;%5B%7B%22is_icon%22%3A%22hide%22%2C%22icon_or_image%22%3A%22icon_opt%22%2C%22icon_type%22%3A%22fontawesome%22%2C%22icon_op%22%3A%22vc-oi%20vc-oi-dial%22%2C%22icon_ty%22%3A%22typcn%20typcn-adjust-brightness%22%2C%22icon_ent%22%3A%22entypo-icon%20entypo-icon-note%22%2C%22icon_ln%22%3A%22vc_li%20vc_li-heart%22%2C%22icon_ms%22%3A%22vc-mono%20vc-mono-apple%22%2C%22icon_mat%22%3A%22vc-material%20vc-material-3d_rotation%22%2C%22icon_linear%22%3A%22lnr%20lnr-select%22%2C%22icon_themify%22%3A%22ti-wand%22%2C%22funfact_counter%22%3A%226.000%22%2C%22funfact_title%22%3A%22CLIENTES%20SATISFEITOS%22%7D%2C%7B%22is_icon%22%3A%22hide%22%2C%22icon_or_image%22%3A%22icon_opt%22%2C%22icon_type%22%3A%22fontawesome%22%2C%22icon_op%22%3A%22vc-oi%20vc-oi-dial%22%2C%22icon_ty%22%3A%22typcn%20typcn-adjust-brightness%22%2C%22icon_ent%22%3A%22entypo-icon%20entypo-icon-note%22%2C%22icon_ln%22%3A%22vc_li%20vc_li-heart%22%2C%22icon_ms%22%3A%22vc-mono%20vc-mono-apple%22%2C%22icon_mat%22%3A%22vc-material%20vc-material-3d_rotation%22%2C%22icon_linear%22%3A%22lnr%20lnr-select%22%2C%22icon_themify%22%3A%22ti-wand%22%2C%22funfact_counter%22%3A%22100%22%2C%22funfact_title%22%3A%22MILH%C3%95ES%20DE%20VIEWS%20POR%20M%C3%8AS%22%7D%2C%7B%22is_icon%22%3A%22hide%22%2C%22icon_or_image%22%3A%22icon_opt%22%2C%22icon_type%22%3A%22fontawesome%22%2C%22icon_op%22%3A%22vc-oi%20vc-oi-dial%22%2C%22icon_ty%22%3A%22typcn%20typcn-adjust-brightness%22%2C%22icon_ent%22%3A%22entypo-icon%20entypo-icon-note%22%2C%22icon_ln%22%3A%22vc_li%20vc_li-heart%22%2C%22icon_ms%22%3A%22vc-mono%20vc-mono-apple%22%2C%22icon_mat%22%3A%22vc-material%20vc-material-3d_rotation%22%2C%22icon_linear%22%3A%22lnr%20lnr-select%22%2C%22icon_themify%22%3A%22ti-wand%22%2C%22funfact_counter%22%3A%221%22%2C%22funfact_title%22%3A%22PETABYTE%20POR%20M%C3%8AS%22%7D%5D&#8221;][inova_raw_html]<\/p>\n<div id=\"gov\" style=\"width: 100%; height: 20px; float: lef; margin: 0px; padding: 0px;\"><\/div>\n<p>[\/inova_raw_html][\/vc_column][\/vc_row][vc_row][vc_column][vc_empty_space][\/vc_column][vc_column width=&#8221;1\/6&#8243;][\/vc_column][vc_column width=&#8221;4\/6&#8243;][inova_power_feature icon_or_image=&#8221;image_opt&#8221; title_text_transform=&#8221;inherit&#8221; power_feature_title=&#8221;Transmita em aplicativo para smart TV com tecnologia Nvidia&#8221; icon_image=&#8221;10382&#8243;]Sua transmiss\u00e3o em smart TVs com os <a href=\"https:\/\/www.nvidia.com\/pt-br\/design-visualization\/solutions\/rendering\/\">processadores de v\u00eddeos mais avan\u00e7ados do mundo<\/a>, garantindo o bom desempenho durante o processamento e convers\u00e3o de seu conte\u00fado, com imagens de alta defini\u00e7\u00e3o.[\/inova_power_feature][vc_empty_space height=&#8221;10px&#8221;][vc_empty_space height=&#8221;10px&#8221;][vc_separator border_width=&#8221;2&#8243;][\/vc_column][vc_column width=&#8221;1\/6&#8243;][\/vc_column][vc_column][\/vc_column][\/vc_row][vc_row css=&#8221;.vc_custom_1590586078154{margin-right: 10% !important;margin-left: 10% !important;}&#8221;][vc_column][vc_empty_space height=&#8221;70px&#8221;][inova_section_title title_style_one=&#8221;&#8221; title_text=&#8221;Cases de sucesso&#8221; subtitle_text=&#8221;&#8221;][vc_tta_pageable no_fill_content_area=&#8221;1&#8243; active_section=&#8221;1&#8243; pagination_style=&#8221;flat-rounded&#8221; pagination_color=&#8221;sky&#8221;][vc_tta_section tab_id=&#8221;case-de-sucesso-band-campinas&#8221;][vc_column_text]<\/p>\n<div style=\"display: flex; justify-content: center;\"><iframe loading=\"lazy\" style=\"max-width: 100%;\" src=\"https:\/\/player.jmvstream.com\/GABVbodAEtgzfslejLJCLmCTkVmc4I\/gu72m1e1i2f0cc\" width=\"600\" height=\"338\" frameborder=\"0\" allowfullscreen=\"allowfullscreen\"><\/iframe><\/div>\n<p>[\/vc_column_text][inova_section_title title_style_one=&#8221;&#8221; title_text=&#8221;Band Campinas&#8221; subtitle_text=&#8221;S\u00e3o mais de 40 anos de hist\u00f3ria e uma audi\u00eancia incompar\u00e1vel, com tr\u00eas emissoras de r\u00e1dios e uma emissora de TV a rede alcan\u00e7a p\u00fablicos de todos os estilos&#8221;][\/vc_tta_section][vc_tta_section tab_id=&#8221;case-de-sucess-tv-ad-belem&#8221;][vc_column_text]<\/p>\n<div style=\"display: flex; justify-content: center;\"><iframe loading=\"lazy\" style=\"max-width: 100%;\" src=\"https:\/\/player.jmvstream.com\/GABVbodAEtgzfslejLJCLmCTkVmc4I\/3f9ulj1dj014bde\" width=\"600\" height=\"338\" frameborder=\"0\" allowfullscreen=\"allowfullscreen\"><\/iframe><\/div>\n<p>[\/vc_column_text][inova_section_title title_style_one=&#8221;&#8221; title_text=&#8221;Portal Sistema MPA&#8221; subtitle_text=&#8221;Maior grupo de comunica\u00e7\u00e3o da regi\u00e3o Centro-Oeste de Minas. S\u00e3o tr\u00eas emissoras de r\u00e1dio, um Outdoor e um Portal de Not\u00edcias, que est\u00e1 entre os tr\u00eas mais acessados de Minas Gerais.&#8221;][\/vc_tta_section][vc_tta_section tab_id=&#8221;case-de-sucesso-sistema-mpa&#8221;][vc_column_text]<\/p>\n<div style=\"display: flex; justify-content: center;\"><iframe loading=\"lazy\" style=\"max-width: 100%;\" src=\"https:\/\/player.jmvstream.com\/GABVbodAEtgzfslejLJCLmCTkVmc4I\/hdu81l1dogsmdm8\" width=\"600\" height=\"338\" frameborder=\"0\" allowfullscreen=\"allowfullscreen\"><\/iframe><\/div>\n<p>[\/vc_column_text][inova_section_title title_style_one=&#8221;&#8221; title_text=&#8221;TV AD Bel\u00e9m&#8221; subtitle_text=&#8221;A Igreja AD Bel\u00e9m, sede em S\u00e3o Paulo capital \u00e9 uma das maiores Igrejas evang\u00e9licas do estado. Com mais de 90 anos de funda\u00e7\u00e3o, possui cerca de 1 milh\u00e3o de fi\u00e9is. Sua premissa \u00e9 ser um ex\u00e9rcito de adoradores, levando a palavra de Deus de todas as formas poss\u00edveis.&#8221;][\/vc_tta_section][\/vc_tta_pageable][\/vc_column][vc_column][vc_empty_space height=&#8221;50px&#8221;][vc_separator el_width=&#8221;90&#8243;][\/vc_column][\/vc_row][vc_row parallax=&#8221;content-moving&#8221; parallax_image=&#8221;3433&#8243; section_templte=&#8221;seo-features3&#8243; seo_full_feature_pb=&#8221;114px&#8221; el_id=&#8221;features&#8221; css=&#8221;.vc_custom_1590525083660{background-position: center;background-repeat: no-repeat;background-size:cover;}&#8221;][vc_column][inova_image_half_container image_half_style=&#8221;style_6&#8243; image_half_style_six=&#8221;&#8221; title_text=&#8221;Fale com nossos consultores!&#8221; stitle_text_transform=&#8221;inherit&#8221; subtitle_text=&#8221;Solicite o contato de um especialista em solu\u00e7\u00f5es para transmiss\u00e3o em aplicativos de smart TV preenchendo o formul\u00e1rio abaixo.&#8221; subtitle_font_size=&#8221;18px&#8221; btn_radius=&#8221;50px&#8221; btn_plr=&#8221;80px&#8221; btn_text_color=&#8221;#ffffff&#8221; btn_bg_color=&#8221;#ff8000&#8243; btn_bdr_color=&#8221;rgba(255,255,255,0.75)&#8221; btn_bdr_width=&#8221;2px&#8221; btn_hover_text_color=&#8221;#ffffff&#8221; btn_hover_bg_color=&#8221;#1574d4&#8243; btn_hover_bdr_color=&#8221;#1574d4&#8243; full_height=&#8221;full&#8221; button_url=&#8221;url:https%3A%2F%2Fjmvstream.com%2Fcontato|title:Falar%20com%20um%20especialista!|target:%20_blank|&#8221; single_image=&#8221;8550&#8243;][vc_empty_space height=&#8221;50px&#8221;][\/vc_column][\/vc_row][vc_row equal_height=&#8221;yes&#8221; content_placement=&#8221;middle&#8221; content_alignment=&#8221;text-justify&#8221; row_bg_repeat=&#8221;no-repeat&#8221; is_row_overlay=&#8221;overlay&#8221; row_overlay_type=&#8221;solid&#8221; row_overlay_solid=&#8221;#242424&#8243; row_overlay_opacity=&#8221;0.85&#8243; css=&#8221;.vc_custom_1599597705336{background-color: #242424 !important;}&#8221; row_bg_image=&#8221;9812&#8243;][vc_column][inova_short_address title_style_one=&#8221;&#8221; title_text=&#8221;Amamos o que fazemos 7 dias por semana!&#8221; subtitle_text=&#8221;JMV Stream faz parte do grupo JMV Technology, uma holding nacional focada em solu\u00e7\u00f5es de tecnologia e na experi\u00eancia do usu\u00e1rio. Com mais de 10 marcas e h\u00e1 mais 16 anos no mercado, atendemos mais de 6 mil clientes espalhados pelo mundo!&#8221; address_column=&#8221;4&#8243; title_color=&#8221;#ffffff&#8221; content_color=&#8221;#ffffff&#8221; address_items=&#8221;%5B%7B%22address_heading%22%3A%22Sede%20Brasil%22%2C%22address_heading_items%22%3A%22%255B%257B%2522address_heading_item%2522%253A%2522Campinas%2520-%2520S%25C3%25A3o%2520Paulo%2520%252F%2520Brasil%2522%257D%255D%22%7D%2C%7B%22address_heading%22%3A%22Sede%20Brasil%22%2C%22address_heading_items%22%3A%22%255B%257B%2522address_heading_item%2522%253A%2522Divin%25C3%25B3polis%2520-%2520Minas%2520Gerais%2520%252F%2520brasil%2522%257D%255D%22%7D%2C%7B%22address_heading%22%3A%22Sede%20Portugal%22%2C%22address_heading_items%22%3A%22%255B%257B%2522address_heading_item%2522%253A%2522Odivelas%2520-%2520Lisboa%2520%252F%2520Portugal%2522%257D%255D%22%7D%5D&#8221; stitle_color=&#8221;#ffffff&#8221; subtitle_color=&#8221;#ffffff&#8221;][\/vc_column][\/vc_row]<\/p>\n<\/div>","protected":false},"excerpt":{"rendered":"<p>[vc_row full_width=&#8221;stretch_row_content_no_spaces&#8221; el_id=&#8221;home&#8221;][vc_column][inova_hero_startup_video btn_radius=&#8221;0px&#8221; btn_ptb=&#8221;20px&#8221; btn_plr=&#8221;20px&#8221; btn_text_color=&#8221;#8224e3&#8243; btn_bg_color=&#8221;#ff8000&#8243; btn_bdr_color=&#8221;#ff0000&#8243; btn_bdr_width=&#8221;2px&#8221; btn_hover_text_color=&#8221;#81d742&#8243; btn_hover_bg_color=&#8221;#1e73be&#8221; btn_hover_bdr_color=&#8221;#eeee22&#8243; hero_bg_video=&#8221;https:\/\/jmvstream.com\/wp-content\/uploads\/2020\/05\/Aplicativo-para-smart-tv-video-background-1-1.mp4&#8243; hero_title=&#8221;Transmita<\/p>\n","protected":false},"author":45,"featured_media":0,"parent":0,"menu_order":0,"comment_status":"closed","ping_status":"closed","template":"page-homepage.php","meta":{"footnotes":""},"class_list":["post-7802","page","type-page","status-publish","hentry"],"aioseo_notices":[],"_links":{"self":[{"href":"https:\/\/jmvstream.com\/pt-br\/wp-json\/wp\/v2\/pages\/7802","targetHints":{"allow":["GET"]}}],"collection":[{"href":"https:\/\/jmvstream.com\/pt-br\/wp-json\/wp\/v2\/pages"}],"about":[{"href":"https:\/\/jmvstream.com\/pt-br\/wp-json\/wp\/v2\/types\/page"}],"author":[{"embeddable":true,"href":"https:\/\/jmvstream.com\/pt-br\/wp-json\/wp\/v2\/users\/45"}],"replies":[{"embeddable":true,"href":"https:\/\/jmvstream.com\/pt-br\/wp-json\/wp\/v2\/comments?post=7802"}],"version-history":[{"count":0,"href":"https:\/\/jmvstream.com\/pt-br\/wp-json\/wp\/v2\/pages\/7802\/revisions"}],"wp:attachment":[{"href":"https:\/\/jmvstream.com\/pt-br\/wp-json\/wp\/v2\/media?parent=7802"}],"curies":[{"name":"wp","href":"https:\/\/api.w.org\/{rel}","templated":true}]}}