{"id":5637,"date":"2019-09-02T12:52:08","date_gmt":"2019-09-02T15:52:08","guid":{"rendered":"https:\/\/jmvstream.com\/?page_id=5637"},"modified":"2021-06-16T12:17:03","modified_gmt":"2021-06-16T15:17:03","slug":"streaming-para-emissoras-de-radio-e-tv","status":"publish","type":"page","link":"https:\/\/jmvstream.com\/pt-br\/streaming-para-emissoras-de-radio-e-tv\/","title":{"rendered":"Streaming para Emissoras de R\u00e1dio e TV"},"content":{"rendered":"<div class=\"wpb-content-wrapper\"><p>[vc_row full_width=&#8221;stretch_row_content_no_spaces&#8221; el_id=&#8221;home&#8221;][vc_column][inova_hero_startup_video btn_radius=&#8221;0px&#8221; btn_ptb=&#8221;20px&#8221; btn_plr=&#8221;20px&#8221; btn_text_color=&#8221;#8224e3&#8243; btn_bg_color=&#8221;#ff8000&#8243; btn_bdr_color=&#8221;#ff0000&#8243; btn_bdr_width=&#8221;2px&#8221; btn_hover_text_color=&#8221;#81d742&#8243; btn_hover_bg_color=&#8221;#1e73be&#8221; btn_hover_bdr_color=&#8221;#eeee22&#8243; hero_bg_video=&#8221;https:\/\/jmvstream.com\/wp-content\/uploads\/2019\/10\/video-gerar-renda-com-sua-audiencia-jmv-stream-streaming-para-emissoras-de-radio-e-tv-ferramentas-de-monetizacao-redes-sociais_1.mp4&#8243; hero_title=&#8221;GERE RENDA COM SUA AUDI\u00caNCIA NA INTERNET&#8221; startup_hero_button=&#8221;url:https%3A%2F%2Fjmvstream.com%2Fpt-br%2Fcontato%2F|title:Quero%20or%C3%A7amento!|target:%20_blank|&#8221; startup_client_slider=&#8221;%5B%7B%22slider_image%22%3A%225868%22%7D%2C%7B%22slider_image%22%3A%225871%22%7D%2C%7B%22slider_image%22%3A%225874%22%7D%2C%7B%22slider_image%22%3A%225877%22%7D%2C%7B%22slider_image%22%3A%225880%22%7D%2C%7B%22slider_image%22%3A%225883%22%7D%5D&#8221; title_color=&#8221;#ffffff&#8221; title_font_size=&#8221;36px&#8221; hero_subtitle=&#8221;Voc\u00ea tem a informa\u00e7\u00e3o, voc\u00ea tem o poder! Existe espa\u00e7o para todos os ve\u00edculos de comunica\u00e7\u00e3o, pequenos, m\u00e9dios e grandes. Voc\u00ea domina a informa\u00e7\u00e3o na sua regi\u00e3o. Produza conte\u00fados em v\u00eddeo, live ou gravado e retransmita para as redes sociais de forma inteligente.&#8221; subtitle_font_size=&#8221;16px&#8221;][\/vc_column][\/vc_row][vc_row full_width=&#8221;stretch_row&#8221; css=&#8221;.vc_custom_1569612869569{background-color: #fafafa !important;}&#8221;][vc_column][vc_empty_space height=&#8221;70&#8243;][inova_section_title title_styles=&#8221;style_3&#8243; title_style_three=&#8221;&#8221; title_text=&#8221;Como voc\u00ea tem levado a informa\u00e7\u00e3o aos seus ouvintes e espectadores?&#8221; title_text_transform=&#8221;inherit&#8221; subtitle_text=&#8221;&#8221;][vc_empty_space height=&#8221;20&#8243;][inova_raw_html]<\/p>\n<div style=\"display: flex; justify-content: center;\"><iframe loading=\"lazy\" style=\"max-width: 100%;\" src=\"https:\/\/player.jmvstream.com\/GABVbodAEtgzfslejLJCLmCTkVmc4I\/ja074t1dgg9g7n9\" width=\"940\" height=\"510\" frameborder=\"0\" allowfullscreen=\"allowfullscreen\"><\/iframe><\/div>\n<p>[\/inova_raw_html][vc_empty_space height=&#8221;50&#8243;][inova_section_subtitle description_font_size=&#8221;16px&#8221; subtitle_text=&#8221;As redes sociais alcan\u00e7am milh\u00f5es de pessoas, mas devem ser utilizadas como um meio e n\u00e3o um fim. Melhor do que ter audi\u00eancia \u00e9 ter uma audi\u00eancia rent\u00e1vel. Traga audi\u00eancia para seu site e gere renda com conte\u00fados na internet.&#8221;][vc_empty_space height=&#8221;50&#8243;][\/vc_column][\/vc_row][vc_row section_templte=&#8221;features-area2&#8243;][vc_column][inova_image_half_container image_half_style=&#8221;style_11&#8243; image_half_style_eleven=&#8221;&#8221; title_text=&#8221;Live Social&#8221; stitle_font_weight=&#8221;300&#8243; subtitle_text=&#8221;Transmita ao vivo simult\u00e2neamente para Instagram, Facebook, YouTube, Twitter, Twitch TV e para o seu site em diversas contas, perfis, grupos e p\u00e1ginas para capturar leads de todas as redes sociais.&#8221; subtitle_font_size=&#8221;18px&#8221; btn_radius=&#8221;50px&#8221; btn_text_color=&#8221;#1574d4&#8243; btn_bg_color=&#8221;&#8221; btn_bdr_color=&#8221;#1574d4&#8243; btn_hover_text_color=&#8221;#ffffff&#8221; btn_hover_bg_color=&#8221;#1574d4&#8243; btn_hover_bdr_color=&#8221;#1574d4&#8243; full_height=&#8221;full&#8221; single_image=&#8221;4215&#8243; button_url=&#8221;|||&#8221;][\/vc_column][\/vc_row][vc_row css=&#8221;.vc_custom_1569608694111{background-color: #fafafa !important;}&#8221;][vc_column][inova_feature_with_icon title_style_one=&#8221;&#8221; title_text=&#8221;Ferramentas de monetiza\u00e7\u00e3o&#8221; subtitle_text=&#8221;Recursos exclusivos para aumentar a interatividade com seu p\u00fablico,capturar leads e multiplicar os seus ganhos.&#8221; subtitle_font_size=&#8221;17px&#8221; feature_styles=&#8221;style_13&#8243; feature_style_thirteen=&#8221;&#8221; f_bg_color=&#8221;#fafafa&#8221; inova_fwi=&#8221;%5B%7B%22icon_or_image%22%3A%22image_opt%22%2C%22icon_image%22%3A%225806%22%2C%22icon_type%22%3A%22fontawesome%22%2C%22icon_fw%22%3A%22fa%20fa-handshake-o%22%2C%22icon_op%22%3A%22vc-oi%20vc-oi-dial%22%2C%22icon_ty%22%3A%22typcn%20typcn-adjust-brightness%22%2C%22icon_ent%22%3A%22entypo-icon%20entypo-icon-note%22%2C%22icon_ln%22%3A%22vc_li%20vc_li-heart%22%2C%22icon_ms%22%3A%22vc-mono%20vc-mono-apple%22%2C%22icon_mat%22%3A%22vc-material%20vc-material-3d_rotation%22%2C%22icon_linear%22%3A%22lnr%20lnr-select%22%2C%22icon_themify%22%3A%22ti-wand%22%2C%22power_feature_title%22%3A%22ADS%20%22%2C%22feature_content%22%3A%22Espa%C3%A7o%20publicit%C3%A1rio%2C%20em%20v%C3%ADdeo%20ou%20banner%2C%20para%20venda%20de%20an%C3%BAncios%20e%20divulga%C3%A7%C3%A3o%20de%20parceiros.%22%7D%2C%7B%22icon_or_image%22%3A%22image_opt%22%2C%22icon_image%22%3A%225809%22%2C%22icon_type%22%3A%22fontawesome%22%2C%22icon_fw%22%3A%22fa%20fa-handshake-o%22%2C%22icon_op%22%3A%22vc-oi%20vc-oi-dial%22%2C%22icon_ty%22%3A%22typcn%20typcn-adjust-brightness%22%2C%22icon_ent%22%3A%22entypo-icon%20entypo-icon-note%22%2C%22icon_ln%22%3A%22vc_li%20vc_li-heart%22%2C%22icon_ms%22%3A%22vc-mono%20vc-mono-apple%22%2C%22icon_mat%22%3A%22vc-material%20vc-material-3d_rotation%22%2C%22icon_linear%22%3A%22lnr%20lnr-select%22%2C%22icon_themify%22%3A%22ti-wand%22%2C%22power_feature_title%22%3A%22Estat%C3%ADsticas%22%2C%22feature_content%22%3A%22Relat%C3%B3rios%20completos%20e%20em%20tempo%20real%20sobre%20a%20audi%C3%AAncia%20dos%20programas%20e%20an%C3%BAncios.%22%7D%2C%7B%22icon_or_image%22%3A%22image_opt%22%2C%22icon_image%22%3A%225812%22%2C%22icon_type%22%3A%22fontawesome%22%2C%22icon_fw%22%3A%22fa%20fa-handshake-o%22%2C%22icon_op%22%3A%22vc-oi%20vc-oi-dial%22%2C%22icon_ty%22%3A%22typcn%20typcn-adjust-brightness%22%2C%22icon_ent%22%3A%22entypo-icon%20entypo-icon-note%22%2C%22icon_ln%22%3A%22vc_li%20vc_li-heart%22%2C%22icon_ms%22%3A%22vc-mono%20vc-mono-apple%22%2C%22icon_mat%22%3A%22vc-material%20vc-material-3d_rotation%22%2C%22icon_linear%22%3A%22lnr%20lnr-select%22%2C%22icon_themify%22%3A%22ti-wand%22%2C%22power_feature_title%22%3A%22Captura%20de%20Leads%22%2C%22feature_content%22%3A%22Obtenha%20o%20e-mail%20e%2Fou%20WhatsApp%20do%20seu%20p%C3%BAblico.%22%7D%2C%7B%22icon_or_image%22%3A%22image_opt%22%2C%22icon_image%22%3A%225815%22%2C%22icon_type%22%3A%22fontawesome%22%2C%22icon_fw%22%3A%22fa%20fa-handshake-o%22%2C%22icon_op%22%3A%22vc-oi%20vc-oi-dial%22%2C%22icon_ty%22%3A%22typcn%20typcn-adjust-brightness%22%2C%22icon_ent%22%3A%22entypo-icon%20entypo-icon-note%22%2C%22icon_ln%22%3A%22vc_li%20vc_li-heart%22%2C%22icon_ms%22%3A%22vc-mono%20vc-mono-apple%22%2C%22icon_mat%22%3A%22vc-material%20vc-material-3d_rotation%22%2C%22icon_linear%22%3A%22lnr%20lnr-select%22%2C%22icon_themify%22%3A%22ti-wand%22%2C%22power_feature_title%22%3A%22Chat%22%2C%22feature_content%22%3A%22Aumente%20%20o%20engajamento%20de%20suas%20transmiss%C3%B5es%20com%20intera%C3%A7%C3%A3o%20do%20seu%20p%C3%BAblico%20em%20tempo%20real.%22%7D%2C%7B%22icon_or_image%22%3A%22image_opt%22%2C%22icon_image%22%3A%225818%22%2C%22icon_type%22%3A%22fontawesome%22%2C%22icon_fw%22%3A%22fa%20fa-handshake-o%22%2C%22icon_op%22%3A%22vc-oi%20vc-oi-dial%22%2C%22icon_ty%22%3A%22typcn%20typcn-adjust-brightness%22%2C%22icon_ent%22%3A%22entypo-icon%20entypo-icon-note%22%2C%22icon_ln%22%3A%22vc_li%20vc_li-heart%22%2C%22icon_ms%22%3A%22vc-mono%20vc-mono-apple%22%2C%22icon_mat%22%3A%22vc-material%20vc-material-3d_rotation%22%2C%22icon_linear%22%3A%22lnr%20lnr-select%22%2C%22icon_themify%22%3A%22ti-wand%22%2C%22power_feature_title%22%3A%22Enquetes%20com%20vota%C3%A7%C3%A3o%20%22%2C%22feature_content%22%3A%22Participa%C3%A7%C3%A3o%20dos%20seus%20ouvintes%20e%20espectadores%20respondendo%20a%20perguntas%20durante%20os%20programas.%22%7D%2C%7B%22icon_or_image%22%3A%22image_opt%22%2C%22icon_image%22%3A%225821%22%2C%22icon_type%22%3A%22fontawesome%22%2C%22icon_fw%22%3A%22fa%20fa-handshake-o%22%2C%22icon_op%22%3A%22vc-oi%20vc-oi-dial%22%2C%22icon_ty%22%3A%22typcn%20typcn-adjust-brightness%22%2C%22icon_ent%22%3A%22entypo-icon%20entypo-icon-note%22%2C%22icon_ln%22%3A%22vc_li%20vc_li-heart%22%2C%22icon_ms%22%3A%22vc-mono%20vc-mono-apple%22%2C%22icon_mat%22%3A%22vc-material%20vc-material-3d_rotation%22%2C%22icon_linear%22%3A%22lnr%20lnr-select%22%2C%22icon_themify%22%3A%22ti-wand%22%2C%22power_feature_title%22%3A%22Sorteios%22%2C%22feature_content%22%3A%22Realize%20sorteios%20ao%20vivo%20de%20forma%20simples%20e%20transparente%2C%20com%20resultados%20%5Cnautom%C3%A1ticos.%22%7D%5D&#8221;][\/vc_column][\/vc_row][vc_row][vc_column][vc_empty_space][\/vc_column][vc_column width=&#8221;1\/6&#8243;][\/vc_column][vc_column width=&#8221;4\/6&#8243;][inova_power_feature icon_or_image=&#8221;image_opt&#8221; title_text_transform=&#8221;inherit&#8221; power_feature_title=&#8221;Plataforma de streaming com tecnologia Nvidia&#8221; icon_image=&#8221;10372&#8243;]Transmitindo o conte\u00fado da sua emissora com auxilio das placas de v\u00eddeo mais avan\u00e7adas do mundo. Garantindo uma \u00f3tima experi\u00eancia para seus espectadores, com imagens em alta defini\u00e7\u00e3o.[\/inova_power_feature][vc_empty_space height=&#8221;10px&#8221;][vc_empty_space height=&#8221;10px&#8221;][vc_separator border_width=&#8221;2&#8243;][\/vc_column][vc_column width=&#8221;1\/6&#8243;][\/vc_column][\/vc_row][vc_row section_templte=&#8221;features-area2&#8243; css=&#8221;.vc_custom_1570217286352{padding-top: 50px !important;padding-bottom: 50px !important;}&#8221;][vc_column][inova_image_half_container image_half_style=&#8221;style_10&#8243; image_half_style_ten=&#8221;&#8221; title_text=&#8221;Gere renda em um cen\u00e1rio dominado pelas redes sociais&#8221; stitle_font_weight=&#8221;300&#8243; subtitle_text=&#8221;Conhe\u00e7a estrat\u00e9gias inteligentes que emissoras de qualquer porte podem aplicar para dar in\u00edcio a um ciclo que abre infinitas possibilidades e equil\u00edbrio de for\u00e7as.&#8221; subtitle_font_size=&#8221;18px&#8221; btn_radius=&#8221;50px&#8221; btn_text_color=&#8221;#ed8536&#8243; btn_bg_color=&#8221;#ffffff&#8221; btn_bdr_color=&#8221;#ed8536&#8243; btn_hover_text_color=&#8221;#ffffff&#8221; btn_hover_bg_color=&#8221;#ed8536&#8243; btn_hover_bdr_color=&#8221;#ed8536&#8243; full_height=&#8221;full&#8221; single_image=&#8221;5902&#8243; button_url=&#8221;url:https%3A%2F%2Fjmvstream.com%2Fpt-br%2Fcontato%2F|title:Solicite%20uma%20demonstra%C3%A7%C3%A3o!|target:%20_blank|&#8221;][\/vc_column][\/vc_row][vc_row is_row_overlay=&#8221;overlay&#8221; row_gradient_type=&#8221;linear&#8221; row_linear_gradient_angle=&#8221;-15&#8243; row_overlay_opacity=&#8221;0.94&#8243; section_templte=&#8221;fun-fact-area&#8221; row_bg_image=&#8221;1805&#8243;][vc_column][inova_funfact_item funfact_styles=&#8221;style_2&#8243; funfact_style_two=&#8221;&#8221; counter_font_weight=&#8221;700&#8243; title_color=&#8221;#ffffff&#8221; funfact_counter=&#8221;360&#8243; funfact_title=&#8221;People Use Inovalab&#8221; inova_ffacts=&#8221;%5B%7B%22is_icon%22%3A%22hide%22%2C%22icon_or_image%22%3A%22icon_opt%22%2C%22icon_type%22%3A%22fontawesome%22%2C%22icon_op%22%3A%22vc-oi%20vc-oi-dial%22%2C%22icon_ty%22%3A%22typcn%20typcn-adjust-brightness%22%2C%22icon_ent%22%3A%22entypo-icon%20entypo-icon-note%22%2C%22icon_ln%22%3A%22vc_li%20vc_li-heart%22%2C%22icon_ms%22%3A%22vc-mono%20vc-mono-apple%22%2C%22icon_mat%22%3A%22vc-material%20vc-material-3d_rotation%22%2C%22icon_linear%22%3A%22lnr%20lnr-select%22%2C%22icon_themify%22%3A%22ti-wand%22%2C%22funfact_counter%22%3A%226.000%22%2C%22funfact_title%22%3A%22CLIENTES%20SATISFEITOS%22%7D%2C%7B%22is_icon%22%3A%22hide%22%2C%22icon_or_image%22%3A%22icon_opt%22%2C%22icon_type%22%3A%22fontawesome%22%2C%22icon_op%22%3A%22vc-oi%20vc-oi-dial%22%2C%22icon_ty%22%3A%22typcn%20typcn-adjust-brightness%22%2C%22icon_ent%22%3A%22entypo-icon%20entypo-icon-note%22%2C%22icon_ln%22%3A%22vc_li%20vc_li-heart%22%2C%22icon_ms%22%3A%22vc-mono%20vc-mono-apple%22%2C%22icon_mat%22%3A%22vc-material%20vc-material-3d_rotation%22%2C%22icon_linear%22%3A%22lnr%20lnr-select%22%2C%22icon_themify%22%3A%22ti-wand%22%2C%22funfact_counter%22%3A%22100%22%2C%22funfact_title%22%3A%22MILH%C3%95ES%20DE%20VIEWS%20POR%20M%C3%8AS%22%7D%2C%7B%22is_icon%22%3A%22hide%22%2C%22icon_or_image%22%3A%22icon_opt%22%2C%22icon_type%22%3A%22fontawesome%22%2C%22icon_op%22%3A%22vc-oi%20vc-oi-dial%22%2C%22icon_ty%22%3A%22typcn%20typcn-adjust-brightness%22%2C%22icon_ent%22%3A%22entypo-icon%20entypo-icon-note%22%2C%22icon_ln%22%3A%22vc_li%20vc_li-heart%22%2C%22icon_ms%22%3A%22vc-mono%20vc-mono-apple%22%2C%22icon_mat%22%3A%22vc-material%20vc-material-3d_rotation%22%2C%22icon_linear%22%3A%22lnr%20lnr-select%22%2C%22icon_themify%22%3A%22ti-wand%22%2C%22funfact_counter%22%3A%221%22%2C%22funfact_title%22%3A%22PETABYTE%20POR%20M%C3%8AS%22%7D%5D&#8221;][inova_raw_html]<\/p>\n<div id=\"gov\" style=\"width: 100%; height: 20px; float: lef; margin: 0px; padding: 0px;\"><\/div>\n<p>[\/inova_raw_html][\/vc_column][\/vc_row][vc_row full_width=&#8221;stretch_row&#8221; content_placement=&#8221;bottom&#8221; row_bg_repeat=&#8221;repeat&#8221; is_row_overlay=&#8221;overlay&#8221; row_overlay_type=&#8221;solid&#8221; row_overlay_solid=&#8221;#ffffff&#8221; row_overlay_opacity=&#8221;0.8&#8243; section_templte=&#8221;features-area2&#8243;][vc_column][inova_image_half_container image_half_style=&#8221;style_6&#8243; image_half_style_six=&#8221;&#8221; title_text=&#8221;Fale com nossos consultores!&#8221; stitle_font_weight=&#8221;300&#8243; stitle_text_transform=&#8221;inherit&#8221; subtitle_text=&#8221;Acesse o formul\u00e1rio abaixo e fale com um de nossos consultores<br \/>\nem solu\u00e7\u00f5es para emissoras de R\u00e1dio e TV.&#8221; btn_radius=&#8221;50px&#8221; btn_plr=&#8221;80px&#8221; btn_text_color=&#8221;#ffffff&#8221; btn_bg_color=&#8221;#ff8000&#8243; btn_bdr_color=&#8221;rgba(255,255,255,0.75)&#8221; btn_bdr_width=&#8221;2px&#8221; btn_hover_text_color=&#8221;#ffffff&#8221; btn_hover_bg_color=&#8221;#1574d4&#8243; btn_hover_bdr_color=&#8221;#1574d4&#8243; full_height=&#8221;full&#8221; button_url=&#8221;url:https%3A%2F%2Fjmvstream.com%2Fpt-br%2Fcontato%2F|title:Falar%20com%20um%20especialista!|target:%20_blank|&#8221; single_image=&#8221;4187&#8243;][\/vc_column][\/vc_row][vc_row equal_height=&#8221;yes&#8221; content_placement=&#8221;middle&#8221; content_alignment=&#8221;text-justify&#8221; row_bg_repeat=&#8221;no-repeat&#8221; is_row_overlay=&#8221;overlay&#8221; row_overlay_type=&#8221;solid&#8221; row_overlay_solid=&#8221;#242424&#8243; row_overlay_opacity=&#8221;0.85&#8243; css=&#8221;.vc_custom_1599598404467{background-color: #242424 !important;}&#8221; row_bg_image=&#8221;9827&#8243;][vc_column][inova_short_address title_style_one=&#8221;&#8221; title_text=&#8221;Amamos o que fazemos 7 dias por semana!&#8221; subtitle_text=&#8221;A JMV Stream faz parte da JMV Technology, uma holding nacional focada em solu\u00e7\u00f5es de tecnologia e na experi\u00eancia do usu\u00e1rio. Com mais de 10 marcas e h\u00e1 mais 16 anos no mercado, atendemos mais de 6 mil clientes espalhados pelo mundo!&#8221; address_column=&#8221;4&#8243; title_color=&#8221;#ffffff&#8221; content_color=&#8221;#ffffff&#8221; address_items=&#8221;%5B%7B%22address_heading%22%3A%22Sede%20Brasil%22%2C%22address_heading_items%22%3A%22%255B%257B%2522address_heading_item%2522%253A%2522Campinas%2520-%2520S%25C3%25A3o%2520Paulo%2520%252F%2520Brasil%2522%257D%255D%22%7D%2C%7B%22address_heading%22%3A%22Sede%20Brasil%22%2C%22address_heading_items%22%3A%22%255B%257B%2522address_heading_item%2522%253A%2522Divin%25C3%25B3polis%2520-%2520Minas%2520Gerais%2520%252F%2520brasil%2522%257D%255D%22%7D%2C%7B%22address_heading%22%3A%22Sede%20Portugal%22%2C%22address_heading_items%22%3A%22%255B%257B%2522address_heading_item%2522%253A%2522Odivelas%2520-%2520Lisboa%2520%252F%2520Portugal%2522%257D%255D%22%7D%5D&#8221; stitle_color=&#8221;#ffffff&#8221; subtitle_color=&#8221;#ffffff&#8221;][\/vc_column][\/vc_row]<\/p>\n<\/div>","protected":false},"excerpt":{"rendered":"<p>[vc_row full_width=&#8221;stretch_row_content_no_spaces&#8221; el_id=&#8221;home&#8221;][vc_column][inova_hero_startup_video btn_radius=&#8221;0px&#8221; btn_ptb=&#8221;20px&#8221; btn_plr=&#8221;20px&#8221; btn_text_color=&#8221;#8224e3&#8243; btn_bg_color=&#8221;#ff8000&#8243; btn_bdr_color=&#8221;#ff0000&#8243; btn_bdr_width=&#8221;2px&#8221; btn_hover_text_color=&#8221;#81d742&#8243; btn_hover_bg_color=&#8221;#1e73be&#8221; btn_hover_bdr_color=&#8221;#eeee22&#8243; hero_bg_video=&#8221;https:\/\/jmvstream.com\/wp-content\/uploads\/2019\/10\/video-gerar-renda-com-sua-audiencia-jmv-stream-streaming-para-emissoras-de-radio-e-tv-ferramentas-de-monetizacao-redes-sociais_1.mp4&#8243; hero_title=&#8221;GERE<\/p>\n","protected":false},"author":45,"featured_media":0,"parent":0,"menu_order":0,"comment_status":"closed","ping_status":"closed","template":"page-homepage.php","meta":{"footnotes":""},"class_list":["post-5637","page","type-page","status-publish","hentry"],"aioseo_notices":[],"_links":{"self":[{"href":"https:\/\/jmvstream.com\/pt-br\/wp-json\/wp\/v2\/pages\/5637","targetHints":{"allow":["GET"]}}],"collection":[{"href":"https:\/\/jmvstream.com\/pt-br\/wp-json\/wp\/v2\/pages"}],"about":[{"href":"https:\/\/jmvstream.com\/pt-br\/wp-json\/wp\/v2\/types\/page"}],"author":[{"embeddable":true,"href":"https:\/\/jmvstream.com\/pt-br\/wp-json\/wp\/v2\/users\/45"}],"replies":[{"embeddable":true,"href":"https:\/\/jmvstream.com\/pt-br\/wp-json\/wp\/v2\/comments?post=5637"}],"version-history":[{"count":0,"href":"https:\/\/jmvstream.com\/pt-br\/wp-json\/wp\/v2\/pages\/5637\/revisions"}],"wp:attachment":[{"href":"https:\/\/jmvstream.com\/pt-br\/wp-json\/wp\/v2\/media?parent=5637"}],"curies":[{"name":"wp","href":"https:\/\/api.w.org\/{rel}","templated":true}]}}