{"id":3133,"date":"2018-07-12T08:00:08","date_gmt":"2018-07-12T08:00:08","guid":{"rendered":"https:\/\/jmvstream.com\/?page_id=3133"},"modified":"2023-11-17T18:00:33","modified_gmt":"2023-11-17T21:00:33","slug":"jmv-technology","status":"publish","type":"page","link":"https:\/\/jmvstream.com\/pt-br\/jmv-technology\/","title":{"rendered":"Escolha uma das op\u00e7\u00f5es abaixo:"},"content":{"rendered":"<div class=\"wpb-content-wrapper\"><p>[vc_row css=&#8221;.vc_custom_1640088855194{background-color: #3a3c80 !important;}&#8221;][vc_column][vc_empty_space height=&#8221;150px&#8221;][vc_column_text]<\/p>\n<h2 style=\"text-align: center;\"><strong><span style=\"color: #ffffff;\">Escolha uma das op\u00e7\u00f5es abaixo:<\/span><\/strong><\/h2>\n<p>[\/vc_column_text][vc_empty_space height=&#8221;40px&#8221;][\/vc_column][\/vc_row][vc_row el_class=&#8221;button_color&#8221;][vc_column][vc_empty_space height=&#8221;40px&#8221;][\/vc_column][vc_column width=&#8221;1\/4&#8243;][\/vc_column][vc_column width=&#8221;1\/2&#8243; css=&#8221;.vc_custom_1640090541684{padding-right: 6% !important;padding-left: 6% !important;}&#8221;][vc_btn title=&#8221;Black Friday WebTvs&#8221; style=&#8221;flat&#8221; shape=&#8221;round&#8221; color=&#8221;warning&#8221; align=&#8221;center&#8221; button_block=&#8221;true&#8221; link=&#8221;url:https%3A%2F%2Fwww.sitehosting.com.br%2Fblack-friday-webtv%2F%3Fcp%3DBioInstagram%26gp%3DBlackfriday%26an%3Dwebtv|title:Live%20simult%C3%A2nea%20para%20redes%20sociais|target:_blank&#8221;][vc_btn title=&#8221;Black Friday R\u00e1dios e WebRadios&#8221; style=&#8221;flat&#8221; shape=&#8221;round&#8221; color=&#8221;info&#8221; align=&#8221;center&#8221; button_block=&#8221;true&#8221; link=&#8221;url:https%3A%2F%2Fwww.sitehosting.com.br%2Fblack-friday-para-webradios%2F%3Fcp%3DBioInstagram%26gp%3DBlackfriday%26an%3DWebRadio|title:Live%20simult%C3%A2nea%20para%20redes%20sociais|target:_blank&#8221;][vc_btn title=&#8221;Black Friday Nochalks Aguarde &#8230;&#8221; style=&#8221;flat&#8221; shape=&#8221;round&#8221; color=&#8221;success&#8221; align=&#8221;center&#8221; button_block=&#8221;true&#8221; link=&#8221;url:%23|title:Live%20simult%C3%A2nea%20para%20redes%20sociais&#8221;][vc_btn title=&#8221;Youtube &#8211; PodCast Ao vivo&#8221; style=&#8221;flat&#8221; shape=&#8221;round&#8221; color=&#8221;blue&#8221; align=&#8221;center&#8221; button_block=&#8221;true&#8221; link=&#8221;url:https%3A%2F%2Fwww.youtube.com%2F%40jmvtechnology%2Fstreams%2F%3Futm_source%3DBioInstagram%26utm_medium%3DPodCastYoutube|title:Live%20simult%C3%A2nea%20para%20redes%20sociais|target:_blank&#8221;][vc_btn title=&#8221;Curso Gratuito OBS Studio.&#8221; style=&#8221;flat&#8221; shape=&#8221;round&#8221; color=&#8221;blue&#8221; align=&#8221;center&#8221; button_block=&#8221;true&#8221; link=&#8221;url:https%3A%2F%2Fe-ducating.com%2Fdetails%2Fplan%2Fcurso-gratuito-obs-studio%2F%3Fcp%3DBioInstagram%26gp%3Dcursoobs%26an%3Deducating|title:Tutoriais|target:_blank&#8221;][vc_btn title=&#8221;Ebooks Exclusivos | Canal no Telegram&#8221; style=&#8221;flat&#8221; shape=&#8221;round&#8221; color=&#8221;blue&#8221; align=&#8221;center&#8221; button_block=&#8221;true&#8221; link=&#8221;url:https%3A%2F%2Ft.me%2Fjmvtechnology|title:Acesse%20nosso%20canal%20no%20telegram|target:_blank&#8221;][vc_btn title=&#8221;Falar com Especialista em Solu\u00e7\u00f5es Agora!&#8221; style=&#8221;flat&#8221; shape=&#8221;round&#8221; color=&#8221;blue&#8221; align=&#8221;center&#8221; button_block=&#8221;true&#8221; link=&#8221;url:https%3A%2F%2Fjmvstream.com%2Fpt-br%2Fcontato%2F%3Fcp%3DBioInstagram%26gp%3DFalarEspecialista%26an%3Dpaginacontato|title:Falar%20com%20especialista%20em%20solu%C3%A7%C3%B5es%20de%20streaming%20agora.|target:_blank&#8221;][vc_btn title=&#8221;Vagas.&#8221; style=&#8221;flat&#8221; shape=&#8221;round&#8221; color=&#8221;blue&#8221; align=&#8221;center&#8221; button_block=&#8221;true&#8221; link=&#8221;url:https%3A%2F%2Fjmvtechnology.com%2Fen%2Fjobs%2F%3Fcp%3DBioInstagram%26gp%3Dvagas%26an%3Dvagas|title:Vagas.|target:_blank&#8221;][vc_empty_space height=&#8221;70px&#8221;][\/vc_column][vc_column width=&#8221;1\/4&#8243;][\/vc_column][\/vc_row][vc_row content_alignment=&#8221;text-center&#8221; el_class=&#8221;exibir-em-linha&#8221;][vc_column][vc_empty_space height=&#8221;70px&#8221;][\/vc_column][vc_column width=&#8221;1\/6&#8243;][\/vc_column][vc_column width=&#8221;1\/6&#8243;][vc_single_image image=&#8221;7765&#8243; img_size=&#8221;40&#215;40&#8243; alignment=&#8221;center&#8221; onclick=&#8221;custom_link&#8221; img_link_target=&#8221;_blank&#8221; link=&#8221;https:\/\/www.facebook.com\/JMVTechnology\/&#8221;][\/vc_column][vc_column width=&#8221;1\/6&#8243;][vc_single_image image=&#8221;7774&#8243; img_size=&#8221;40&#215;40&#8243; alignment=&#8221;center&#8221; onclick=&#8221;custom_link&#8221; img_link_target=&#8221;_blank&#8221; link=&#8221;https:\/\/www.youtube.com\/channel\/UClxsxpXD4VTd3LjBABPWAaQ&#8221;][\/vc_column][vc_column width=&#8221;1\/6&#8243;][vc_single_image image=&#8221;7771&#8243; img_size=&#8221;40&#215;40&#8243; alignment=&#8221;center&#8221; onclick=&#8221;custom_link&#8221; img_link_target=&#8221;_blank&#8221; link=&#8221;https:\/\/twitter.com\/jmvtechnology&#8221;][\/vc_column][vc_column width=&#8221;1\/6&#8243;][vc_single_image image=&#8221;7768&#8243; img_size=&#8221;40&#215;40&#8243; alignment=&#8221;center&#8221; onclick=&#8221;custom_link&#8221; img_link_target=&#8221;_blank&#8221; link=&#8221;https:\/\/www.linkedin.com\/notifications\/&#8221;][\/vc_column][vc_column width=&#8221;1\/6&#8243;][\/vc_column][vc_column][vc_empty_space height=&#8221;70px&#8221;][\/vc_column][\/vc_row][vc_row equal_height=&#8221;yes&#8221; content_placement=&#8221;middle&#8221; content_alignment=&#8221;text-justify&#8221; row_bg_repeat=&#8221;no-repeat&#8221; is_row_overlay=&#8221;overlay&#8221; row_overlay_type=&#8221;solid&#8221; row_overlay_solid=&#8221;#242424&#8243; row_overlay_opacity=&#8221;0.9&#8243; css=&#8221;.vc_custom_1559074089236{background-color: #242424 !important;}&#8221; row_bg_image=&#8221;4956&#8243;][vc_column][inova_short_address title_style_one=&#8221;&#8221; title_text=&#8221;Amamos o que fazemos 7 dias por semana!&#8221; subtitle_text=&#8221;Fazemos parte do grupo JMV Technology, uma multinacional com foco em solu\u00e7\u00f5es de tecnologia e na experi\u00eancia do usu\u00e1rio. Desde 2003 trazendo solu\u00e7\u00f5es para mais de 6 mil clientes em 4 continentes.&#8221; address_column=&#8221;4&#8243; title_color=&#8221;#ffffff&#8221; content_color=&#8221;#ffffff&#8221; address_items=&#8221;%5B%7B%22address_heading%22%3A%22Sede%20Brasil%22%2C%22address_heading_items%22%3A%22%255B%257B%2522address_heading_item%2522%253A%2522Campinas%2520-%2520S%25C3%25A3o%2520Paulo%2520%252F%2520Brasil%2522%257D%255D%22%7D%2C%7B%22address_heading%22%3A%22Sede%20Brasil%22%2C%22address_heading_items%22%3A%22%255B%257B%2522address_heading_item%2522%253A%2522Divin%25C3%25B3polis%2520-%2520Minas%2520Gerais%2520%252F%2520Brasil%2522%257D%255D%22%7D%2C%7B%22address_heading%22%3A%22Sede%20Portugal%22%2C%22address_heading_items%22%3A%22%255B%257B%2522address_heading_item%2522%253A%2522Odivelas%2520-%2520Lisboa%2520%252F%2520Portugal%2522%257D%255D%22%7D%5D&#8221; stitle_color=&#8221;#ffffff&#8221; subtitle_color=&#8221;#ffffff&#8221;][\/vc_column][\/vc_row]<\/p>\n<\/div>","protected":false},"excerpt":{"rendered":"<p>[vc_row css=&#8221;.vc_custom_1640088855194{background-color: #3a3c80 !important;}&#8221;][vc_column][vc_empty_space height=&#8221;150px&#8221;][vc_column_text] Escolha uma das op\u00e7\u00f5es abaixo: [\/vc_column_text][vc_empty_space height=&#8221;40px&#8221;][\/vc_column][\/vc_row][vc_row el_class=&#8221;button_color&#8221;][vc_column][vc_empty_space height=&#8221;40px&#8221;][\/vc_column][vc_column width=&#8221;1\/4&#8243;][\/vc_column][vc_column<\/p>\n","protected":false},"author":45,"featured_media":0,"parent":0,"menu_order":0,"comment_status":"closed","ping_status":"closed","template":"page-homepage.php","meta":{"footnotes":""},"class_list":["post-3133","page","type-page","status-publish","hentry"],"aioseo_notices":[],"_links":{"self":[{"href":"https:\/\/jmvstream.com\/pt-br\/wp-json\/wp\/v2\/pages\/3133","targetHints":{"allow":["GET"]}}],"collection":[{"href":"https:\/\/jmvstream.com\/pt-br\/wp-json\/wp\/v2\/pages"}],"about":[{"href":"https:\/\/jmvstream.com\/pt-br\/wp-json\/wp\/v2\/types\/page"}],"author":[{"embeddable":true,"href":"https:\/\/jmvstream.com\/pt-br\/wp-json\/wp\/v2\/users\/45"}],"replies":[{"embeddable":true,"href":"https:\/\/jmvstream.com\/pt-br\/wp-json\/wp\/v2\/comments?post=3133"}],"version-history":[{"count":0,"href":"https:\/\/jmvstream.com\/pt-br\/wp-json\/wp\/v2\/pages\/3133\/revisions"}],"wp:attachment":[{"href":"https:\/\/jmvstream.com\/pt-br\/wp-json\/wp\/v2\/media?parent=3133"}],"curies":[{"name":"wp","href":"https:\/\/api.w.org\/{rel}","templated":true}]}}