{"id":28948,"date":"2024-04-04T18:03:02","date_gmt":"2024-04-04T21:03:02","guid":{"rendered":"https:\/\/jmvstream.com\/?page_id=28948"},"modified":"2024-11-06T16:28:50","modified_gmt":"2024-11-06T19:28:50","slug":"estatisticas-server-side-o-ibope-do-streaming","status":"publish","type":"page","link":"https:\/\/jmvstream.com\/pt-br\/estatisticas-server-side-o-ibope-do-streaming\/","title":{"rendered":"estatisticas server side o ibope do streaming"},"content":{"rendered":"<div class=\"wpb-content-wrapper\"><p>[vc_row row_bg_image=&#8221;29410&#8243;][vc_column][vc_empty_space height=&#8221;170px&#8221;][\/vc_column][vc_column width=&#8221;1\/5&#8243;][\/vc_column][vc_column width=&#8221;3\/5&#8243;][vc_column_text]<\/p>\n<p style=\"text-align: center; font-size: 40px; line-height: 1.2;\"><span style=\"color: #ffffff;\"><b>Estat\u00edsticas Server Side (O Ibope do Streaming)<\/b><\/span><\/p>\n<p>[\/vc_column_text][vc_column_text]<\/p>\n<p style=\"text-align: center;\"><span style=\"color: #ffffff; font-size: 20px;\">Apresentamos a voc\u00ea nossa nova estat\u00edstica, que oferece acesso total \u00e0s informa\u00e7\u00f5es de uso do seu servi\u00e7o de streaming. Ela est\u00e1 pronta para auxiliar no crescimento do seu neg\u00f3cio. \u00c9 a \u00fanica no modelo SaaS que centraliza as informa\u00e7\u00f5es dos planos que voc\u00ea possui conosco. Al\u00e9m de tudo, nosso ibope do streaming \u00e9 homologado com a Kantar Ibope.<br \/>\n<\/span><\/p>\n<p>[\/vc_column_text][vc_btn title=&#8221;Solicite uma demonstra\u00e7\u00e3o!&#8221; shape=&#8221;round&#8221; color=&#8221;warning&#8221; link=&#8221;url:https%3A%2F%2Fjmvstream.com%2Fpt-br%2Fcentral-contato%2F&#8221;][vc_single_image image=&#8221;8639&#8243; img_size=&#8221;full&#8221; alignment=&#8221;center&#8221; onclick=&#8221;custom_link&#8221;][\/vc_column][vc_column width=&#8221;1\/5&#8243;][\/vc_column][vc_column][vc_empty_space height=&#8221;60px&#8221;][\/vc_column][\/vc_row][vc_row css_animation=&#8221;none&#8221; css=&#8221;.vc_custom_1628532722253{background-color: #ffffff !important;}&#8221; el_id=&#8221;escolha-um-plano&#8221;][vc_column][vc_empty_space height=&#8221;50px&#8221;][vc_empty_space height=&#8221;72px&#8221;][\/vc_column][\/vc_row][vc_row css=&#8221;.vc_custom_1592853244842{background-color: #fafafa !important;}&#8221;][vc_column width=&#8221;1\/5&#8243;][\/vc_column][vc_column width=&#8221;3\/5&#8243;][vc_column_text]<\/p>\n<p style=\"text-align: center; font-size: 40px; line-height: 1.2;\"><strong>Veja abaixo como as nossas estat\u00edsticas poder\u00e1 mudar o seu modelo de neg\u00f3cio e alavancar seus lucros!<\/strong><\/p>\n<p>[\/vc_column_text][\/vc_column][vc_column width=&#8221;1\/5&#8243;][\/vc_column][vc_column][inova_raw_html]<\/p>\n<div style=\"display: flex; justify-content: center;\"><iframe loading=\"lazy\" style=\"max-width: 100%; border-radius: 15px;\" src=\"https:\/\/player.jmvstream.com\/GABVbodAEtgzfslejLJCLmCTkVmc4I\/2t6t2a42gy8k5jo\" width=\"800\" height=\"450\" frameborder=\"0\" allowfullscreen=\"allowfullscreen\"><\/iframe><\/div>\n<p>[\/inova_raw_html][vc_empty_space height=&#8221;144&#8243;][\/vc_column][\/vc_row][vc_row css_animation=&#8221;none&#8221; css=&#8221;.vc_custom_1592854054208{background-color: #fafafa !important;}&#8221; el_id=&#8221;escolha-um-conteudo&#8221;][vc_column][\/vc_column][vc_column width=&#8221;1\/5&#8243;][\/vc_column][vc_column css_animation=&#8221;fadeInUp&#8221; width=&#8221;3\/5&#8243;][vc_column_text]<\/p>\n<p style=\"text-align: center; font-size: 48px; line-height: 1.2;\"><strong><\/strong><strong>Estat\u00edsticas por Regi\u00e3o<\/strong><\/p>\n<p>&nbsp;<\/p>\n<p style=\"text-align: center; font-size: 16px;\">Com o nosso ibope do streaming poder\u00e1 acompanhar a quantidade de visualiza\u00e7\u00f5es que seu servi\u00e7o est\u00e1 tendo, com a listagem que mostrar\u00e1 as cidades em que possui espectadores acompanhando seu trabalho. Al\u00e9m disso voce poder\u00e1 acompanhar no mapa onde est\u00e3o estes acessos, fazendo com que seu time comercial tenha argumentos para captar parcerias e expandir os projetos.<\/p>\n<p>[\/vc_column_text][\/vc_column][vc_column width=&#8221;1\/5&#8243;][\/vc_column][vc_column css_animation=&#8221;fadeInUp&#8221;][vc_single_image image=&#8221;29415&#8243; img_size=&#8221;800&#215;400&#8243; alignment=&#8221;center&#8221;][vc_single_image image=&#8221;11517&#8243; img_size=&#8221;50&#215;50&#8243; alignment=&#8221;center&#8221;][vc_empty_space height=&#8221;70&#8243;][vc_separator el_width=&#8221;60&#8243;][\/vc_column][\/vc_row][vc_row css_animation=&#8221;none&#8221; css=&#8221;.vc_custom_1592854054208{background-color: #fafafa !important;}&#8221;][vc_column][vc_empty_space height=&#8221;100px&#8221;][\/vc_column][vc_column width=&#8221;1\/5&#8243;][\/vc_column][vc_column css_animation=&#8221;fadeInUp&#8221; width=&#8221;3\/5&#8243;][vc_column_text]<\/p>\n<p style=\"text-align: center; font-size: 48px; line-height: 1.2;\"><strong>Origem do Streaming<\/strong><\/p>\n<p>&nbsp;<\/p>\n<p style=\"text-align: center; font-size: 16px;\">Com nossa estat\u00edstica server side, voc\u00ea ter\u00e1 acesso \u00e0s origens de sua transmiss\u00e3o ou de seus v\u00eddeos, e para obter esses dados n\u00e3o precisar\u00e1 utilizar exclusivamente o nosso player, poder\u00e1 utilizar o player que desejar e ele buscar\u00e1 as informa\u00e7\u00f5es a partir da origem do servi\u00e7o que possui conosco. Neste local, poder\u00e1 acompanhar tamb\u00e9m o seu tr\u00e1fego consumido, lembrando que os nossos planos de streaming de v\u00eddeo, ondemand, webtv, live social e c\u00e2mera ip n\u00e3o possuem limite de tr\u00e1fego. As estat\u00edsticas referentes ao seu streaming ficar\u00e3o dispon\u00edveis por at\u00e9 30 dias, a partir disto, indicamos realizar a captura das informa\u00e7\u00f5es antes deste per\u00edodo.<\/p>\n<p>[\/vc_column_text][\/vc_column][vc_column width=&#8221;1\/5&#8243;][\/vc_column][vc_column css_animation=&#8221;fadeInUp&#8221;][vc_single_image image=&#8221;29418&#8243; img_size=&#8221;800&#215;400&#8243; alignment=&#8221;center&#8221;][vc_single_image image=&#8221;11522&#8243; img_size=&#8221;50&#215;50&#8243; alignment=&#8221;center&#8221;][vc_empty_space height=&#8221;70&#8243;][vc_separator el_width=&#8221;60&#8243;][\/vc_column][\/vc_row][vc_row css=&#8221;.vc_custom_1592854134201{background-color: #fafafa !important;}&#8221; el_id=&#8221;faca-login-em-suas-redes-sociais&#8221;][vc_column][vc_empty_space height=&#8221;60px&#8221;][\/vc_column][vc_column width=&#8221;1\/5&#8243;][\/vc_column][vc_column css_animation=&#8221;fadeInUp&#8221; width=&#8221;3\/5&#8243;][vc_column_text]<\/p>\n<p style=\"text-align: center; font-size: 48px; line-height: 1.2;\"><strong>As estat\u00edsticas dos seus planos em um s\u00f3 lugar!<\/strong><\/p>\n<p>&nbsp;<\/p>\n<p style=\"text-align: center; font-size: 16px;\">Se possuir mais de um servi\u00e7o conosco, poder\u00e1 acompanhar todos eles em um s\u00f3 lugar, onde cada um possui sua pr\u00f3pria informa\u00e7\u00e3o e seu pr\u00f3prio gr\u00e1fico de acessos. Assim, poder\u00e1 acompanhar e realizar um comparativo de audi\u00eancia, podendo migrar seus an\u00fancios para momentos espec\u00edficos em seus servi\u00e7os. Com este comparativo, poder\u00e1 ver claramente qual servi\u00e7o lhe gera mais rendimento conforme os hor\u00e1rios, fazendo com que sua equipe possa tra\u00e7ar estrat\u00e9gias com altas possibilidades de sucesso.<\/p>\n<p>[\/vc_column_text][\/vc_column][vc_column width=&#8221;1\/5&#8243;][\/vc_column][vc_column css_animation=&#8221;fadeInUp&#8221;][vc_single_image image=&#8221;29422&#8243; img_size=&#8221;840&#215;400&#8243; alignment=&#8221;center&#8221;][vc_single_image image=&#8221;11526&#8243; img_size=&#8221;50&#215;50&#8243; alignment=&#8221;center&#8221;][vc_empty_space height=&#8221;70&#8243;][vc_separator el_width=&#8221;60&#8243;][\/vc_column][\/vc_row][vc_row css=&#8221;.vc_custom_1592854283675{background-color: #fafafa !important;}&#8221; el_id=&#8221;interaja-com-seus-espectadores&#8221;][vc_column][vc_empty_space height=&#8221;60px&#8221;][\/vc_column][vc_column width=&#8221;1\/5&#8243;][\/vc_column][vc_column css_animation=&#8221;fadeInUp&#8221; width=&#8221;3\/5&#8243;][vc_column_text]<\/p>\n<p style=\"text-align: center; font-size: 48px; line-height: 1.2;\"><strong>A \u00fanica do modelo SaaS que centraliza as informa\u00e7\u00f5es dos seus planos!<\/strong><\/p>\n<p>&nbsp;<\/p>\n<p style=\"text-align: center; font-size: 16px;\">O nosso painel \u00e9 completo e \u00fanico, nele poder\u00e1 acompanhar o gr\u00e1fico de acessos em tempo real, que possui atualiza\u00e7\u00f5es de minuto em minuto, podendo identificar os picos de audi\u00eancias e momentos em que n\u00e3o possui tanto acesso. Com ele, poder\u00e1 identificar quais servi\u00e7os lhe geram mais rendimentos, caso possua somente um servi\u00e7o, poder\u00e1 identificar os momentos que ele \u00e9 mais rent\u00e1vel. Possu\u00edmos dois tipos de gr\u00e1ficos, para que possa acompanhar no que mais far\u00e1 sentido para o seu neg\u00f3cio. Al\u00e9m dos gr\u00e1ficos, poder\u00e1 acompanhar no mapa os acessos de seus espectadores ocorrendo.<\/p>\n<p>[\/vc_column_text][\/vc_column][vc_column width=&#8221;1\/5&#8243;][\/vc_column][vc_column css_animation=&#8221;fadeInUp&#8221;][vc_single_image image=&#8221;29425&#8243; img_size=&#8221;820&#215;399&#8243; alignment=&#8221;center&#8221;][vc_single_image image=&#8221;11531&#8243; img_size=&#8221;50&#215;50&#8243; alignment=&#8221;center&#8221;][vc_empty_space height=&#8221;70&#8243;][vc_separator el_width=&#8221;60&#8243;][\/vc_column][\/vc_row][vc_row css=&#8221;.vc_custom_1592854599194{background-color: #fafafa !important;}&#8221; el_id=&#8221;gerencie-seus-anuncios&#8221;][vc_column][vc_empty_space height=&#8221;60px&#8221;][\/vc_column][vc_column width=&#8221;1\/5&#8243;][\/vc_column][vc_column css_animation=&#8221;fadeInUp&#8221; width=&#8221;3\/5&#8243;][vc_column_text]<\/p>\n<p style=\"text-align: center; font-size: 48px; line-height: 1.2;\"><strong>Acessos Simult\u00e2neos<\/strong><\/p>\n<p>&nbsp;<\/p>\n<p style=\"text-align: center; font-size: 16px;\">Acompanhe os picos de transmiss\u00f5es que seu servi\u00e7o possui, onde poder\u00e1 verificar a quantidade de acessos e os dispositivos que realizaram o acesso ao seu servi\u00e7o. Neste local, possu\u00edmos 3 tipos de gr\u00e1ficos, que demonstram os acessos simult\u00e2neos e dois que mostram a quantidade e os dispositivos. S\u00e3o gr\u00e1ficos completos que detalham at\u00e9 o dispositivo que seus espectadores utilizam.<\/p>\n<p>[\/vc_column_text][\/vc_column][vc_column width=&#8221;1\/5&#8243;][\/vc_column][vc_column css_animation=&#8221;fadeInUp&#8221;][vc_single_image image=&#8221;29429&#8243; img_size=&#8221;600&#215;436&#8243; alignment=&#8221;center&#8221;][vc_empty_space height=&#8221;70&#8243;][\/vc_column][\/vc_row][vc_row el_id=&#8221;apresente-suas-estatisticas&#8221; css=&#8221;.vc_custom_1592854672090{background-color: #fafafa !important;}&#8221;][vc_column css_animation=&#8221;fadeInUp&#8221;][\/vc_column][\/vc_row][vc_row row_bg_image=&#8221;29410&#8243;][vc_column][vc_empty_space height=&#8221;170px&#8221;][\/vc_column][vc_column width=&#8221;1\/5&#8243;][\/vc_column][vc_column width=&#8221;3\/5&#8243;][vc_column_text]<\/p>\n<p style=\"text-align: center; font-size: 24px; line-height: 1.5;\"><span style=\"color: #ffffff;\"><b>Para conhecer nossas estat\u00edsticas detalhadas e entender como elas podem beneficiar seu neg\u00f3cio, entre em contato com um de nossos especialistas. Estamos prontos para ajud\u00e1-lo a alavancar seus servi\u00e7os ao m\u00e1ximo!<\/b><\/span><\/p>\n<p>[\/vc_column_text][vc_btn title=&#8221;Solicite uma demonstra\u00e7\u00e3o!&#8221; shape=&#8221;round&#8221; color=&#8221;warning&#8221; link=&#8221;url:https%3A%2F%2Fjmvstream.com%2Fpt-br%2Fcentral-contato%2F&#8221;][\/vc_column][vc_column width=&#8221;1\/5&#8243;][\/vc_column][vc_column][vc_empty_space height=&#8221;60px&#8221;][\/vc_column][\/vc_row][vc_row css=&#8221;.vc_custom_1592854696310{background-color: #fafafa !important;}&#8221; el_id=&#8221;clientes&#8221;][vc_column css_animation=&#8221;fadeInUp&#8221;][vc_separator el_width=&#8221;80&#8243;][inova_client_logo client_logo_style_one=&#8221;&#8221; client_logos=&#8221;%5B%7B%22logo_image%22%3A%228371%22%7D%2C%7B%22logo_image%22%3A%228368%22%7D%2C%7B%22logo_image%22%3A%228365%22%7D%2C%7B%22logo_image%22%3A%228362%22%7D%2C%7B%22logo_image%22%3A%228356%22%7D%2C%7B%22logo_image%22%3A%228359%22%7D%5D&#8221;][vc_separator el_width=&#8221;80&#8243;][\/vc_column][\/vc_row][vc_row is_row_overlay=&#8221;overlay&#8221; row_gradient_type=&#8221;linear&#8221; row_linear_gradient_angle=&#8221;-15&#8243; row_overlay_opacity=&#8221;0.94&#8243; section_templte=&#8221;fun-fact-area&#8221; row_bg_image=&#8221;1805&#8243;][vc_column][inova_funfact_item funfact_styles=&#8221;style_2&#8243; funfact_style_two=&#8221;&#8221; counter_font_weight=&#8221;700&#8243; title_color=&#8221;#ffffff&#8221; funfact_counter=&#8221;360&#8243; funfact_title=&#8221;People Use Inovalab&#8221; inova_ffacts=&#8221;%5B%7B%22is_icon%22%3A%22hide%22%2C%22icon_or_image%22%3A%22icon_opt%22%2C%22icon_type%22%3A%22fontawesome%22%2C%22icon_op%22%3A%22vc-oi%20vc-oi-dial%22%2C%22icon_ty%22%3A%22typcn%20typcn-adjust-brightness%22%2C%22icon_ent%22%3A%22entypo-icon%20entypo-icon-note%22%2C%22icon_ln%22%3A%22vc_li%20vc_li-heart%22%2C%22icon_ms%22%3A%22vc-mono%20vc-mono-apple%22%2C%22icon_mat%22%3A%22vc-material%20vc-material-3d_rotation%22%2C%22icon_linear%22%3A%22lnr%20lnr-select%22%2C%22icon_themify%22%3A%22ti-wand%22%2C%22funfact_counter%22%3A%227.000%22%2C%22funfact_title%22%3A%22CLIENTES%20SATISFEITOS.%22%7D%2C%7B%22is_icon%22%3A%22hide%22%2C%22icon_or_image%22%3A%22icon_opt%22%2C%22icon_type%22%3A%22fontawesome%22%2C%22icon_op%22%3A%22vc-oi%20vc-oi-dial%22%2C%22icon_ty%22%3A%22typcn%20typcn-adjust-brightness%22%2C%22icon_ent%22%3A%22entypo-icon%20entypo-icon-note%22%2C%22icon_ln%22%3A%22vc_li%20vc_li-heart%22%2C%22icon_ms%22%3A%22vc-mono%20vc-mono-apple%22%2C%22icon_mat%22%3A%22vc-material%20vc-material-3d_rotation%22%2C%22icon_linear%22%3A%22lnr%20lnr-select%22%2C%22icon_themify%22%3A%22ti-wand%22%2C%22funfact_counter%22%3A%22150%22%2C%22funfact_title%22%3A%22MILH%C3%95ES%20DE%20VIEWS%20POR%20M%C3%8AS.%22%7D%2C%7B%22is_icon%22%3A%22hide%22%2C%22icon_or_image%22%3A%22icon_opt%22%2C%22icon_type%22%3A%22fontawesome%22%2C%22icon_op%22%3A%22vc-oi%20vc-oi-dial%22%2C%22icon_ty%22%3A%22typcn%20typcn-adjust-brightness%22%2C%22icon_ent%22%3A%22entypo-icon%20entypo-icon-note%22%2C%22icon_ln%22%3A%22vc_li%20vc_li-heart%22%2C%22icon_ms%22%3A%22vc-mono%20vc-mono-apple%22%2C%22icon_mat%22%3A%22vc-material%20vc-material-3d_rotation%22%2C%22icon_linear%22%3A%22lnr%20lnr-select%22%2C%22icon_themify%22%3A%22ti-wand%22%2C%22funfact_counter%22%3A%222%22%2C%22funfact_title%22%3A%22PETABYTE%20POR%20M%C3%8AS.%22%7D%5D&#8221;][inova_raw_html]<\/p>\n<div id=\"gov\" style=\"width: 100%; height: 20px; float: lef; margin: 0px; padding: 0px;\"><\/div>\n<p>[\/inova_raw_html][\/vc_column][\/vc_row][vc_row title_styles=&#8221;style_1&#8243; title_style_one=&#8221;https:\/\/jmvstream.com\/wp-content\/themes\/inova\/assets\/image\/shortcodes\/title_1.png&#8221; title_style_two=&#8221;https:\/\/jmvstream.com\/wp-content\/themes\/inova\/assets\/image\/shortcodes\/title_2.png&#8221; title_style_three=&#8221;https:\/\/jmvstream.com\/wp-content\/themes\/inova\/assets\/image\/shortcodes\/title_3.png&#8221; title_text=&#8221;Flexible Plans To Start With&#8221; stitle_font_weight=&#8221;&#8221; stitle_text_transform=&#8221;&#8221; subtitle_text=&#8221;Nemo enim ipsam voluptatem quia voluptas sit aspernatur aut odit aut fugit, sed consequuntur magni dolores ratione voluptatem sequi nesciunt.&#8221; subtitle_font_size=&#8221;&#8221; subtitle_font_weight=&#8221;&#8221; subtitle_text_transform=&#8221;&#8221; tab_enable_disable=&#8221;disable&#8221; pricing_enabled_style=&#8221;style_1&#8243; pricing_enabled_style_one=&#8221;https:\/\/jmvstream.com\/wp-content\/themes\/inova\/assets\/image\/shortcodes\/pricing_1_1.png&#8221; pricing_enabled_style_two=&#8221;https:\/\/jmvstream.com\/wp-content\/themes\/inova\/assets\/image\/shortcodes\/pricing_3.png&#8221; pricing_style=&#8221;style_3&#8243; pricing_style_one=&#8221;https:\/\/jmvstream.com\/wp-content\/themes\/inova\/assets\/image\/shortcodes\/pricing_1.png&#8221; pricing_style_two=&#8221;https:\/\/jmvstream.com\/wp-content\/themes\/inova\/assets\/image\/shortcodes\/pricing_2.png&#8221; pricing_style_three=&#8221;https:\/\/jmvstream.com\/wp-content\/themes\/inova\/assets\/image\/shortcodes\/pricing_2_3.png&#8221; tab_font_size=&#8221;&#8221; tab_font_weight=&#8221;&#8221; tab_text_transform=&#8221;&#8221; tab_text_color=&#8221;&#8221; tab_border_color=&#8221;&#8221; title_font_size=&#8221;&#8221; title_font_weight=&#8221;&#8221; title_text_transform=&#8221;&#8221; title_text_color=&#8221;&#8221; currency_size=&#8221;&#8221; currency_weight=&#8221;&#8221; currency_color=&#8221;&#8221; price_size=&#8221;&#8221; price_weight=&#8221;&#8221; price_color=&#8221;&#8221; period_size=&#8221;&#8221; period_weight=&#8221;&#8221; period_text_transform=&#8221;&#8221; period_text_color=&#8221;&#8221; period_bg_color=&#8221;&#8221; lists_font_size=&#8221;&#8221; lists_font_weight=&#8221;&#8221; lists_text_transform=&#8221;&#8221; lists_text_color=&#8221;&#8221; try_font_size=&#8221;&#8221; try_font_weight=&#8221;&#8221; try_text_transform=&#8221;&#8221; try_text_color=&#8221;&#8221; try_text_hover_color=&#8221;&#8221; purchase_font_size=&#8221;&#8221; purchase_font_weight=&#8221;&#8221; purchase_text_transform=&#8221;&#8221; purchase_btn_bdr_radius=&#8221;40px&#8221; pricing_table_bg_color=&#8221;&#8221; tab_pricings=&#8221;%5B%7B%22pricing_title%22%3A%22Professional%22%2C%22pricing_currency%22%3A%22%24%22%2C%22pricing_amount%22%3A%2249%22%2C%22pricing_time_period%22%3A%22Lifetime%22%2C%22tab_pricing_lists%22%3A%22%255B%257B%2522pricing_list_text%2522%253A%2522Ten%2520Users%2522%257D%252C%257B%2522pricing_list_text%2522%253A%25223000%2520ui%2520elements%2522%257D%252C%257B%2522pricing_list_text%2522%253A%2522Email%2520Support%2522%257D%255D%22%2C%22is_try_button%22%3A%22none%22%2C%22purchase_button_label%22%3A%22Purchase%22%2C%22purchase_button_url%22%3A%22%23%22%2C%22assigning_tab%22%3A%221%22%2C%22best_price_value%22%3A%22no%22%7D%2C%7B%22pricing_title%22%3A%22Business%22%2C%22pricing_currency%22%3A%22%24%22%2C%22pricing_amount%22%3A%2269%22%2C%22pricing_time_period%22%3A%22Lifetime%22%2C%22tab_pricing_lists%22%3A%22%255B%257B%2522pricing_list_text%2522%253A%2522Ten%2520Users%2522%257D%252C%257B%2522pricing_list_text%2522%253A%25223000%2520ui%2520elements%2522%257D%252C%257B%2522pricing_list_text%2522%253A%2522Email%2520Support%2522%257D%255D%22%2C%22is_try_button%22%3A%22none%22%2C%22purchase_button_label%22%3A%22Purchase%22%2C%22purchase_button_url%22%3A%22%23%22%2C%22assigning_tab%22%3A%221%22%2C%22best_price_value%22%3A%22no%22%7D%5D&#8221; stitle_font_size=&#8221;&#8221; stitle_color=&#8221;&#8221; subtitle_color=&#8221;&#8221; first_tab_title=&#8221;&#8221; second_tab_title=&#8221;&#8221; el_id=&#8221;tabela-de-pre\u00e7os-live-social&#8221;][vc_column][vc_separator el_width=&#8221;90&#8243;][\/vc_column][\/vc_row][vc_section][vc_row equal_height=&#8221;yes&#8221; content_placement=&#8221;middle&#8221; content_alignment=&#8221;text-justify&#8221; row_bg_repeat=&#8221;no-repeat&#8221; is_row_overlay=&#8221;overlay&#8221; row_overlay_type=&#8221;solid&#8221; row_overlay_solid=&#8221;#242424&#8243; row_overlay_opacity=&#8221;0.85&#8243; css=&#8221;.vc_custom_1599596780931{background-color: #242424 !important;}&#8221; row_bg_image=&#8221;9804&#8243;][vc_column][inova_short_address title_style_one=&#8221;&#8221; title_text=&#8221;Amamos o que fazemos 7 dias por semana!&#8221; subtitle_text=&#8221;Fazemos parte do grupo JMV Technology, uma multinacional com foco em solu\u00e7\u00f5es de tecnologia e na experi\u00eancia do usu\u00e1rio. Desde 2003 trazendo solu\u00e7\u00f5es para mais de 8 mil clientes em 14 pa\u00edses.&#8221; address_column=&#8221;4&#8243; title_color=&#8221;#ffffff&#8221; content_color=&#8221;#ffffff&#8221; address_items=&#8221;%5B%5D&#8221; stitle_color=&#8221;#ffffff&#8221; subtitle_color=&#8221;#ffffff&#8221;][\/vc_column][\/vc_row][\/vc_section]<\/p>\n<\/div>","protected":false},"excerpt":{"rendered":"<p>[vc_row row_bg_image=&#8221;29410&#8243;][vc_column][vc_empty_space height=&#8221;170px&#8221;][\/vc_column][vc_column width=&#8221;1\/5&#8243;][\/vc_column][vc_column width=&#8221;3\/5&#8243;][vc_column_text] Estat\u00edsticas Server Side (O Ibope do Streaming) [\/vc_column_text][vc_column_text] Apresentamos a<\/p>\n","protected":false},"author":50,"featured_media":6159,"parent":0,"menu_order":0,"comment_status":"closed","ping_status":"closed","template":"page-homepage.php","meta":{"footnotes":""},"class_list":["post-28948","page","type-page","status-publish","has-post-thumbnail","hentry"],"aioseo_notices":[],"_links":{"self":[{"href":"https:\/\/jmvstream.com\/pt-br\/wp-json\/wp\/v2\/pages\/28948","targetHints":{"allow":["GET"]}}],"collection":[{"href":"https:\/\/jmvstream.com\/pt-br\/wp-json\/wp\/v2\/pages"}],"about":[{"href":"https:\/\/jmvstream.com\/pt-br\/wp-json\/wp\/v2\/types\/page"}],"author":[{"embeddable":true,"href":"https:\/\/jmvstream.com\/pt-br\/wp-json\/wp\/v2\/users\/50"}],"replies":[{"embeddable":true,"href":"https:\/\/jmvstream.com\/pt-br\/wp-json\/wp\/v2\/comments?post=28948"}],"version-history":[{"count":0,"href":"https:\/\/jmvstream.com\/pt-br\/wp-json\/wp\/v2\/pages\/28948\/revisions"}],"wp:featuredmedia":[{"embeddable":true,"href":"https:\/\/jmvstream.com\/pt-br\/wp-json\/wp\/v2\/media\/6159"}],"wp:attachment":[{"href":"https:\/\/jmvstream.com\/pt-br\/wp-json\/wp\/v2\/media?parent=28948"}],"curies":[{"name":"wp","href":"https:\/\/api.w.org\/{rel}","templated":true}]}}