{"id":1925,"date":"2018-04-08T06:00:58","date_gmt":"2018-04-08T06:00:58","guid":{"rendered":"https:\/\/droitthemes.com\/wp\/inova\/multipurpose\/multipage\/?page_id=1925"},"modified":"2024-10-26T13:43:36","modified_gmt":"2024-10-26T16:43:36","slug":"product-pre-order","status":"publish","type":"page","link":"https:\/\/jmvstream.com\/pt-br\/","title":{"rendered":"Home"},"content":{"rendered":"<div class=\"wpb-content-wrapper\"><p>[vc_row el_id=&#8221;home&#8221;][vc_column][inova_hero_startup_video btn_plr=&#8221;70px&#8221; btn_text_color=&#8221;#ffffff&#8221; btn_bg_color=&#8221;#28b0ff&#8221; btn_bdr_color=&#8221;#ffffff&#8221; btn_hover_text_color=&#8221;#ffffff&#8221; btn_hover_bg_color=&#8221;#ffffff&#8221; hero_bg_video=&#8221;https:\/\/jmvstream.com\/wp-content\/uploads\/2019\/03\/Video-Jmvstream-03-1-1.m4v&#8221; hero_title=&#8221;Liberte seus v\u00eddeos e transmiss\u00f5es ao vivo com a JmvStream!&#8221; hero_subtitle=&#8221;Oferecemos uma infraestrutura completa e exclusiva para suas necessidades de v\u00eddeo. Voc\u00ea no controle sobre transmiss\u00f5es ao vivo, grava\u00e7\u00e3o, processamento e hospedagem de v\u00eddeos. Nossa nuvem privada assegura a alta disponibilidade, seguran\u00e7a e qualidade dos seus v\u00eddeos, com uma pol\u00edtica de pre\u00e7os transparente e justa. Descubra a verdadeira liberdade para seus v\u00eddeos!&#8221; startup_hero_button=&#8221;url:https%3A%2F%2Fjmvstream.com%2Fpt-br%2Fcentral-contato%2F|title:Quero%20or%C3%A7amento!|rel:nofollow&#8221; startup_client_slider=&#8221;%5B%7B%22slider_image%22%3A%224113%22%7D%2C%7B%22slider_image%22%3A%2212897%22%7D%2C%7B%22slider_image%22%3A%224542%22%7D%2C%7B%22slider_image%22%3A%224109%22%7D%2C%7B%22slider_image%22%3A%224116%22%7D%2C%7B%22slider_image%22%3A%224111%22%7D%5D&#8221; title_color=&#8221;#ffffff&#8221; title_font_size=&#8221;36px&#8221;][inova_raw_html]<\/p>\n<div id=\"solucoes\" style=\"width: 100%; height: 10px; float: lef; margin: 0px; padding: 0px;\"><\/div>\n<p>[\/inova_raw_html][\/vc_column][\/vc_row][vc_row][vc_column][vc_column_text][\/vc_column_text][\/vc_column][\/vc_row][vc_section][vc_row el_id=&#8221;servicos&#8221;][vc_column][vc_empty_space height=&#8221;80px&#8221;][inova_paragraph pargraph_align=&#8221;text-center&#8221; paragraph_font_weight=&#8221;700&#8243; pargraph_text=&#8221;Servi\u00e7os&#8221; paragraph_font_size=&#8221;39px&#8221; paragraph_color=&#8221;#002a51&#8243;][vc_empty_space height=&#8221;90px&#8221;][\/vc_column][vc_column width=&#8221;1\/6&#8243;][\/vc_column][vc_column width=&#8221;1\/6&#8243;][vc_single_image image=&#8221;4148&#8243; alignment=&#8221;center&#8221; onclick=&#8221;custom_link&#8221; link=&#8221;https:\/\/jmvstream.com\/pt-br\/hospedagem-de-videos\/&#8221;][vc_column_text]<\/p>\n<p style=\"font-size: 25px; text-align: center; font-weight: 400;\"><span style=\"color: #333333;\"><a style=\"color: #333333;\" title=\"Hospedagem de v\u00eddeos\" href=\"https:\/\/jmvstream.com\/pt-br\/hospedagem-de-videos\/\">Hospedagem de V\u00eddeos<\/a><\/span><\/p>\n<p>[\/vc_column_text][\/vc_column][vc_column width=&#8221;1\/6&#8243;][vc_single_image image=&#8221;4150&#8243; alignment=&#8221;center&#8221; onclick=&#8221;custom_link&#8221; link=&#8221;https:\/\/jmvstream.com\/pt-br\/streaming-de-video-de-baixa-latencia\/&#8221;][vc_column_text]<\/p>\n<p style=\"font-size: 25px; text-align: center; font-weight: 400;\"><span style=\"color: #333333;\"><a style=\"color: #333333;\" title=\"Streaming de Baixo Delay\" href=\"https:\/\/jmvstream.com\/pt-br\/streaming-de-video-de-baixa-latencia\/\">Streaming de Baixo Delay<\/a><\/span><\/p>\n<p>[\/vc_column_text][\/vc_column][vc_column width=&#8221;1\/6&#8243;][vc_single_image image=&#8221;4242&#8243; alignment=&#8221;center&#8221; onclick=&#8221;custom_link&#8221; link=&#8221;https:\/\/jmvstream.com\/pt-br\/live-no-instagram-youtube-e-facebook-ao-mesmo-tempo\/&#8221;][vc_column_text]<\/p>\n<p style=\"font-size: 25px; text-align: center; font-weight: 400;\"><span style=\"color: #333333;\"><a style=\"color: #333333;\" title=\"Live Simult\u00e2nea\" href=\"https:\/\/jmvstream.com\/pt-br\/live-no-instagram-youtube-e-facebook-ao-mesmo-tempo\/\">Live Simult\u00e2nea<\/a><\/span><\/p>\n<p>[\/vc_column_text][\/vc_column][vc_column width=&#8221;1\/6&#8243;][vc_single_image image=&#8221;4152&#8243; alignment=&#8221;center&#8221; onclick=&#8221;custom_link&#8221; link=&#8221;https:\/\/nochalks.com\/plataforma-ead\/&#8221;][vc_column_text]<\/p>\n<p style=\"font-size: 25px; text-align: center; font-weight: 400;\"><span style=\"color: #333333;\"><a style=\"color: #333333;\" title=\"Plataforma EAD\" href=\"https:\/\/nochalks.com\/plataforma-ead\/\">Plataforma EAD<\/a><\/span><\/p>\n<p>[\/vc_column_text][\/vc_column][vc_column width=&#8221;1\/6&#8243;][\/vc_column][vc_column][vc_empty_space height=&#8221;100px&#8221;][vc_separator el_width=&#8221;90&#8243;][\/vc_column][\/vc_row][\/vc_section][vc_row section_templte=&#8221;features-area2&#8243; el_id=&#8221;eventos&#8221;][vc_column][inova_image_half_container image_half_style=&#8221;style_10&#8243; image_half_style_ten=&#8221;&#8221; title_text=&#8221;Transmiss\u00e3o ao vivo&#8221; stitle_font_weight=&#8221;600&#8243; subtitle_text=&#8221;Transmiss\u00f5es de \u00e1udio e v\u00eddeo com estabilidade, interatividade, monetiza\u00e7\u00e3o(ads), captura de leads, doa\u00e7\u00f5es, estat\u00edsticas em tempo real e mais recursos exclusivos.&#8221; subtitle_font_size=&#8221;18px&#8221; btn_radius=&#8221;50px&#8221; btn_text_color=&#8221;#1574d4&#8243; btn_bg_color=&#8221;&#8221; btn_bdr_color=&#8221;#1574d4&#8243; btn_hover_text_color=&#8221;#ffffff&#8221; btn_hover_bg_color=&#8221;#1574d4&#8243; btn_hover_bdr_color=&#8221;#1574d4&#8243; full_height=&#8221;full&#8221; single_image=&#8221;10984&#8243; button_url=&#8221;|||&#8221;][inova_raw_html]<\/p>\n<div id=\"live\" style=\"width: 100%; height: 100px; float: lef; margin: 0px; padding: 0px;\"><\/div>\n<p>[\/inova_raw_html][\/vc_column][\/vc_row][vc_row section_templte=&#8221;features-area2&#8243;][vc_column][inova_image_half_container image_half_style=&#8221;style_11&#8243; image_half_style_eleven=&#8221;&#8221; title_text=&#8221;Hospedagem de v\u00eddeos online&#8221; stitle_font_weight=&#8221;600&#8243; subtitle_text=&#8221;Hospede, gerencie e distribua v\u00eddeos com seguran\u00e7a e estabilidade, sem se preocupar com limita\u00e7\u00f5es de tr\u00e1fego. Customize o player e tenha controle total da inser\u00e7\u00e3o de an\u00fancios.&#8221; subtitle_font_size=&#8221;18px&#8221; btn_radius=&#8221;50px&#8221; btn_text_color=&#8221;#1574d4&#8243; btn_bg_color=&#8221;&#8221; btn_bdr_color=&#8221;#1574d4&#8243; btn_hover_text_color=&#8221;#ffffff&#8221; btn_hover_bg_color=&#8221;#1574d4&#8243; btn_hover_bdr_color=&#8221;#1574d4&#8243; full_height=&#8221;full&#8221; single_image=&#8221;10987&#8243; button_url=&#8221;url:https%3A%2F%2Fjmvstream.com%2Fpt-br%2Fhospedagem-de-videos%2F|title:Veja%20como%20funciona!|target:_blank&#8221;][inova_raw_html]<\/p>\n<div id=\"od\" style=\"width: 100%; height: 100px; float: lef; margin: 0px; padding: 0px;\"><\/div>\n<p>[\/inova_raw_html][\/vc_column][\/vc_row][vc_row section_templte=&#8221;features-area2&#8243;][vc_column][inova_image_half_container image_half_style=&#8221;style_10&#8243; image_half_style_ten=&#8221;&#8221; title_text=&#8221;Live simult\u00e2nea nas redes sociais&#8221; stitle_font_weight=&#8221;600&#8243; subtitle_text=&#8221;Em poucos cliques realize transmiss\u00f5es ao vivo no Facebook, Instagram, Twitter, Twitch TV e YouTube tudo ao mesmo tempo. A partir de uma \u00fanica origem e sem a necessidade de equipamentos caros e complicados.&#8221; subtitle_font_size=&#8221;18px&#8221; btn_radius=&#8221;50px&#8221; btn_text_color=&#8221;#1574d4&#8243; btn_bg_color=&#8221;&#8221; btn_bdr_color=&#8221;#1574d4&#8243; btn_hover_text_color=&#8221;#ffffff&#8221; btn_hover_bg_color=&#8221;#1574d4&#8243; btn_hover_bdr_color=&#8221;#1574d4&#8243; full_height=&#8221;full&#8221; single_image=&#8221;10990&#8243; button_url=&#8221;url:https%3A%2F%2Fjmvstream.com%2Fpt-br%2Flive-no-instagram-youtube-e-facebook-ao-mesmo-tempo%2F|title:Veja%20como%20funciona!&#8221;][inova_raw_html]<\/p>\n<div id=\"live\" style=\"width: 100%; height: 100px; float: lef; margin: 0px; padding: 0px;\"><\/div>\n<p>[\/inova_raw_html][\/vc_column][\/vc_row][vc_row is_row_overlay=&#8221;overlay&#8221; row_gradient_type=&#8221;linear&#8221; row_linear_gradient_angle=&#8221;-15&#8243; row_overlay_opacity=&#8221;0.94&#8243; section_templte=&#8221;fun-fact-area&#8221; row_bg_image=&#8221;1805&#8243;][vc_column][inova_funfact_item funfact_styles=&#8221;style_2&#8243; funfact_style_two=&#8221;&#8221; counter_font_weight=&#8221;700&#8243; title_color=&#8221;#ffffff&#8221; funfact_counter=&#8221;360&#8243; funfact_title=&#8221;People Use Inovalab&#8221; inova_ffacts=&#8221;%5B%7B%22is_icon%22%3A%22hide%22%2C%22icon_or_image%22%3A%22icon_opt%22%2C%22icon_type%22%3A%22fontawesome%22%2C%22icon_op%22%3A%22vc-oi%20vc-oi-dial%22%2C%22icon_ty%22%3A%22typcn%20typcn-adjust-brightness%22%2C%22icon_ent%22%3A%22entypo-icon%20entypo-icon-note%22%2C%22icon_ln%22%3A%22vc_li%20vc_li-heart%22%2C%22icon_ms%22%3A%22vc-mono%20vc-mono-apple%22%2C%22icon_mat%22%3A%22vc-material%20vc-material-3d_rotation%22%2C%22icon_linear%22%3A%22lnr%20lnr-select%22%2C%22icon_themify%22%3A%22ti-wand%22%2C%22funfact_counter%22%3A%228.000%22%2C%22funfact_title%22%3A%22CLIENTES%20SATISFEITOS%22%7D%2C%7B%22is_icon%22%3A%22hide%22%2C%22icon_or_image%22%3A%22icon_opt%22%2C%22icon_type%22%3A%22fontawesome%22%2C%22icon_op%22%3A%22vc-oi%20vc-oi-dial%22%2C%22icon_ty%22%3A%22typcn%20typcn-adjust-brightness%22%2C%22icon_ent%22%3A%22entypo-icon%20entypo-icon-note%22%2C%22icon_ln%22%3A%22vc_li%20vc_li-heart%22%2C%22icon_ms%22%3A%22vc-mono%20vc-mono-apple%22%2C%22icon_mat%22%3A%22vc-material%20vc-material-3d_rotation%22%2C%22icon_linear%22%3A%22lnr%20lnr-select%22%2C%22icon_themify%22%3A%22ti-wand%22%2C%22funfact_counter%22%3A%22500%22%2C%22funfact_title%22%3A%22MILH%C3%95ES%20DE%20VIEWS%20POR%20M%C3%8AS%22%7D%2C%7B%22is_icon%22%3A%22hide%22%2C%22icon_or_image%22%3A%22icon_opt%22%2C%22icon_type%22%3A%22fontawesome%22%2C%22icon_op%22%3A%22vc-oi%20vc-oi-dial%22%2C%22icon_ty%22%3A%22typcn%20typcn-adjust-brightness%22%2C%22icon_ent%22%3A%22entypo-icon%20entypo-icon-note%22%2C%22icon_ln%22%3A%22vc_li%20vc_li-heart%22%2C%22icon_ms%22%3A%22vc-mono%20vc-mono-apple%22%2C%22icon_mat%22%3A%22vc-material%20vc-material-3d_rotation%22%2C%22icon_linear%22%3A%22lnr%20lnr-select%22%2C%22icon_themify%22%3A%22ti-wand%22%2C%22funfact_counter%22%3A%228%22%2C%22funfact_title%22%3A%22PETABYTE%20DE%20TR%C3%81FEGO%20POR%20M%C3%8AS%22%7D%5D&#8221;][inova_raw_html]<\/p>\n<div id=\"gov\" style=\"width: 100%; height: 20px; float: lef; margin: 0px; padding: 0px;\"><\/div>\n<p>[\/inova_raw_html][\/vc_column][\/vc_row][vc_row equal_height=&#8221;yes&#8221; content_placement=&#8221;middle&#8221; parallax=&#8221;content-moving-fade&#8221; content_alignment=&#8221;text-center&#8221; row_bg_repeat=&#8221;no-repeat&#8221; is_row_overlay=&#8221;overlay&#8221; row_overlay_type=&#8221;solid&#8221; row_overlay_solid=&#8221;#ffffff&#8221; row_overlay_opacity=&#8221;70.9&#8243; row_bg_image=&#8221;4498&#8243; el_id=&#8221;governo&#8221;][vc_column][inova_trusted_client_slider title_style_one=&#8221;&#8221; title_text=&#8221;Governo&#8221; subtitle_text=&#8221;Solu\u00e7\u00f5es completas para redu\u00e7\u00e3o de custos utilizando a tecnologia de streaming, transmiss\u00f5es ao vivo e VOD (gravados) para \u00f3rg\u00e3os Municipais, Estaduais e Federais. TV C\u00e2mara, treinamento de funcion\u00e1rios p\u00fablicos com diversas ferramentas exclusivas, consulte nosso time de especialistas.&#8221; trusted_client_sliders=&#8221;%5B%7B%22client_logo_image%22%3A%224478%22%7D%2C%7B%22client_logo_image%22%3A%224484%22%7D%2C%7B%22client_logo_image%22%3A%224472%22%7D%2C%7B%22client_logo_image%22%3A%224476%22%7D%2C%7B%22client_logo_image%22%3A%224482%22%7D%2C%7B%22client_logo_image%22%3A%224474%22%7D%5D&#8221; stitle_color=&#8221;#242424&#8243; subtitle_color=&#8221;#242424&#8243;][vc_separator][\/vc_column][\/vc_row][vc_row parallax=&#8221;content-moving&#8221; row_bg_repeat=&#8221;no-repeat&#8221; section_templte=&#8221;seo-features3&#8243; seo_full_feature_pb=&#8221;114px&#8221; el_id=&#8221;features&#8221;][vc_column][inova_image_half_container image_half_style=&#8221;style_6&#8243; image_half_style_six=&#8221;&#8221; title_text=&#8221;Fale com nossos consultores!&#8221; stitle_font_weight=&#8221;600&#8243; stitle_text_transform=&#8221;inherit&#8221; subtitle_text=&#8221;Solicite o contato de um especialista em solu\u00e7\u00f5es preenchendo o formul\u00e1rio abaixo.&#8221; subtitle_font_size=&#8221;18px&#8221; btn_radius=&#8221;50px&#8221; btn_plr=&#8221;80px&#8221; btn_text_color=&#8221;#ffffff&#8221; btn_bg_color=&#8221;#ff8000&#8243; btn_bdr_color=&#8221;rgba(255,255,255,0.75)&#8221; btn_bdr_width=&#8221;2px&#8221; btn_hover_text_color=&#8221;#ffffff&#8221; btn_hover_bg_color=&#8221;#1574d4&#8243; btn_hover_bdr_color=&#8221;#1574d4&#8243; full_height=&#8221;full&#8221; button_url=&#8221;url:https%3A%2F%2Fjmvstream.com%2Fpt-br%2Fcentral-contato%2F|title:Falar%20com%20um%20especialista&#8221; stitle_color=&#8221;#606060&#8243; subtitle_color=&#8221;#9e9e9e&#8221;][vc_empty_space height=&#8221;120px&#8221;][\/vc_column][\/vc_row][vc_row equal_height=&#8221;yes&#8221; content_placement=&#8221;middle&#8221; content_alignment=&#8221;text-justify&#8221; row_bg_repeat=&#8221;no-repeat&#8221; is_row_overlay=&#8221;overlay&#8221; row_overlay_type=&#8221;solid&#8221; row_overlay_solid=&#8221;#242424&#8243; row_overlay_opacity=&#8221;0.85&#8243; css=&#8221;.vc_custom_1599598181455{background-color: #242424 !important;}&#8221; row_bg_image=&#8221;9822&#8243;][vc_column][inova_short_address title_style_one=&#8221;&#8221; title_text=&#8221;Amamos o que fazemos 7 dias por semana!&#8221; subtitle_text=&#8221;Fazemos parte do grupo JMV Technology, uma multinacional com foco em solu\u00e7\u00f5es de tecnologia e na experi\u00eancia do usu\u00e1rio. Desde 2003 trazendo solu\u00e7\u00f5es para mais de 8 mil clientes espalhados por todos os continentes.&#8221; address_column=&#8221;4&#8243; title_color=&#8221;#ffffff&#8221; content_color=&#8221;#ffffff&#8221; address_items=&#8221;%5B%5D&#8221; stitle_color=&#8221;#ffffff&#8221; subtitle_color=&#8221;#ffffff&#8221;][\/vc_column][\/vc_row]<\/p>\n<\/div>","protected":false},"excerpt":{"rendered":"<p>[vc_row el_id=&#8221;home&#8221;][vc_column][inova_hero_startup_video btn_plr=&#8221;70px&#8221; btn_text_color=&#8221;#ffffff&#8221; btn_bg_color=&#8221;#28b0ff&#8221; btn_bdr_color=&#8221;#ffffff&#8221; btn_hover_text_color=&#8221;#ffffff&#8221; btn_hover_bg_color=&#8221;#ffffff&#8221; hero_bg_video=&#8221;https:\/\/jmvstream.com\/wp-content\/uploads\/2019\/03\/Video-Jmvstream-03-1-1.m4v&#8221; hero_title=&#8221;Liberte seus v\u00eddeos e transmiss\u00f5es ao<\/p>\n","protected":false},"author":45,"featured_media":0,"parent":0,"menu_order":0,"comment_status":"closed","ping_status":"closed","template":"page-homepage.php","meta":{"footnotes":""},"class_list":["post-1925","page","type-page","status-publish","hentry"],"aioseo_notices":[],"_links":{"self":[{"href":"https:\/\/jmvstream.com\/pt-br\/wp-json\/wp\/v2\/pages\/1925","targetHints":{"allow":["GET"]}}],"collection":[{"href":"https:\/\/jmvstream.com\/pt-br\/wp-json\/wp\/v2\/pages"}],"about":[{"href":"https:\/\/jmvstream.com\/pt-br\/wp-json\/wp\/v2\/types\/page"}],"author":[{"embeddable":true,"href":"https:\/\/jmvstream.com\/pt-br\/wp-json\/wp\/v2\/users\/45"}],"replies":[{"embeddable":true,"href":"https:\/\/jmvstream.com\/pt-br\/wp-json\/wp\/v2\/comments?post=1925"}],"version-history":[{"count":0,"href":"https:\/\/jmvstream.com\/pt-br\/wp-json\/wp\/v2\/pages\/1925\/revisions"}],"wp:attachment":[{"href":"https:\/\/jmvstream.com\/pt-br\/wp-json\/wp\/v2\/media?parent=1925"}],"curies":[{"name":"wp","href":"https:\/\/api.w.org\/{rel}","templated":true}]}}