{"id":16688,"date":"2023-05-25T15:43:53","date_gmt":"2023-05-25T18:43:53","guid":{"rendered":"https:\/\/jmvstream.com\/?page_id=16688"},"modified":"2023-10-18T11:40:13","modified_gmt":"2023-10-18T14:40:13","slug":"cafe-e-tech-podcast-jmv","status":"publish","type":"page","link":"https:\/\/jmvstream.com\/pt-br\/cafe-e-tech-podcast-jmv\/","title":{"rendered":"Caf\u00e9 &#038; Tech &#8211; Podcast JMV"},"content":{"rendered":"<div class=\"wpb-content-wrapper\"><p>[vc_row row_bg_repeat=&#8221;no-repeat&#8221; css=&#8221;.vc_custom_1688418887321{background-color: #3a3c80 !important;}&#8221; el_id=&#8221;jmv__header-blog&#8221; row_bg_image=&#8221;19139&#8243;][vc_column][vc_empty_space height=&#8221;100px&#8221;][vc_column_text]<\/p>\n<h1 style=\"text-align: center;\"><span style=\"color: #ffffff;\"><strong>Caf\u00e9 &amp; Tech &#8211; Podcast da JMV<\/strong><\/span><\/h1>\n<p>[\/vc_column_text][vc_column_text]<\/p>\n<p style=\"text-align: center;\"><span style=\"color: #ffffff;\">Na pr\u00f3xima quarta dia 25\/10 Falaremos sobre os Aspectos Legais dos servi\u00e7os de IPTV. \u00a0Toda IPTv \u00e9 Ilegal? <\/span><\/p>\n<p>&nbsp;<\/p>\n<p style=\"text-align: center;\"><span style=\"color: #ffffff;\">Junte-se ao nosso CEO, ao Dr Euler, Advogado especializado na \u00e1rea, e ao nosso especialista M\u00e1rio S\u00e9rgio, com mais de uma d\u00e9cada junto aos clientes.<\/span><\/p>\n<p>&nbsp;<\/p>\n<p style=\"text-align: center;\"><span style=\"color: #ffffff;\">Eles v\u00e3o compartilhar suas experi\u00eancias, ouvir suas dores, tirar d\u00favidas sobre o tema.<\/span><\/p>\n<p style=\"text-align: center;\"><span style=\"color: #ffffff;\">Este bate-papo p\u00e9s no ch\u00e3o trar\u00e1 muita tecnologia e aspectos jur\u00eddicos, e um passo a passo \u00fanico no mundo, com o objetivo de ajud\u00e1-lo com sua IPTV.<\/span><\/p>\n<p style=\"text-align: center;\"><span style=\"color: #ffffff;\">Cadastre-se abaixo para receber o link do nosso PodCast!<\/span><\/p>\n<p>[\/vc_column_text][vc_single_image image=&#8221;8639&#8243; img_size=&#8221;full&#8221; alignment=&#8221;center&#8221;][vc_empty_space height=&#8221;30px&#8221;][\/vc_column][vc_column][\/vc_column][\/vc_row][vc_row][vc_column width=&#8221;4\/5&#8243; css=&#8221;.vc_custom_1688405689444{padding-left: 33% !important;}&#8221;][vc_empty_space height=&#8221;70px&#8221;]\n<div class=\"wpcf7 no-js\" id=\"wpcf7-f19110-o1\" lang=\"pt-BR\" dir=\"ltr\" data-wpcf7-id=\"19110\">\n<div class=\"screen-reader-response\"><p role=\"status\" aria-live=\"polite\" aria-atomic=\"true\"><\/p> <ul><\/ul><\/div>\n<form action=\"\/pt-br\/wp-json\/wp\/v2\/pages\/16688#wpcf7-f19110-o1\" method=\"post\" class=\"wpcf7-form init\" aria-label=\"Formul\u00e1rios de contato\" novalidate=\"novalidate\" data-status=\"init\">\n<fieldset class=\"hidden-fields-container\"><input type=\"hidden\" name=\"_wpcf7\" value=\"19110\" \/><input type=\"hidden\" name=\"_wpcf7_version\" value=\"6.1.5\" \/><input type=\"hidden\" name=\"_wpcf7_locale\" value=\"pt_BR\" \/><input type=\"hidden\" name=\"_wpcf7_unit_tag\" value=\"wpcf7-f19110-o1\" \/><input type=\"hidden\" name=\"_wpcf7_container_post\" value=\"0\" \/><input type=\"hidden\" name=\"_wpcf7_posted_data_hash\" value=\"\" \/><input type=\"hidden\" name=\"_wpcf7_recaptcha_response\" value=\"\" \/>\n<\/fieldset>\n<input class=\"wpcf7-form-control wpcf7-hidden\" value=\"generico\" type=\"hidden\" name=\"interest\" \/>\n<p><label> Seu nome<br \/>\n<span class=\"wpcf7-form-control-wrap\" data-name=\"your-name\"><input size=\"40\" maxlength=\"400\" class=\"wpcf7-form-control wpcf7-text wpcf7-validates-as-required\" autocomplete=\"name\" aria-required=\"true\" aria-invalid=\"false\" value=\"\" type=\"text\" name=\"your-name\" \/><\/span> <\/label>\n<\/p>\n<p><label> Seu e-mail de trabalho!<br \/>\n<span class=\"wpcf7-form-control-wrap\" data-name=\"your-email\"><input size=\"40\" maxlength=\"400\" class=\"wpcf7-form-control wpcf7-email wpcf7-validates-as-required wpcf7-text wpcf7-validates-as-email\" autocomplete=\"email\" aria-required=\"true\" aria-invalid=\"false\" value=\"\" type=\"email\" name=\"your-email\" \/><\/span> <\/label>\n<\/p>\n<p><input class=\"wpcf7-form-control wpcf7-submit has-spinner\" type=\"submit\" value=\"Enviar\" \/>\n<\/p><div class=\"wpcf7-response-output\" aria-hidden=\"true\"><\/div>\n<\/form>\n<\/div>\n[vc_empty_space height=&#8221;100px&#8221;][\/vc_column][vc_column][vc_column_text]<\/p>\n<h3 style=\"text-align: center;\">Nesta nova temporada estamos Explorando tudo sobre o fant\u00e1stico mundo da IPTV:<\/h3>\n<h3 style=\"text-align: center;\">Ferramentas e estrat\u00e9gias para estruturar e faturar com sua IPTV.<\/h3>\n<h3 style=\"text-align: center;\">Assim voc\u00ea se prepara para ir ao mercado e enfim gerar renda !<\/h3>\n<p>&nbsp;<\/p>\n<h1 style=\"text-align: center;\">Na Pr\u00f3xima Quarta Feira, 25\/10 \u00e1s 10:00H<\/h1>\n<p>&nbsp;<\/p>\n<h3 style=\"text-align: center;\">At\u00e9 l\u00e1! \ud83d\ude42<\/h3>\n<p>[\/vc_column_text][\/vc_column][\/vc_row][vc_row equal_height=&#8221;yes&#8221; content_placement=&#8221;middle&#8221; content_alignment=&#8221;text-justify&#8221; row_bg_repeat=&#8221;no-repeat&#8221; is_row_overlay=&#8221;overlay&#8221; row_overlay_type=&#8221;solid&#8221; row_overlay_solid=&#8221;#242424&#8243; row_overlay_opacity=&#8221;0.85&#8243; css=&#8221;.vc_custom_1674671567862{background-color: #ffffff !important;}&#8221; row_bg_image=&#8221;9822&#8243;][vc_column][inova_short_address title_style_one=&#8221;&#8221; title_text=&#8221;Amamos o que fazemos 7 dias por semana!&#8221; subtitle_text=&#8221;Fazemos parte do grupo JMV Technology, uma multinacional com foco em solu\u00e7\u00f5es de tecnologia e na experi\u00eancia do usu\u00e1rio. Desde 2003 trazendo solu\u00e7\u00f5es para mais de 8 mil clientes em 14 pa\u00edses.&#8221; address_column=&#8221;4&#8243; title_color=&#8221;#ffffff&#8221; content_color=&#8221;#ffffff&#8221; address_items=&#8221;%5B%5D&#8221; stitle_color=&#8221;#ffffff&#8221; subtitle_color=&#8221;#ffffff&#8221;][\/vc_column][\/vc_row]<\/p>\n<\/div>","protected":false},"excerpt":{"rendered":"<p>[vc_row row_bg_repeat=&#8221;no-repeat&#8221; css=&#8221;.vc_custom_1688418887321{background-color: #3a3c80 !important;}&#8221; el_id=&#8221;jmv__header-blog&#8221; row_bg_image=&#8221;19139&#8243;][vc_column][vc_empty_space height=&#8221;100px&#8221;][vc_column_text] Caf\u00e9 &amp; Tech &#8211; Podcast da JMV<\/p>\n","protected":false},"author":46,"featured_media":0,"parent":0,"menu_order":0,"comment_status":"closed","ping_status":"closed","template":"page-homepage.php","meta":{"footnotes":""},"class_list":["post-16688","page","type-page","status-publish","hentry"],"aioseo_notices":[],"_links":{"self":[{"href":"https:\/\/jmvstream.com\/pt-br\/wp-json\/wp\/v2\/pages\/16688","targetHints":{"allow":["GET"]}}],"collection":[{"href":"https:\/\/jmvstream.com\/pt-br\/wp-json\/wp\/v2\/pages"}],"about":[{"href":"https:\/\/jmvstream.com\/pt-br\/wp-json\/wp\/v2\/types\/page"}],"author":[{"embeddable":true,"href":"https:\/\/jmvstream.com\/pt-br\/wp-json\/wp\/v2\/users\/46"}],"replies":[{"embeddable":true,"href":"https:\/\/jmvstream.com\/pt-br\/wp-json\/wp\/v2\/comments?post=16688"}],"version-history":[{"count":0,"href":"https:\/\/jmvstream.com\/pt-br\/wp-json\/wp\/v2\/pages\/16688\/revisions"}],"wp:attachment":[{"href":"https:\/\/jmvstream.com\/pt-br\/wp-json\/wp\/v2\/media?parent=16688"}],"curies":[{"name":"wp","href":"https:\/\/api.w.org\/{rel}","templated":true}]}}