{"id":11980,"date":"2021-08-12T13:49:50","date_gmt":"2021-08-12T16:49:50","guid":{"rendered":"https:\/\/jmvstream.com\/?page_id=11980"},"modified":"2021-08-17T15:09:49","modified_gmt":"2021-08-17T18:09:49","slug":"live-simultanea-case-de-sucesso-portal-mpa","status":"publish","type":"page","link":"https:\/\/jmvstream.com\/pt-br\/live-simultanea-case-de-sucesso-portal-mpa\/","title":{"rendered":"Case de sucesso: Portal MPA"},"content":{"rendered":"<div class=\"wpb-content-wrapper\"><p>[vc_row full_width=&#8221;stretch_row&#8221; css=&#8221;.vc_custom_1629222186897{background-color: #0bb9e5 !important;}&#8221;][vc_column][vc_empty_space height=&#8221;75px&#8221;][vc_empty_space height=&#8221;100px&#8221;][vc_column_text]<\/p>\n<h2 style=\"font-size: 12px; line-height: 1.3; color: #ffffff; text-align: center;\"><span style=\"color: #ffffff;\"><strong>Case de sucesso: Portal MPA<\/strong><\/span><\/h2>\n<p>[\/vc_column_text][vc_empty_space height=&#8221;75px&#8221;][\/vc_column][\/vc_row][vc_row full_width=&#8221;stretch_row&#8221;][vc_column][vc_empty_space height=&#8221;50px&#8221;][inova_image_half_container image_half_style=&#8221;style_11&#8243; image_half_style_eleven=&#8221;&#8221; title_text=&#8221;O maior grupo de comunica\u00e7\u00e3o do Centro-Oeste de Minas&#8221; stitle_font_weight=&#8221;600&#8243; subtitle_text=&#8221;O Portal MPA \u00e9 o maior grupo de comunica\u00e7\u00e3o da regi\u00e3o Centro-Oeste de Minas, com conte\u00fados jornal\u00edsticos, esportivos e de entretenimento com relev\u00e2ncia regional e nacional. S\u00e3o tr\u00eas emissoras de r\u00e1dio, um Outdoor e um Portal de Not\u00edcias, que est\u00e1 entre os tr\u00eas mais acessados de Minas Gerais.&#8221; subtitle_font_size=&#8221;15px&#8221; btn_radius=&#8221;50px&#8221; btn_text_color=&#8221;#1574d4&#8243; btn_bg_color=&#8221;&#8221; btn_bdr_color=&#8221;#1574d4&#8243; btn_hover_text_color=&#8221;#ffffff&#8221; btn_hover_bg_color=&#8221;#1574d4&#8243; btn_hover_bdr_color=&#8221;#1574d4&#8243; full_height=&#8221;full&#8221; single_image=&#8221;12133&#8243;][\/vc_column][\/vc_row][vc_row full_width=&#8221;stretch_row&#8221;][vc_column][vc_single_image image=&#8221;12012&#8243; img_size=&#8221;1483&#215;308&#8243; alignment=&#8221;center&#8221;][vc_empty_space height=&#8221;50px&#8221;][inova_image_half_container image_half_style=&#8221;style_10&#8243; image_half_style_ten=&#8221;&#8221; title_text=&#8221;A maior live da hist\u00f3ria da cidade&#8221; subtitle_text=&#8221;O Portal MPA, em parceria com empresas, ve\u00edculos de comunica\u00e7\u00e3o e figuras p\u00fablicas da cidade de Divin\u00f3polis-MG realizou a transmiss\u00e3o ao vivo do debate com candidatos \u00e0 prefeitura da cidade.<br \/>\nAo todo foram 68 perfis entre Facebook, Instagram e Youtube, transmitindo ao mesmo tempo a partir de uma \u00fanica origem. Foram mais de 781 mil contas alcan\u00e7adas e cerca de 10 mil coment\u00e1rios e intera\u00e7\u00f5es nas redes.&#8221; subtitle_font_size=&#8221;15px&#8221; btn_radius=&#8221;50px&#8221; btn_text_color=&#8221;#1574d4&#8243; btn_bg_color=&#8221;#ffffff&#8221; btn_bdr_color=&#8221;#1574d4&#8243; btn_hover_text_color=&#8221;#ffffff&#8221; btn_hover_bg_color=&#8221;#1574d4&#8243; btn_hover_bdr_color=&#8221;#1574d4&#8243; single_image=&#8221;12129&#8243; button_url=&#8221;url:%23case-video-pessoas-alcancadas|title:Assista%20ao%20case&#8221;][vc_empty_space height=&#8221;100px&#8221;][\/vc_column][\/vc_row][vc_row full_width=&#8221;stretch_row&#8221; css=&#8221;.vc_custom_1629219585593{background-color: #0bb9e5 !important;}&#8221; el_id=&#8221;case-video-pessoas-alcancadas&#8221;][vc_column][vc_empty_space height=&#8221;125px&#8221;][vc_column_text]<\/p>\n<div style=\"display: flex; justify-content: center;\"><iframe loading=\"lazy\" style=\"max-width: 100%;\" src=\"https:\/\/player.jmvstream.com\/GABVbodAEtgzfslejLJCLmCTkVmc4I\/ad8gbk1eof8b1dg\" width=\"700\" height=\"438\" frameborder=\"0\" allowfullscreen=\"allowfullscreen\"><\/iframe><\/div>\n<p>[\/vc_column_text][vc_empty_space height=&#8221;80px&#8221;][vc_column_text]<\/p>\n<h2 style=\"font-size: 12px; line-height: 1.3; color: #ffffff; text-align: center;\"><span style=\"color: #ffffff;\"><strong>Um recurso, possibilidades infinitas!<\/strong><\/span><\/h2>\n<p>[\/vc_column_text][inova_feature_with_icon title_style_one=&#8221;&#8221; title_text=&#8221;&#8221; stitle_font_weight=&#8221;500&#8243; subtitle_text=&#8221;&#8221; feature_styles=&#8221;style_12&#8243; feature_style_twelve=&#8221;&#8221; inova_fwi=&#8221;%5B%7B%22icon_or_image%22%3A%22icon_opt%22%2C%22icon_image%22%3A%222518%22%2C%22icon_type%22%3A%22custom_icon_themify%22%2C%22icon_op%22%3A%22vc-oi%20vc-oi-dial%22%2C%22icon_ty%22%3A%22typcn%20typcn-adjust-brightness%22%2C%22icon_ent%22%3A%22entypo-icon%20entypo-icon-note%22%2C%22icon_ln%22%3A%22vc_li%20vc_li-heart%22%2C%22icon_ms%22%3A%22vc-mono%20vc-mono-apple%22%2C%22icon_mat%22%3A%22vc-material%20vc-material-3d_rotation%22%2C%22icon_linear%22%3A%22lnr%20lnr-select%22%2C%22icon_themify%22%3A%22ti-image%22%2C%22feature_content%22%3A%22Live%20simult%C3%A2nea%20para%20Instagram%2C%20YouTube%2C%20Facebook%2C%20Twitter%2C%20Twitch%20TV%20a%20partir%20de%20uma%20%C3%BAnica%20origem.%22%7D%2C%7B%22icon_or_image%22%3A%22icon_opt%22%2C%22icon_type%22%3A%22custom_icon_themify%22%2C%22icon_fw%22%3A%22far%20fa-comment-dots%22%2C%22icon_op%22%3A%22vc-oi%20vc-oi-dial%22%2C%22icon_ty%22%3A%22typcn%20typcn-adjust-brightness%22%2C%22icon_ent%22%3A%22entypo-icon%20entypo-icon-note%22%2C%22icon_ln%22%3A%22vc_li%20vc_li-heart%22%2C%22icon_ms%22%3A%22vc-mono%20vc-mono-apple%22%2C%22icon_mat%22%3A%22vc-material%20vc-material-3d_rotation%22%2C%22icon_linear%22%3A%22lnr%20lnr-construction%22%2C%22icon_themify%22%3A%22ti-blackboard%22%2C%22feature_content%22%3A%22Transmita%20ao%20vivo%20ou%20conte%C3%BAdos%20gravados.%20Sem%20necessidade%20de%20equipamentos%20caros%20e%20complicados.%22%7D%2C%7B%22icon_or_image%22%3A%22icon_opt%22%2C%22icon_type%22%3A%22custom_icon_lnr%22%2C%22icon_fw%22%3A%22fas%20fa-dice%22%2C%22icon_op%22%3A%22vc-oi%20vc-oi-dial%22%2C%22icon_ty%22%3A%22typcn%20typcn-adjust-brightness%22%2C%22icon_ent%22%3A%22entypo-icon%20entypo-icon-note%22%2C%22icon_ln%22%3A%22vc_li%20vc_li-heart%22%2C%22icon_ms%22%3A%22vc-mono%20vc-mono-apple%22%2C%22icon_mat%22%3A%22vc-material%20vc-material-3d_rotation%22%2C%22icon_linear%22%3A%22lnr%20lnr-rocket%22%2C%22icon_themify%22%3A%22ti-unlock%22%2C%22feature_content%22%3A%22Garantia%20de%20bom%20desempenho%20em%20suas%20transmiss%C3%B5es%20ao%20vivo%2C%20sem%20quedas%20ou%20travamentos.%22%7D%2C%7B%22icon_or_image%22%3A%22icon_opt%22%2C%22icon_type%22%3A%22custom_icon_themify%22%2C%22icon_op%22%3A%22vc-oi%20vc-oi-dial%22%2C%22icon_ty%22%3A%22typcn%20typcn-adjust-brightness%22%2C%22icon_ent%22%3A%22entypo-icon%20entypo-icon-note%22%2C%22icon_ln%22%3A%22vc_li%20vc_li-heart%22%2C%22icon_ms%22%3A%22vc-mono%20vc-mono-apple%22%2C%22icon_mat%22%3A%22vc-material%20vc-material-3d_rotation%22%2C%22icon_linear%22%3A%22lnr%20lnr-database%22%2C%22icon_themify%22%3A%22ti-comments%22%2C%22feature_content%22%3A%22Conte%20com%20nosso%20suporte%20premium%2C%20via%20chat%2C%20ticket%2C%20telefone%20e%20WhatsApp.%207%20dias%20por%20semana!%22%7D%5D&#8221;][\/vc_column][\/vc_row][vc_row full_width=&#8221;stretch_row&#8221;][vc_column][vc_empty_space height=&#8221;50px&#8221;][\/vc_column][\/vc_row][vc_row title_styles=&#8221;style_1&#8243; title_style_one=&#8221;https:\/\/jmvstream.com\/wp-content\/themes\/inova\/assets\/image\/shortcodes\/title_1.png&#8221; title_style_two=&#8221;https:\/\/jmvstream.com\/wp-content\/themes\/inova\/assets\/image\/shortcodes\/title_2.png&#8221; title_style_three=&#8221;https:\/\/jmvstream.com\/wp-content\/themes\/inova\/assets\/image\/shortcodes\/title_3.png&#8221; title_text=&#8221;Flexible Plans To Start With&#8221; stitle_font_weight=&#8221;&#8221; stitle_text_transform=&#8221;&#8221; subtitle_text=&#8221;Nemo enim ipsam voluptatem quia voluptas sit aspernatur aut odit aut fugit, sed consequuntur magni dolores ratione voluptatem sequi nesciunt.&#8221; subtitle_font_size=&#8221;&#8221; subtitle_font_weight=&#8221;&#8221; subtitle_text_transform=&#8221;&#8221; tab_enable_disable=&#8221;disable&#8221; pricing_enabled_style=&#8221;style_1&#8243; pricing_enabled_style_one=&#8221;https:\/\/jmvstream.com\/wp-content\/themes\/inova\/assets\/image\/shortcodes\/pricing_1_1.png&#8221; pricing_enabled_style_two=&#8221;https:\/\/jmvstream.com\/wp-content\/themes\/inova\/assets\/image\/shortcodes\/pricing_3.png&#8221; pricing_style=&#8221;style_3&#8243; pricing_style_one=&#8221;https:\/\/jmvstream.com\/wp-content\/themes\/inova\/assets\/image\/shortcodes\/pricing_1.png&#8221; pricing_style_two=&#8221;https:\/\/jmvstream.com\/wp-content\/themes\/inova\/assets\/image\/shortcodes\/pricing_2.png&#8221; pricing_style_three=&#8221;https:\/\/jmvstream.com\/wp-content\/themes\/inova\/assets\/image\/shortcodes\/pricing_2_3.png&#8221; tab_font_size=&#8221;&#8221; tab_font_weight=&#8221;&#8221; tab_text_transform=&#8221;&#8221; tab_text_color=&#8221;&#8221; tab_border_color=&#8221;&#8221; title_font_size=&#8221;&#8221; title_font_weight=&#8221;&#8221; title_text_transform=&#8221;&#8221; title_text_color=&#8221;&#8221; currency_size=&#8221;&#8221; currency_weight=&#8221;&#8221; currency_color=&#8221;&#8221; price_size=&#8221;&#8221; price_weight=&#8221;&#8221; price_color=&#8221;&#8221; period_size=&#8221;&#8221; period_weight=&#8221;&#8221; period_text_transform=&#8221;&#8221; period_text_color=&#8221;&#8221; period_bg_color=&#8221;&#8221; lists_font_size=&#8221;&#8221; lists_font_weight=&#8221;&#8221; lists_text_transform=&#8221;&#8221; lists_text_color=&#8221;&#8221; try_font_size=&#8221;&#8221; try_font_weight=&#8221;&#8221; try_text_transform=&#8221;&#8221; try_text_color=&#8221;&#8221; try_text_hover_color=&#8221;&#8221; purchase_font_size=&#8221;&#8221; purchase_font_weight=&#8221;&#8221; purchase_text_transform=&#8221;&#8221; purchase_btn_bdr_radius=&#8221;40px&#8221; pricing_table_bg_color=&#8221;&#8221; tab_pricings=&#8221;%5B%7B%22pricing_title%22%3A%22Professional%22%2C%22pricing_currency%22%3A%22%24%22%2C%22pricing_amount%22%3A%2249%22%2C%22pricing_time_period%22%3A%22Lifetime%22%2C%22tab_pricing_lists%22%3A%22%255B%257B%2522pricing_list_text%2522%253A%2522Ten%2520Users%2522%257D%252C%257B%2522pricing_list_text%2522%253A%25223000%2520ui%2520elements%2522%257D%252C%257B%2522pricing_list_text%2522%253A%2522Email%2520Support%2522%257D%255D%22%2C%22is_try_button%22%3A%22none%22%2C%22purchase_button_label%22%3A%22Purchase%22%2C%22purchase_button_url%22%3A%22%23%22%2C%22assigning_tab%22%3A%221%22%2C%22best_price_value%22%3A%22no%22%7D%2C%7B%22pricing_title%22%3A%22Business%22%2C%22pricing_currency%22%3A%22%24%22%2C%22pricing_amount%22%3A%2269%22%2C%22pricing_time_period%22%3A%22Lifetime%22%2C%22tab_pricing_lists%22%3A%22%255B%257B%2522pricing_list_text%2522%253A%2522Ten%2520Users%2522%257D%252C%257B%2522pricing_list_text%2522%253A%25223000%2520ui%2520elements%2522%257D%252C%257B%2522pricing_list_text%2522%253A%2522Email%2520Support%2522%257D%255D%22%2C%22is_try_button%22%3A%22none%22%2C%22purchase_button_label%22%3A%22Purchase%22%2C%22purchase_button_url%22%3A%22%23%22%2C%22assigning_tab%22%3A%221%22%2C%22best_price_value%22%3A%22no%22%7D%5D&#8221; stitle_font_size=&#8221;&#8221; stitle_color=&#8221;&#8221; subtitle_color=&#8221;&#8221; first_tab_title=&#8221;&#8221; second_tab_title=&#8221;&#8221; el_id=&#8221;tabela-de-pre\u00e7os-live-social&#8221;][vc_column][inova_tab_pricing title_style_one=&#8221;&#8221; title_text=&#8221;PLANOS LIVE SOCIAL&#8221; stitle_text_transform=&#8221;capitalize&#8221; subtitle_text=&#8221;Retransmiss\u00e3o simult\u00e2nea de sua live, ou conte\u00fado gravado, para Instagram, YouTube, Facebook, Twitter, Twitch TV a partir de uma \u00fanica origem. Transmita para mais de 30 perfis simultaneamente.&#8221; tab_enable_disable=&#8221;disable&#8221; pricing_style=&#8221;style_3&#8243; pricing_style_three=&#8221;&#8221; price_size=&#8221;46px&#8221; tab_pricings=&#8221;%5B%7B%22pricing_title%22%3A%22Start%22%2C%22pricing_currency%22%3A%22R%24%2097%2C00%22%2C%22pricing_amount%22%3A%22Mensal.%22%2C%22pricing_time_period%22%3A%22Monthly%22%2C%22tab_pricing_lists%22%3A%22%255B%257B%2522pricing_list_text%2522%253A%25221%2520RTMP.%2522%257D%252C%257B%2522pricing_list_text%2522%253A%2522Retransmiss%25C3%25A3o%2520para%2520at%25C3%25A9%25203%2520redes%2520sociais%2520simultaneamente.%2522%257D%252C%257B%2522pricing_list_text%2522%253A%2522Instagram%2520formato%2520paisagem.%2522%257D%252C%257B%2522pricing_list_text%2522%253A%2522At%25C3%25A9%25205%2520Mbps.%2522%257D%252C%257B%2522pricing_list_text%2522%253A%2522Suporte%2520premium%2520via%2520chat%252C%2520ticket%2520ou%2520telefone%2520(sem%2520rob%25C3%25B4s!).%2522%257D%252C%257B%257D%255D%22%2C%22is_try_button%22%3A%22none%22%2C%22purchase_button_label%22%3A%22Testar%20Plano%20Start%20Agora!%22%2C%22purchase_button_url%22%3A%22https%3A%2F%2Fcheckout.jmvstream.com%2Forder%2Flive-social-promocional&#8212;2021%2F27cb1f%22%2C%22assigning_tab%22%3A%222%22%2C%22best_price_value%22%3A%22no%22%2C%22best_value_text%22%3A%22%2B%22%7D%2C%7B%22pricing_title%22%3A%22Full%22%2C%22pricing_currency%22%3A%22R%24%20187%2C00%22%2C%22pricing_amount%22%3A%22Mensal.%22%2C%22pricing_time_period%22%3A%22Monthly%22%2C%22tab_pricing_lists%22%3A%22%255B%257B%2522pricing_list_text%2522%253A%25221%2520RTMP.%2522%257D%252C%257B%2522pricing_list_text%2522%253A%2522Retransmiss%25C3%25A3o%2520para%2520at%25C3%25A9%25206%2520redes%2520sociais%2520simultaneamente.%2522%257D%252C%257B%2522pricing_list_text%2522%253A%2522Instagram%2520formato%2520paisagem.%2522%257D%252C%257B%2522pricing_list_text%2522%253A%2522At%25C3%25A9%252010%2520Mbps.%2522%257D%252C%257B%2522pricing_list_text%2522%253A%2522Suporte%2520premium%2520via%2520chat%252C%2520ticket%2520ou%2520telefone%2520(sem%2520rob%25C3%25B4s!).%2522%257D%255D%22%2C%22is_try_button%22%3A%22none%22%2C%22purchase_button_label%22%3A%22Testar%20Plano%20Full%20Agora!%22%2C%22purchase_button_url%22%3A%22https%3A%2F%2Fcheckout.jmvstream.com%2Forder%2Flive-social-promocional&#8212;2021%2F27cb1e%22%2C%22assigning_tab%22%3A%221%22%2C%22best_price_value%22%3A%22yes%22%2C%22best_value_text%22%3A%22%2B%22%7D%5D&#8221;][vc_separator el_width=&#8221;90&#8243;][\/vc_column][\/vc_row][vc_row][vc_column width=&#8221;1\/6&#8243;][vc_single_image image=&#8221;12071&#8243; img_size=&#8221;147&#215;52&#8243; alignment=&#8221;center&#8221;][\/vc_column][vc_column width=&#8221;1\/6&#8243;][vc_single_image image=&#8221;12086&#8243; img_size=&#8221;75&#215;74&#8243; alignment=&#8221;center&#8221;][\/vc_column][vc_column width=&#8221;1\/6&#8243;][vc_single_image image=&#8221;12083&#8243; img_size=&#8221;83&#215;72&#8243; alignment=&#8221;center&#8221;][\/vc_column][vc_column width=&#8221;1\/6&#8243;][vc_single_image image=&#8221;12077&#8243; img_size=&#8221;146&#215;54&#8243; alignment=&#8221;center&#8221;][\/vc_column][vc_column width=&#8221;1\/6&#8243;][vc_single_image image=&#8221;12080&#8243; img_size=&#8221;96&#215;77&#8243; alignment=&#8221;center&#8221;][\/vc_column][vc_column width=&#8221;1\/6&#8243;][vc_single_image image=&#8221;12074&#8243; img_size=&#8221;125&#215;42&#8243;][\/vc_column][\/vc_row][vc_row full_width=&#8221;stretch_row&#8221;][vc_column][vc_separator el_width=&#8221;90&#8243;][vc_empty_space height=&#8221;100px&#8221;][\/vc_column][\/vc_row][vc_row full_width=&#8221;stretch_row&#8221; css=&#8221;.vc_custom_1628798953163{background-color: #0bb9e5 !important;}&#8221;][vc_column][vc_empty_space height=&#8221;100px&#8221;][vc_column_text]<\/p>\n<h2 style=\"font-size: 12px; line-height: 1.3; color: #ffffff; text-align: center;\"><span style=\"color: #ffffff;\"><strong>D\u00favidas? N\u00f3s podemos te ajudar!<\/strong><\/span><\/h2>\n<p>[\/vc_column_text][vc_column_text]<\/p>\n<p style=\"font-size: 16px; text-align: center;\"><span style=\"color: #ffffff;\">Solicite o contato de um especialista em solu\u00e7\u00f5es para live simult\u00e2nea para v\u00e1rias redes<\/span><\/p>\n<p style=\"font-size: 16px; text-align: center;\"><span style=\"color: #ffffff;\"> sociais ao mesmo tempo, preenchendo o formul\u00e1rio abaixo.<\/span><\/p>\n<p>[\/vc_column_text][vc_btn title=&#8221;Falar com um especialista!&#8221; shape=&#8221;round&#8221; color=&#8221;warning&#8221; align=&#8221;center&#8221; inova_vc_btn_pt=&#8221;15px&#8221; inova_vc_btn_pb=&#8221;15px&#8221; link=&#8221;url:https%3A%2F%2Fjmvstream.com%2Fpt-br%2Fcontato%2F|target:_blank&#8221;][vc_empty_space height=&#8221;75px&#8221;][\/vc_column][\/vc_row]<\/p>\n<\/div>","protected":false},"excerpt":{"rendered":"<p>[vc_row full_width=&#8221;stretch_row&#8221; css=&#8221;.vc_custom_1629222186897{background-color: #0bb9e5 !important;}&#8221;][vc_column][vc_empty_space height=&#8221;75px&#8221;][vc_empty_space height=&#8221;100px&#8221;][vc_column_text] Case de sucesso: Portal MPA [\/vc_column_text][vc_empty_space height=&#8221;75px&#8221;][\/vc_column][\/vc_row][vc_row full_width=&#8221;stretch_row&#8221;][vc_column][vc_empty_space<\/p>\n","protected":false},"author":45,"featured_media":0,"parent":0,"menu_order":0,"comment_status":"closed","ping_status":"closed","template":"page-homepage.php","meta":{"footnotes":""},"class_list":["post-11980","page","type-page","status-publish","hentry"],"aioseo_notices":[],"_links":{"self":[{"href":"https:\/\/jmvstream.com\/pt-br\/wp-json\/wp\/v2\/pages\/11980","targetHints":{"allow":["GET"]}}],"collection":[{"href":"https:\/\/jmvstream.com\/pt-br\/wp-json\/wp\/v2\/pages"}],"about":[{"href":"https:\/\/jmvstream.com\/pt-br\/wp-json\/wp\/v2\/types\/page"}],"author":[{"embeddable":true,"href":"https:\/\/jmvstream.com\/pt-br\/wp-json\/wp\/v2\/users\/45"}],"replies":[{"embeddable":true,"href":"https:\/\/jmvstream.com\/pt-br\/wp-json\/wp\/v2\/comments?post=11980"}],"version-history":[{"count":0,"href":"https:\/\/jmvstream.com\/pt-br\/wp-json\/wp\/v2\/pages\/11980\/revisions"}],"wp:attachment":[{"href":"https:\/\/jmvstream.com\/pt-br\/wp-json\/wp\/v2\/media?parent=11980"}],"curies":[{"name":"wp","href":"https:\/\/api.w.org\/{rel}","templated":true}]}}