{"id":11099,"date":"2021-07-06T12:17:49","date_gmt":"2021-07-06T15:17:49","guid":{"rendered":"https:\/\/jmvstream.com\/?page_id=11099"},"modified":"2021-07-07T16:43:51","modified_gmt":"2021-07-07T19:43:51","slug":"live-social","status":"publish","type":"page","link":"https:\/\/jmvstream.com\/pt-br\/live-social\/","title":{"rendered":"Live Social"},"content":{"rendered":"<div class=\"wpb-content-wrapper\"><p>[vc_row row_bg_image=&#8221;8437&#8243;][vc_column][vc_empty_space height=&#8221;170px&#8221;][\/vc_column][vc_column width=&#8221;1\/5&#8243;][\/vc_column][vc_column width=&#8221;3\/5&#8243;][vc_column_text]<\/p>\n<p style=\"text-align: center; font-size: 48px; line-height: 1.2;\"><span style=\"color: #ffffff;\"><b>Como transmitir para todas as redes sociais ao mesmo tempo:<\/b><\/span><\/p>\n<p>[\/vc_column_text][vc_column_text]<\/p>\n<p style=\"text-align: center;\"><span style=\"color: #333333; font-size: 18px;\"><span style=\"color: #ffffff;\">Aprenda, passo a passo, como transmitir suas lives simultaneamente para todas as redes sociais, alcan\u00e7ando uma audi\u00eancia ilimitada. A partir de uma \u00fanica origem de transmiss\u00e3o, sem precisar de equipamentos caros e complicados.<\/span><br \/>\n<\/span>[\/vc_column_text][vc_btn title=&#8221;Conhe\u00e7a os planos!&#8221; shape=&#8221;round&#8221; color=&#8221;warning&#8221; el_id=&#8221;#tabela-de-pre\u00e7os-live-social&#8221; link=&#8221;url:%23tabela-de-pre%C3%A7os-live-social|||&#8221;][vc_single_image image=&#8221;8639&#8243; img_size=&#8221;full&#8221; alignment=&#8221;center&#8221; onclick=&#8221;custom_link&#8221; link=&#8221;#escolha-um-plano&#8221;][\/vc_column][vc_column width=&#8221;1\/5&#8243;][\/vc_column][vc_column][vc_empty_space height=&#8221;60px&#8221;][\/vc_column][\/vc_row][vc_row css_animation=&#8221;none&#8221; css=&#8221;.vc_custom_1593019659039{background-color: #fafafa !important;}&#8221; el_id=&#8221;escolha-um-plano&#8221;][vc_column][vc_empty_space height=&#8221;100px&#8221;][\/vc_column][vc_column width=&#8221;1\/5&#8243;][\/vc_column][vc_column css_animation=&#8221;fadeInUp&#8221; width=&#8221;3\/5&#8243;][vc_column_text]<\/p>\n<p style=\"text-align: center; font-size: 48px; line-height: 1.2;\"><strong><img loading=\"lazy\" decoding=\"async\" class=\"alignnone wp-image-8617\" src=\"https:\/\/jmvstream.com\/wp-content\/uploads\/2020\/06\/passo-1-como-transmitir-para-todas-as-redes-sociais-ao-mesmo-tempo-jmv-stream-300x300.png\" alt=\"\" width=\"35\" height=\"35\" srcset=\"https:\/\/jmvstream.com\/wp-content\/uploads\/2020\/06\/passo-1-como-transmitir-para-todas-as-redes-sociais-ao-mesmo-tempo-jmv-stream-300x300.png 300w, https:\/\/jmvstream.com\/wp-content\/uploads\/2020\/06\/passo-1-como-transmitir-para-todas-as-redes-sociais-ao-mesmo-tempo-jmv-stream-150x150.png 150w, https:\/\/jmvstream.com\/wp-content\/uploads\/2020\/06\/passo-1-como-transmitir-para-todas-as-redes-sociais-ao-mesmo-tempo-jmv-stream-270x270.png 270w, https:\/\/jmvstream.com\/wp-content\/uploads\/2020\/06\/passo-1-como-transmitir-para-todas-as-redes-sociais-ao-mesmo-tempo-jmv-stream-286x286.png 286w, https:\/\/jmvstream.com\/wp-content\/uploads\/2020\/06\/passo-1-como-transmitir-para-todas-as-redes-sociais-ao-mesmo-tempo-jmv-stream.png 329w\" sizes=\"auto, (max-width: 35px) 100vw, 35px\" \/> <\/strong><strong>Escolha um plano<\/strong><\/p>\n<p>&nbsp;<\/p>\n<p style=\"text-align: center; font-size: 16px;\">Com o Live Social voc\u00ea pode transmitir seu conte\u00fado ao vivo, ou gravado, para todas as redes sociais ao mesmo tempo. Ap\u00f3s escolher um plano compat\u00edvel com sua necessidade, voc\u00ea receber\u00e1 um e-mail com todos os dados para acessar a plataforma.<\/p>\n<p>[\/vc_column_text][\/vc_column][vc_column width=&#8221;1\/5&#8243;][\/vc_column][vc_column css_animation=&#8221;fadeInUp&#8221;][vc_single_image image=&#8221;8611&#8243; img_size=&#8221;full&#8221; alignment=&#8221;center&#8221; css_animation=&#8221;none&#8221;][vc_single_image image=&#8221;8524&#8243; img_size=&#8221;full&#8221; alignment=&#8221;center&#8221; onclick=&#8221;custom_link&#8221; link=&#8221;#escolha-um-conteudo&#8221;][vc_separator el_width=&#8221;60&#8243;][\/vc_column][\/vc_row][vc_row css_animation=&#8221;none&#8221; css=&#8221;.vc_custom_1592854054208{background-color: #fafafa !important;}&#8221; el_id=&#8221;escolha-um-conteudo&#8221;][vc_column][\/vc_column][vc_column width=&#8221;1\/5&#8243;][\/vc_column][vc_column css_animation=&#8221;fadeInUp&#8221; width=&#8221;3\/5&#8243;][vc_column_text]<\/p>\n<p style=\"text-align: center; font-size: 48px; line-height: 1.2;\"><strong><img loading=\"lazy\" decoding=\"async\" class=\"alignnone wp-image-8620\" src=\"https:\/\/jmvstream.com\/wp-content\/uploads\/2020\/06\/passo-2-como-transmitir-para-todas-as-redes-sociais-ao-mesmo-tempo-jmv-stream-300x300.png\" alt=\"\" width=\"35\" height=\"35\" srcset=\"https:\/\/jmvstream.com\/wp-content\/uploads\/2020\/06\/passo-2-como-transmitir-para-todas-as-redes-sociais-ao-mesmo-tempo-jmv-stream-300x300.png 300w, https:\/\/jmvstream.com\/wp-content\/uploads\/2020\/06\/passo-2-como-transmitir-para-todas-as-redes-sociais-ao-mesmo-tempo-jmv-stream-150x150.png 150w, https:\/\/jmvstream.com\/wp-content\/uploads\/2020\/06\/passo-2-como-transmitir-para-todas-as-redes-sociais-ao-mesmo-tempo-jmv-stream-270x270.png 270w, https:\/\/jmvstream.com\/wp-content\/uploads\/2020\/06\/passo-2-como-transmitir-para-todas-as-redes-sociais-ao-mesmo-tempo-jmv-stream-286x286.png 286w, https:\/\/jmvstream.com\/wp-content\/uploads\/2020\/06\/passo-2-como-transmitir-para-todas-as-redes-sociais-ao-mesmo-tempo-jmv-stream.png 330w\" sizes=\"auto, (max-width: 35px) 100vw, 35px\" \/> Escolha seu conte\u00fado<\/strong><\/p>\n<p>&nbsp;<\/p>\n<p style=\"text-align: center;\"><span style=\"color: #333333; font-size: 16px;\">Para transmitir seu conte\u00fado gravado, envie os v\u00eddeos para plataforma e programe sua transmiss\u00e3o. Se desejar realizar uma transmiss\u00e3o ao vivo, configure os equipamentos e o sistema de acordo com os dados recebidos, n\u00e3o se esque\u00e7a de realizar um teste com anteced\u00eancia para garantir que est\u00e1 tudo certo.<br \/>\n<\/span>[\/vc_column_text][\/vc_column][vc_column width=&#8221;1\/5&#8243;][\/vc_column][vc_column css_animation=&#8221;fadeInUp&#8221;][vc_single_image image=&#8221;8484&#8243; img_size=&#8221;full&#8221; alignment=&#8221;center&#8221;][vc_single_image image=&#8221;8524&#8243; img_size=&#8221;full&#8221; alignment=&#8221;center&#8221; onclick=&#8221;custom_link&#8221; link=&#8221;#faca-login-em-suas-redes-sociais&#8221;][vc_separator el_width=&#8221;60&#8243;][\/vc_column][\/vc_row][vc_row css=&#8221;.vc_custom_1592854134201{background-color: #fafafa !important;}&#8221; el_id=&#8221;faca-login-em-suas-redes-sociais&#8221;][vc_column][vc_empty_space height=&#8221;60px&#8221;][\/vc_column][vc_column width=&#8221;1\/5&#8243;][\/vc_column][vc_column css_animation=&#8221;fadeInUp&#8221; width=&#8221;3\/5&#8243;][vc_column_text]<\/p>\n<p style=\"text-align: center; font-size: 48px; line-height: 1.2;\"><strong><img loading=\"lazy\" decoding=\"async\" class=\"alignnone wp-image-8623\" src=\"https:\/\/jmvstream.com\/wp-content\/uploads\/2020\/06\/passo-3-como-transmitir-para-todas-as-redes-sociais-ao-mesmo-tempo-jmv-stream-300x300.png\" alt=\"\" width=\"35\" height=\"35\" srcset=\"https:\/\/jmvstream.com\/wp-content\/uploads\/2020\/06\/passo-3-como-transmitir-para-todas-as-redes-sociais-ao-mesmo-tempo-jmv-stream-300x300.png 300w, https:\/\/jmvstream.com\/wp-content\/uploads\/2020\/06\/passo-3-como-transmitir-para-todas-as-redes-sociais-ao-mesmo-tempo-jmv-stream-150x150.png 150w, https:\/\/jmvstream.com\/wp-content\/uploads\/2020\/06\/passo-3-como-transmitir-para-todas-as-redes-sociais-ao-mesmo-tempo-jmv-stream-270x270.png 270w, https:\/\/jmvstream.com\/wp-content\/uploads\/2020\/06\/passo-3-como-transmitir-para-todas-as-redes-sociais-ao-mesmo-tempo-jmv-stream-286x286.png 286w, https:\/\/jmvstream.com\/wp-content\/uploads\/2020\/06\/passo-3-como-transmitir-para-todas-as-redes-sociais-ao-mesmo-tempo-jmv-stream.png 329w\" sizes=\"auto, (max-width: 35px) 100vw, 35px\" \/> Fa\u00e7a login em suas redes sociais<\/strong><\/p>\n<p>&nbsp;<\/p>\n<p style=\"text-align: center;\"><span style=\"color: #333333; font-size: 16px;\">Em nossa plataforma acesse a \u00e1rea do Live Social. Fa\u00e7a login nas redes sociais que deseja transmitir, voc\u00ea poder\u00e1 transmitir no Instagram, Facebook, (perfis, p\u00e1ginas e grupos) , Youtube, Twitter e Twitch TV. Ap\u00f3s o login nas redes sociais ative sua transmiss\u00e3o e o live social em seguida. Pronto! Voc\u00ea j\u00e1 estar\u00e1 transmitindo para todas as suas redes sociais ao mesmo tempo.<br \/>\n<\/span>[\/vc_column_text][\/vc_column][vc_column width=&#8221;1\/5&#8243;][\/vc_column][vc_column css_animation=&#8221;fadeInUp&#8221;][vc_single_image image=&#8221;8652&#8243; img_size=&#8221;full&#8221; alignment=&#8221;center&#8221;][vc_single_image image=&#8221;8524&#8243; img_size=&#8221;full&#8221; alignment=&#8221;center&#8221; onclick=&#8221;custom_link&#8221; link=&#8221;#interaja-com-seus-espectadores&#8221;][vc_separator el_width=&#8221;60&#8243;][\/vc_column][\/vc_row][vc_row css=&#8221;.vc_custom_1592854283675{background-color: #fafafa !important;}&#8221; el_id=&#8221;interaja-com-seus-espectadores&#8221;][vc_column][vc_empty_space height=&#8221;60px&#8221;][\/vc_column][vc_column width=&#8221;1\/5&#8243;][\/vc_column][vc_column css_animation=&#8221;fadeInUp&#8221; width=&#8221;3\/5&#8243;][vc_column_text]<\/p>\n<p style=\"text-align: center; font-size: 48px; line-height: 1.2;\"><strong><img loading=\"lazy\" decoding=\"async\" class=\"alignnone wp-image-8626\" src=\"https:\/\/jmvstream.com\/wp-content\/uploads\/2020\/06\/passo-4-como-transmitir-para-todas-as-redes-sociais-ao-mesmo-tempo-jmv-stream-300x300.png\" alt=\"\" width=\"35\" height=\"35\" srcset=\"https:\/\/jmvstream.com\/wp-content\/uploads\/2020\/06\/passo-4-como-transmitir-para-todas-as-redes-sociais-ao-mesmo-tempo-jmv-stream-300x300.png 300w, https:\/\/jmvstream.com\/wp-content\/uploads\/2020\/06\/passo-4-como-transmitir-para-todas-as-redes-sociais-ao-mesmo-tempo-jmv-stream-150x150.png 150w, https:\/\/jmvstream.com\/wp-content\/uploads\/2020\/06\/passo-4-como-transmitir-para-todas-as-redes-sociais-ao-mesmo-tempo-jmv-stream-270x270.png 270w, https:\/\/jmvstream.com\/wp-content\/uploads\/2020\/06\/passo-4-como-transmitir-para-todas-as-redes-sociais-ao-mesmo-tempo-jmv-stream-286x286.png 286w, https:\/\/jmvstream.com\/wp-content\/uploads\/2020\/06\/passo-4-como-transmitir-para-todas-as-redes-sociais-ao-mesmo-tempo-jmv-stream.png 329w\" sizes=\"auto, (max-width: 35px) 100vw, 35px\" \/> Interaja com seus espectadores<\/strong><\/p>\n<p>&nbsp;<\/p>\n<p style=\"text-align: center;\"><span style=\"color: #333333; font-size: 16px;\">Aumente o engajamento com seus espectadores utilizando nossas ferramentas de intera\u00e7\u00e3o no player em seu site. Responda a coment\u00e1rios no chat, crie enquetes e realize sorteios de forma transparente e sem que seus espectadores precisem sair do player para interagir.<br \/>\n<\/span>[\/vc_column_text][\/vc_column][vc_column width=&#8221;1\/5&#8243;][\/vc_column][vc_column css_animation=&#8221;fadeInUp&#8221;][vc_single_image image=&#8221;8608&#8243; img_size=&#8221;full&#8221; alignment=&#8221;center&#8221;][vc_single_image image=&#8221;8524&#8243; img_size=&#8221;full&#8221; alignment=&#8221;center&#8221; onclick=&#8221;custom_link&#8221; link=&#8221;#gerencie-seus-anuncios&#8221;][vc_separator el_width=&#8221;60&#8243;][\/vc_column][\/vc_row][vc_row css=&#8221;.vc_custom_1592854599194{background-color: #fafafa !important;}&#8221; el_id=&#8221;gerencie-seus-anuncios&#8221;][vc_column][vc_empty_space height=&#8221;60px&#8221;][\/vc_column][vc_column width=&#8221;1\/5&#8243;][\/vc_column][vc_column css_animation=&#8221;fadeInUp&#8221; width=&#8221;3\/5&#8243;][vc_column_text]<\/p>\n<p style=\"text-align: center; font-size: 48px; line-height: 1.2;\"><strong><img loading=\"lazy\" decoding=\"async\" class=\"alignnone wp-image-8629\" src=\"https:\/\/jmvstream.com\/wp-content\/uploads\/2020\/06\/passo-5-como-transmitir-para-todas-as-redes-sociais-ao-mesmo-tempo-jmv-stream-300x300.png\" alt=\"\" width=\"35\" height=\"35\" srcset=\"https:\/\/jmvstream.com\/wp-content\/uploads\/2020\/06\/passo-5-como-transmitir-para-todas-as-redes-sociais-ao-mesmo-tempo-jmv-stream-300x300.png 300w, https:\/\/jmvstream.com\/wp-content\/uploads\/2020\/06\/passo-5-como-transmitir-para-todas-as-redes-sociais-ao-mesmo-tempo-jmv-stream-150x150.png 150w, https:\/\/jmvstream.com\/wp-content\/uploads\/2020\/06\/passo-5-como-transmitir-para-todas-as-redes-sociais-ao-mesmo-tempo-jmv-stream-270x270.png 270w, https:\/\/jmvstream.com\/wp-content\/uploads\/2020\/06\/passo-5-como-transmitir-para-todas-as-redes-sociais-ao-mesmo-tempo-jmv-stream-286x286.png 286w, https:\/\/jmvstream.com\/wp-content\/uploads\/2020\/06\/passo-5-como-transmitir-para-todas-as-redes-sociais-ao-mesmo-tempo-jmv-stream.png 329w\" sizes=\"auto, (max-width: 35px) 100vw, 35px\" \/>\u00a0Gerencie seus an\u00fancios<\/strong><\/p>\n<p>&nbsp;<\/p>\n<p style=\"text-align: center;\"><span style=\"color: #333333; font-size: 16px;\">Caso deseje monetizar a sua live, voc\u00ea poder\u00e1 inserir an\u00fancios em suas transmiss\u00f5es com total controle e autonomia. Delimite o tempo, determine os valores e escolha os segmentos que mais se relacionam ao seu conte\u00fado.<br \/>\n<\/span>[\/vc_column_text][\/vc_column][vc_column width=&#8221;1\/5&#8243;][\/vc_column][vc_column css_animation=&#8221;fadeInUp&#8221;][vc_single_image image=&#8221;8450&#8243; img_size=&#8221;full&#8221; alignment=&#8221;center&#8221;][vc_single_image image=&#8221;8524&#8243; img_size=&#8221;full&#8221; alignment=&#8221;center&#8221; onclick=&#8221;custom_link&#8221; el_id=&#8221;#apresente-suas-estatisticas&#8221; link=&#8221;#apresente-suas-estatisticas&#8221;][vc_separator el_width=&#8221;80&#8243;][\/vc_column][\/vc_row][vc_row el_id=&#8221;apresente-suas-estatisticas&#8221; css=&#8221;.vc_custom_1592854672090{background-color: #fafafa !important;}&#8221;][vc_column][vc_empty_space height=&#8221;60px&#8221;][\/vc_column][vc_column width=&#8221;1\/5&#8243;][\/vc_column][vc_column css_animation=&#8221;fadeInUp&#8221; width=&#8221;3\/5&#8243;][vc_column_text]<\/p>\n<p style=\"text-align: center; font-size: 48px; line-height: 1.2;\"><strong><img loading=\"lazy\" decoding=\"async\" class=\"alignnone wp-image-8632\" src=\"https:\/\/jmvstream.com\/wp-content\/uploads\/2020\/06\/passo-6-como-transmitir-para-todas-as-redes-sociais-ao-mesmo-tempo-jmv-stream-300x300.png\" alt=\"\" width=\"35\" height=\"35\" srcset=\"https:\/\/jmvstream.com\/wp-content\/uploads\/2020\/06\/passo-6-como-transmitir-para-todas-as-redes-sociais-ao-mesmo-tempo-jmv-stream-300x300.png 300w, https:\/\/jmvstream.com\/wp-content\/uploads\/2020\/06\/passo-6-como-transmitir-para-todas-as-redes-sociais-ao-mesmo-tempo-jmv-stream-150x150.png 150w, https:\/\/jmvstream.com\/wp-content\/uploads\/2020\/06\/passo-6-como-transmitir-para-todas-as-redes-sociais-ao-mesmo-tempo-jmv-stream-270x270.png 270w, https:\/\/jmvstream.com\/wp-content\/uploads\/2020\/06\/passo-6-como-transmitir-para-todas-as-redes-sociais-ao-mesmo-tempo-jmv-stream-286x286.png 286w, https:\/\/jmvstream.com\/wp-content\/uploads\/2020\/06\/passo-6-como-transmitir-para-todas-as-redes-sociais-ao-mesmo-tempo-jmv-stream.png 329w\" sizes=\"auto, (max-width: 35px) 100vw, 35px\" \/>\u00a0Apresente suas estat\u00edsticas<\/strong><\/p>\n<p>&nbsp;<\/p>\n<p style=\"text-align: center;\"><span style=\"color: #333333; font-size: 16px;\">Ap\u00f3s realizar a sua transmiss\u00e3o, voc\u00ea ter\u00e1 relat\u00f3rios completos sobre a audi\u00eancia da sua transmiss\u00e3o e de seus an\u00fancios. Mensure a localiza\u00e7\u00e3o, hor\u00e1rio e os dispositivos que os usu\u00e1rios acessam o seu conte\u00fado. Utilize esses dados para conquistar novos anunciantes e aumentar ainda mais a sua renda com an\u00fancios.<br \/>\n<\/span>[\/vc_column_text][\/vc_column][vc_column width=&#8221;1\/5&#8243;][\/vc_column][vc_column css_animation=&#8221;fadeInUp&#8221;][vc_single_image image=&#8221;8478&#8243; img_size=&#8221;full&#8221; alignment=&#8221;center&#8221;][vc_single_image image=&#8221;8524&#8243; img_size=&#8221;full&#8221; alignment=&#8221;center&#8221; onclick=&#8221;custom_link&#8221; link=&#8221;#clientes&#8221;][vc_empty_space height=&#8221;70&#8243;][\/vc_column][\/vc_row][vc_row css=&#8221;.vc_custom_1592853244842{background-color: #fafafa !important;}&#8221;][vc_column css_animation=&#8221;fadeInUp&#8221;][vc_empty_space height=&#8221;60px&#8221;][\/vc_column][vc_column width=&#8221;1\/5&#8243;][\/vc_column][vc_column width=&#8221;3\/5&#8243;][vc_column_text]<\/p>\n<p style=\"text-align: center; font-size: 40px; line-height: 1.2;\"><strong>Veja abaixo como \u00e9 simples!<\/strong><\/p>\n<p>[\/vc_column_text][\/vc_column][vc_column width=&#8221;1\/5&#8243;][\/vc_column][vc_column][inova_raw_html]<\/p>\n<div style=\"display: flex; justify-content: center;\"><iframe loading=\"lazy\" style=\"max-width: 100%;\" src=\"https:\/\/player.jmvstream.com\/GABVbodAEtgzfslejLJCLmCTkVmc4I\/ke5tvp1e1adh1tr\" width=\"800\" height=\"450\" frameborder=\"0\" allowfullscreen=\"allowfullscreen\"><\/iframe><\/div>\n<p>[\/inova_raw_html][vc_empty_space height=&#8221;70&#8243;][\/vc_column][\/vc_row][vc_section][vc_row][vc_column][vc_empty_space][\/vc_column][vc_column width=&#8221;1\/6&#8243;][\/vc_column][vc_column width=&#8221;4\/6&#8243;][inova_power_feature icon_or_image=&#8221;image_opt&#8221; icon_image=&#8221;10393&#8243; power_feature_title=&#8221;Transmitir para todas as redes com tecnologia Nvidia&#8221;]Transmita para todas as redes sociais ao mesmo tempo, com imagens de alta defini\u00e7\u00e3o, utilizando cart\u00f5es gr\u00e1ficos Nvidia de \u00faltima gera\u00e7\u00e3o, garantindo o bom desempenho em suas transmiss\u00f5es ao vivo, sem quedas ou travamentos.[\/inova_power_feature][vc_empty_space height=&#8221;20px&#8221;][\/vc_column][vc_column width=&#8221;1\/6&#8243;][\/vc_column][\/vc_row][vc_row content_placement=&#8221;top&#8221; el_id=&#8221;faq-recursos&#8221;][vc_column][inova_faq title_styles=&#8221;style_3&#8243; title_style_three=&#8221;&#8221; title_text=&#8221;&#8221; stitle_text_transform=&#8221;inherit&#8221; subtitle_text=&#8221;&#8221; subtitle_text_transform=&#8221;uppercase&#8221; faq_style_one=&#8221;&#8221; title_text_transform=&#8221;full-width&#8221; content_text_transform=&#8221;inherit&#8221; faqs=&#8221;%5B%7B%22faq_title%22%3A%22Transcoder%20(Adaptative%20Dinamic%20Streaming)%22%2C%22faq_contents%22%3A%22%255B%257B%2522faq_content%2522%253A%2522Esta%2520%25C3%25A9%252C%2520sem%2520d%25C3%25BAvida%252C%2520a%2520melhor%2520forma%2520de%2520entregar%2520seu%2520multistreaming%2520para%2520o%2520usu%25C3%25A1rio%2520final.%2520Voc%25C3%25AA%2520envia%2520a%2520transmiss%25C3%25A3o%2520em%2520alta%2520qualidade%2520e%2520o%2520sistema%2520automaticamente%2520recodifica%2520a%2520transmiss%25C3%25A3o%2520simult%25C3%25A2nea%2520para%2520as%2520qualidades%2520inferiores.%2520O%2520sistema%2520disponibiliza%2520de%2520forma%2520autom%25C3%25A1tica%2520qual%2520a%2520melhor%2520qualidade%2520de%2520acordo%2520com%2520a%2520internet%2520do%2520espectador.%2520Ele%2520tamb%25C3%25A9m%2520poder%25C3%25A1%2520escolher%2520a%2520qualidade%2520no%2520player%2520manualmente%2520caso%2520desejar.%2522%257D%255D%22%7D%2C%7B%22faq_title%22%3A%22Estat%C3%ADsticas%20Completas%20Para%20O%20Seu%20Multistreaming%22%2C%22faq_contents%22%3A%22%255B%257B%2522faq_content%2522%253A%2522Estat%25C3%25ADsticas%2520completas%2520sobre%2520a%2520audi%25C3%25AAncia%2520de%2520seu%2520multistreaming%252C%2520com%2520dados%2520de%2520acesso%2520por%2520dispositivo%252C%2520sistema%2520operacional%252C%2520browser%252C%2520regi%25C3%25A3o%252C%2520mapa%2520interativo%2520e%2520gr%25C3%25A1ficos%2520em%2520tempo%2520real.%2522%257D%255D%22%7D%2C%7B%22faq_title%22%3A%22Seguran%C3%A7a%20E%20Criptografia%22%2C%22faq_contents%22%3A%22%255B%257B%2522faq_content%2522%253A%2522Protegemos%2520todos%2520os%2520conte%25C3%25BAdos%2520do%2520seu%2520multistreaming%2520evitando%2520grava%25C3%25A7%25C3%25A3o%2520e%2520download.%2520O%2520nosso%2520servi%25C3%25A7o%2520de%2520transmiss%25C3%25A3o%2520simult%25C3%25A2nea%2520conta%2520com%2520a%2520criptografia%2520e%2520prote%25C3%25A7%25C3%25A3o%2520do%2520local%2520de%2520exibi%25C3%25A7%25C3%25A3o%2520al%25C3%25A9m%2520de%2520diversas%2520outras%2520ferramentas%2520que%2520garantem%2520a%2520seguran%25C3%25A7a%2520do%2520seu%2520conte%25C3%25BAdo%2520contra%2520a%2520pirataria%2520de%2520multistream.%2522%257D%255D%22%7D%2C%7B%22faq_title%22%3A%22Web%20Service%20Para%20Integra%C3%A7%C3%A3o%22%2C%22faq_contents%22%3A%22%255B%257B%2522faq_content%2522%253A%2522Automa%25C3%25A7%25C3%25A3o%2520e%2520integra%25C3%25A7%25C3%25A3o%2520dos%2520seus%2520sites%2520com%2520o%2520nosso%2520sistema%2520de%2520multistream%2520atrav%25C3%25A9s%2520de%2520uma%2520API%2520que%2520desenvolvemos%2520para%2520nossos%2520clientes%252C%2520permitindo%2520que%2520seus%2520desenvolvedores%2520controlem%2520fun%25C3%25A7%25C3%25B5es%2520como%2520play%252Fpause%252C%2520minutos%2520assistidos%2520e%2520etc.%2522%257D%255D%22%7D%5D&#8221;][\/vc_column][\/vc_row][\/vc_section][vc_row equal_height=&#8221;yes&#8221; content_placement=&#8221;middle&#8221; content_alignment=&#8221;text-justify&#8221; row_bg_repeat=&#8221;no-repeat&#8221; is_row_overlay=&#8221;overlay&#8221; row_overlay_type=&#8221;solid&#8221; row_overlay_solid=&#8221;#242424&#8243; row_overlay_opacity=&#8221;0.85&#8243; css=&#8221;.vc_custom_1599596780931{background-color: #242424 !important;}&#8221; row_bg_image=&#8221;9804&#8243;][vc_column][inova_short_address title_style_one=&#8221;&#8221; title_text=&#8221;Amamos o que fazemos 7 dias por semana!&#8221; subtitle_text=&#8221;Fazemos parte do grupo JMV Technology, uma multinacional com foco em solu\u00e7\u00f5es de tecnologia e na experi\u00eancia do usu\u00e1rio. Desde 2003 trazendo solu\u00e7\u00f5es para mais de 6 mil clientes em 4 continentes.&#8221; address_column=&#8221;4&#8243; title_color=&#8221;#ffffff&#8221; content_color=&#8221;#ffffff&#8221; address_items=&#8221;%5B%7B%22address_heading%22%3A%22Sede%20Brasil%22%2C%22address_heading_items%22%3A%22%255B%257B%2522address_heading_item%2522%253A%2522Campinas%2520-%2520S%25C3%25A3o%2520Paulo%2520%252F%2520Brasil%2522%257D%255D%22%7D%2C%7B%22address_heading%22%3A%22Sede%20Brasil%22%2C%22address_heading_items%22%3A%22%255B%257B%2522address_heading_item%2522%253A%2522Divin%25C3%25B3polis%2520-%2520Minas%2520Gerais%2520%252F%2520Brasil%2522%257D%255D%22%7D%2C%7B%22address_heading%22%3A%22Sede%20Portugal%22%2C%22address_heading_items%22%3A%22%255B%257B%2522address_heading_item%2522%253A%2522Odivelas%2520-%2520Lisboa%2520%252F%2520Portugal%2522%257D%255D%22%7D%5D&#8221; stitle_color=&#8221;#ffffff&#8221; subtitle_color=&#8221;#ffffff&#8221;][\/vc_column][\/vc_row]<\/p>\n<\/div>","protected":false},"excerpt":{"rendered":"<p>[vc_row row_bg_image=&#8221;8437&#8243;][vc_column][vc_empty_space height=&#8221;170px&#8221;][\/vc_column][vc_column width=&#8221;1\/5&#8243;][\/vc_column][vc_column width=&#8221;3\/5&#8243;][vc_column_text] Como transmitir para todas as redes sociais ao mesmo tempo:<\/p>\n","protected":false},"author":39,"featured_media":6159,"parent":0,"menu_order":0,"comment_status":"closed","ping_status":"closed","template":"page-homepage.php","meta":{"footnotes":""},"class_list":["post-11099","page","type-page","status-publish","has-post-thumbnail","hentry"],"aioseo_notices":[],"_links":{"self":[{"href":"https:\/\/jmvstream.com\/pt-br\/wp-json\/wp\/v2\/pages\/11099","targetHints":{"allow":["GET"]}}],"collection":[{"href":"https:\/\/jmvstream.com\/pt-br\/wp-json\/wp\/v2\/pages"}],"about":[{"href":"https:\/\/jmvstream.com\/pt-br\/wp-json\/wp\/v2\/types\/page"}],"author":[{"embeddable":true,"href":"https:\/\/jmvstream.com\/pt-br\/wp-json\/wp\/v2\/users\/39"}],"replies":[{"embeddable":true,"href":"https:\/\/jmvstream.com\/pt-br\/wp-json\/wp\/v2\/comments?post=11099"}],"version-history":[{"count":0,"href":"https:\/\/jmvstream.com\/pt-br\/wp-json\/wp\/v2\/pages\/11099\/revisions"}],"wp:featuredmedia":[{"embeddable":true,"href":"https:\/\/jmvstream.com\/pt-br\/wp-json\/wp\/v2\/media\/6159"}],"wp:attachment":[{"href":"https:\/\/jmvstream.com\/pt-br\/wp-json\/wp\/v2\/media?parent=11099"}],"curies":[{"name":"wp","href":"https:\/\/api.w.org\/{rel}","templated":true}]}}