{"id":10822,"date":"2021-04-30T13:58:33","date_gmt":"2021-04-30T16:58:33","guid":{"rendered":"https:\/\/jmvstream.com\/?page_id=10822"},"modified":"2023-04-19T14:43:46","modified_gmt":"2023-04-19T17:43:46","slug":"converse-com-nosso-time-via-whatsapp","status":"publish","type":"page","link":"https:\/\/jmvstream.com\/pt-br\/converse-com-nosso-time-via-whatsapp\/","title":{"rendered":"Converse com nosso time via WhatsApp"},"content":{"rendered":"<div class=\"wpb-content-wrapper\"><p>[vc_row][vc_column width=&#8221;1\/2&#8243; css=&#8221;.vc_custom_1619800708266{margin-right: 6% !important;padding-right: 6% !important;padding-left: 3% !important;}&#8221;][vc_column_text]<\/p>\n<h4 style=\"text-align: left;\">Para falar com um de nossos especialistas preencha o formul\u00e1rio abaixo, e fale com a gente via WhatsApp.<\/h4>\n<p>[\/vc_column_text][inova_raw_html]<\/p>\n<div id=\"whatsappForm\">\n<div class=\"wpcf7 no-js\" id=\"wpcf7-f16575-o1\" lang=\"pt-BR\" dir=\"ltr\" data-wpcf7-id=\"16575\">\n<div class=\"screen-reader-response\"><p role=\"status\" aria-live=\"polite\" aria-atomic=\"true\"><\/p> <ul><\/ul><\/div>\n<form action=\"\/pt-br\/wp-json\/wp\/v2\/pages\/10822#wpcf7-f16575-o1\" method=\"post\" class=\"wpcf7-form init\" aria-label=\"Formul\u00e1rios de contato\" novalidate=\"novalidate\" data-status=\"init\">\n<fieldset class=\"hidden-fields-container\"><input type=\"hidden\" name=\"_wpcf7\" value=\"16575\" \/><input type=\"hidden\" name=\"_wpcf7_version\" value=\"6.1.5\" \/><input type=\"hidden\" name=\"_wpcf7_locale\" value=\"pt_BR\" \/><input type=\"hidden\" name=\"_wpcf7_unit_tag\" value=\"wpcf7-f16575-o1\" \/><input type=\"hidden\" name=\"_wpcf7_container_post\" value=\"0\" \/><input type=\"hidden\" name=\"_wpcf7_posted_data_hash\" value=\"\" \/><input type=\"hidden\" name=\"_wpcf7_recaptcha_response\" value=\"\" \/>\n<\/fieldset>\n<p><span id=\"wpcf7-69e1a21ef2a92-wrapper\" class=\"wpcf7-form-control-wrap honeypot-753-wrap\" style=\"display:none !important; visibility:hidden !important;\"><input type=\"hidden\" name=\"honeypot-753-time-start\" value=\"1776394782\"><input type=\"hidden\" name=\"honeypot-753-time-check\" value=\"4\"><input id=\"wpcf7-69e1a21ef2a92-field\"  placeholder=\"hp\"  class=\"wpcf7-form-control wpcf7-text\" type=\"text\" name=\"honeypot-753\" value=\"\" size=\"40\" tabindex=\"-1\" autocomplete=\"new-password\" \/><\/span><br \/>\n<input class=\"wpcf7-form-control wpcf7-hidden\" value=\"generico\" type=\"hidden\" name=\"interest\" \/>\n<\/p>\n<p><label> Seu nome completo*<br \/>\n<span class=\"wpcf7-form-control-wrap\" data-name=\"nome\"><input size=\"40\" maxlength=\"400\" class=\"wpcf7-form-control wpcf7-text wpcf7-validates-as-required\" aria-required=\"true\" aria-invalid=\"false\" value=\"\" type=\"text\" name=\"nome\" \/><\/span> <\/label>\n<\/p>\n<p><label> Seu e-mail comercial*<br \/>\n<span class=\"wpcf7-form-control-wrap\" data-name=\"email\"><input size=\"40\" maxlength=\"400\" class=\"wpcf7-form-control wpcf7-email wpcf7-validates-as-required wpcf7-text wpcf7-validates-as-email\" aria-required=\"true\" aria-invalid=\"false\" value=\"\" type=\"email\" name=\"email\" \/><\/span> <\/label>\n<\/p>\n<p><label> Seu telefone de WhatsApp\/Telegram*<br \/>\n<span class=\"wpcf7-form-control-wrap\" data-name=\"telefone\"><input size=\"40\" maxlength=\"400\" class=\"wpcf7-form-control wpcf7-tel wpcf7-validates-as-required wpcf7-text wpcf7-validates-as-tel\" aria-required=\"true\" aria-invalid=\"false\" value=\"\" type=\"tel\" name=\"telefone\" \/><\/span> <\/label>\n<\/p>\n<p><label> Voc\u00ea j\u00e1 usa alguma plataforma? O que te motiva a buscar uma alternativa nesse momento?*<br \/>\n<span class=\"wpcf7-form-control-wrap\" data-name=\"plataforma\"><input size=\"40\" maxlength=\"400\" class=\"wpcf7-form-control wpcf7-text wpcf7-validates-as-required\" aria-required=\"true\" aria-invalid=\"false\" value=\"\" type=\"text\" name=\"plataforma\" \/><\/span> <\/label>\n<\/p>\n<p><label> Fale um pouco sobre o seu projeto*<br \/>\n<span class=\"wpcf7-form-control-wrap\" data-name=\"objetivos\"><textarea cols=\"40\" rows=\"3\" maxlength=\"2000\" class=\"wpcf7-form-control wpcf7-textarea wpcf7-validates-as-required\" aria-required=\"true\" aria-invalid=\"false\" name=\"objetivos\"><\/textarea><\/span> <\/label>\n<\/p>\n<p><label> Segmento do seu neg\u00f3cio*<br \/>\n<span class=\"wpcf7-form-control-wrap\" data-name=\"segment\"><select class=\"wpcf7-form-control wpcf7-select wpcf7-validates-as-required\" aria-required=\"true\" aria-invalid=\"false\" name=\"segment\"><option value=\"\">&#8212;Escolha uma op\u00e7\u00e3o&#8212;<\/option><option value=\"Governo e Setor P\u00fablico\">Governo e Setor P\u00fablico<\/option><option value=\"R\u00e1dios e TVs\">R\u00e1dios e TVs<\/option><option value=\"Web R\u00e1dios e Web TVs\">Web R\u00e1dios e Web TVs<\/option><option value=\"Educa\u00e7\u00e3o\">Educa\u00e7\u00e3o<\/option><option value=\"Religioso\">Religioso<\/option><option value=\"Varejo e Com\u00e9rcio\">Varejo e Com\u00e9rcio<\/option><option value=\"Eventos e Produ\u00e7\u00f5es\">Eventos e Produ\u00e7\u00f5es<\/option><option value=\"Esportes e Lazer\">Esportes e Lazer<\/option><option value=\"Marketing e Conte\u00fado\">Marketing e Conte\u00fado<\/option><\/select><\/span><br \/>\n<\/label>\n<\/p>\n\n<p><input class=\"wpcf7-form-control wpcf7-submit has-spinner\" type=\"submit\" value=\"Enviar\" \/>\n<\/p><div class=\"wpcf7-response-output\" aria-hidden=\"true\"><\/div>\n<\/form>\n<\/div>\n<\/div>\n<p>[\/inova_raw_html][\/vc_column][vc_column width=&#8221;1\/2&#8243; css=&#8221;.vc_custom_1619800726723{margin-left: 6% !important;padding-right: 3% !important;padding-left: 6% !important;}&#8221;][vc_single_image image=&#8221;10815&#8243; img_size=&#8221;1500&#215;792&#8243;][vc_column_text]<\/p>\n<h4>Amamos o que fazemos 7 dias por semana!<\/h4>\n<p>S\u00e3o mais de 18 anos de experi\u00eancia fornecendo tecnologia de ponta em plataformas de v\u00eddeos para todos os tipos de mercado.<\/p>\n<p>Desde 2003, n\u00f3s contribu\u00edmos para o sucesso e crescimento de milhares de empresas, e agora, podemos ajudar tamb\u00e9m o seu neg\u00f3cio.<\/p>\n<p>Nossos especialistas estar\u00e3o juntos com voc\u00ea, passo a passo, de segunda a s\u00e1bado, das 08:00 \u00e0s 00:00 horas, domingos e feriados das 14:00 \u00e0s 22:00 horas.<\/p>\n<p>Transmiss\u00f5es ao vivo, v\u00eddeos gravados, prote\u00e7\u00e3o contra pirataria, transmiss\u00e3o simult\u00e2nea em redes sociais com engajamento, interatividade, e sem travamentos, consulte nosso time.[\/vc_column_text][\/vc_column][\/vc_row]<\/p>\n<\/div>","protected":false},"excerpt":{"rendered":"<p>[vc_row][vc_column width=&#8221;1\/2&#8243; css=&#8221;.vc_custom_1619800708266{margin-right: 6% !important;padding-right: 6% !important;padding-left: 3% !important;}&#8221;][vc_column_text] Para falar com um de nossos<\/p>\n","protected":false},"author":45,"featured_media":0,"parent":0,"menu_order":0,"comment_status":"closed","ping_status":"closed","template":"","meta":{"footnotes":""},"class_list":["post-10822","page","type-page","status-publish","hentry"],"aioseo_notices":[],"_links":{"self":[{"href":"https:\/\/jmvstream.com\/pt-br\/wp-json\/wp\/v2\/pages\/10822","targetHints":{"allow":["GET"]}}],"collection":[{"href":"https:\/\/jmvstream.com\/pt-br\/wp-json\/wp\/v2\/pages"}],"about":[{"href":"https:\/\/jmvstream.com\/pt-br\/wp-json\/wp\/v2\/types\/page"}],"author":[{"embeddable":true,"href":"https:\/\/jmvstream.com\/pt-br\/wp-json\/wp\/v2\/users\/45"}],"replies":[{"embeddable":true,"href":"https:\/\/jmvstream.com\/pt-br\/wp-json\/wp\/v2\/comments?post=10822"}],"version-history":[{"count":0,"href":"https:\/\/jmvstream.com\/pt-br\/wp-json\/wp\/v2\/pages\/10822\/revisions"}],"wp:attachment":[{"href":"https:\/\/jmvstream.com\/pt-br\/wp-json\/wp\/v2\/media?parent=10822"}],"curies":[{"name":"wp","href":"https:\/\/api.w.org\/{rel}","templated":true}]}}