{"id":9494,"date":"2020-08-06T10:44:45","date_gmt":"2020-08-06T13:44:45","guid":{"rendered":"https:\/\/jmvstream.com\/purchase-not-completed-video-on-demand\/"},"modified":"2020-08-06T13:31:29","modified_gmt":"2020-08-06T16:31:29","slug":"compra-no-completada-video-on-demand","status":"publish","type":"page","link":"https:\/\/jmvstream.com\/es\/compra-no-completada-video-on-demand\/","title":{"rendered":"Compra no completada"},"content":{"rendered":"<div class=\"wpb-content-wrapper\"><p>[vc_row row_bg_image=&#8221;7623&#8243;][vc_column][vc_empty_space height=&#8221;90px&#8221;][\/vc_column][\/vc_row][vc_row][vc_column width=&#8221;1\/6&#8243;][vc_empty_space height=&#8221;60&#8243;][\/vc_column][vc_column width=&#8221;2\/3&#8243;][vc_empty_space height=&#8221;110px&#8221;][vc_single_image image=&#8221;7098&#8243; img_size=&#8221;70&#215;70&#8243; alignment=&#8221;center&#8221;][inova_section_title title_style_one=&#8221;&#8221; title_text=&#8221;Compra no completada&#8221; subtitle_text=&#8221;Lo sentimos, su compra no pudo completarse. Su plan de &#8220;Video On Demand&#8220; a\u00fan no se ha activado. Para que todo salga bien, necesitamos que verifiques tus datos e int\u00e9ntalo de nuevo.&#8221;][vc_btn title=&#8221;Int\u00e9ntalo de nuevo&#8221; shape=&#8221;round&#8221; color=&#8221;warning&#8221; align=&#8221;center&#8221; link=&#8221;url:https%3A%2F%2Fjmvstream.com%2Fes%2Fvideo-on-demand%2F%23video-on-demand-planes-y-precios|||&#8221;][\/vc_column][vc_column width=&#8221;1\/6&#8243;][\/vc_column][\/vc_row][vc_row][vc_column][vc_empty_space height=&#8221;250&#8243;][\/vc_column][\/vc_row]<\/p>\n<\/div>","protected":false},"excerpt":{"rendered":"<p>[vc_row row_bg_image=&#8221;7623&#8243;][vc_column][vc_empty_space height=&#8221;90px&#8221;][\/vc_column][\/vc_row][vc_row][vc_column width=&#8221;1\/6&#8243;][vc_empty_space height=&#8221;60&#8243;][\/vc_column][vc_column width=&#8221;2\/3&#8243;][vc_empty_space height=&#8221;110px&#8221;][vc_single_image image=&#8221;7098&#8243; img_size=&#8221;70&#215;70&#8243; alignment=&#8221;center&#8221;][inova_section_title title_style_one=&#8221;&#8221; title_text=&#8221;Compra no completada&#8221; subtitle_text=&#8221;Lo<\/p>\n","protected":false},"author":45,"featured_media":0,"parent":0,"menu_order":0,"comment_status":"closed","ping_status":"closed","template":"page-homepage.php","meta":{"footnotes":""},"class_list":["post-9494","page","type-page","status-publish","hentry"],"aioseo_notices":[],"_links":{"self":[{"href":"https:\/\/jmvstream.com\/es\/wp-json\/wp\/v2\/pages\/9494","targetHints":{"allow":["GET"]}}],"collection":[{"href":"https:\/\/jmvstream.com\/es\/wp-json\/wp\/v2\/pages"}],"about":[{"href":"https:\/\/jmvstream.com\/es\/wp-json\/wp\/v2\/types\/page"}],"author":[{"embeddable":true,"href":"https:\/\/jmvstream.com\/es\/wp-json\/wp\/v2\/users\/45"}],"replies":[{"embeddable":true,"href":"https:\/\/jmvstream.com\/es\/wp-json\/wp\/v2\/comments?post=9494"}],"version-history":[{"count":0,"href":"https:\/\/jmvstream.com\/es\/wp-json\/wp\/v2\/pages\/9494\/revisions"}],"wp:attachment":[{"href":"https:\/\/jmvstream.com\/es\/wp-json\/wp\/v2\/media?parent=9494"}],"curies":[{"name":"wp","href":"https:\/\/api.w.org\/{rel}","templated":true}]}}