{"id":9473,"date":"2020-08-06T09:20:52","date_gmt":"2020-08-06T12:20:52","guid":{"rendered":"https:\/\/jmvstream.com\/pagamento-aprovado-com-sucesso-video-on-demand\/"},"modified":"2020-08-06T12:37:54","modified_gmt":"2020-08-06T15:37:54","slug":"pago-ha-sido-procesado-con-exito","status":"publish","type":"page","link":"https:\/\/jmvstream.com\/es\/pago-ha-sido-procesado-con-exito\/","title":{"rendered":"V\u00eddeo On Demand &#8211; \u00a1Su pago ha sido procesado con \u00e9xito!"},"content":{"rendered":"<div class=\"wpb-content-wrapper\"><p>[vc_row row_bg_image=&#8221;7622&#8243;][vc_column][vc_empty_space height=&#8221;100px&#8221;][\/vc_column][\/vc_row][vc_row][vc_column width=&#8221;1\/5&#8243;][\/vc_column][vc_column width=&#8221;3\/5&#8243;][vc_empty_space height=&#8221;60&#8243;][vc_single_image image=&#8221;7094&#8243; img_size=&#8221;70&#215;70&#8243; alignment=&#8221;center&#8221;][inova_section_title title_style_one=&#8221;&#8221; title_text=&#8221;\u00a1Su pago ha sido procesado con \u00e9xito!&#8221; subtitle_text=&#8221;Ya estamos creando tu cuenta. Dentro de 6 horas, su plan Live Social estar\u00e1 activo y puedes llegar a espectadores ilimitados, transmitiendo a m\u00faltiples redes sociales al mismo tiempo.&#8221;][inova_section_subtitle subtitle_text=&#8221;Est\u00e9n atentos a su correo electr\u00f3nico. Cuando todo esta listo enviaremos los datos de acceso al sistema. En caso de duda, solicite el contacto de un experto en soluciones.&#8221;][vc_btn title=&#8221;Solicitar contacto!&#8221; style=&#8221;classic&#8221; shape=&#8221;round&#8221; color=&#8221;warning&#8221; align=&#8221;center&#8221; link=&#8221;url:https%3A%2F%2Fjmvstream.com%2Fes%2Fcontacto%2F|title:Contacto||&#8221;][\/vc_column][vc_column width=&#8221;1\/5&#8243;][\/vc_column][\/vc_row][vc_section][vc_row][vc_column][vc_empty_space height=&#8221;250&#8243;][\/vc_column][\/vc_row][\/vc_section]<\/p>\n<\/div>","protected":false},"excerpt":{"rendered":"<p>[vc_row row_bg_image=&#8221;7622&#8243;][vc_column][vc_empty_space height=&#8221;100px&#8221;][\/vc_column][\/vc_row][vc_row][vc_column width=&#8221;1\/5&#8243;][\/vc_column][vc_column width=&#8221;3\/5&#8243;][vc_empty_space height=&#8221;60&#8243;][vc_single_image image=&#8221;7094&#8243; img_size=&#8221;70&#215;70&#8243; alignment=&#8221;center&#8221;][inova_section_title title_style_one=&#8221;&#8221; title_text=&#8221;\u00a1Su pago ha sido procesado<\/p>\n","protected":false},"author":45,"featured_media":0,"parent":0,"menu_order":0,"comment_status":"closed","ping_status":"closed","template":"page-homepage.php","meta":{"footnotes":""},"class_list":["post-9473","page","type-page","status-publish","hentry"],"aioseo_notices":[],"_links":{"self":[{"href":"https:\/\/jmvstream.com\/es\/wp-json\/wp\/v2\/pages\/9473","targetHints":{"allow":["GET"]}}],"collection":[{"href":"https:\/\/jmvstream.com\/es\/wp-json\/wp\/v2\/pages"}],"about":[{"href":"https:\/\/jmvstream.com\/es\/wp-json\/wp\/v2\/types\/page"}],"author":[{"embeddable":true,"href":"https:\/\/jmvstream.com\/es\/wp-json\/wp\/v2\/users\/45"}],"replies":[{"embeddable":true,"href":"https:\/\/jmvstream.com\/es\/wp-json\/wp\/v2\/comments?post=9473"}],"version-history":[{"count":0,"href":"https:\/\/jmvstream.com\/es\/wp-json\/wp\/v2\/pages\/9473\/revisions"}],"wp:attachment":[{"href":"https:\/\/jmvstream.com\/es\/wp-json\/wp\/v2\/media?parent=9473"}],"curies":[{"name":"wp","href":"https:\/\/api.w.org\/{rel}","templated":true}]}}