{"id":9022,"date":"2020-07-20T14:27:12","date_gmt":"2020-07-20T17:27:12","guid":{"rendered":"https:\/\/jmvstream.com\/suporte-premium\/"},"modified":"2020-08-05T14:54:24","modified_gmt":"2020-08-05T17:54:24","slug":"soporte-premium","status":"publish","type":"page","link":"https:\/\/jmvstream.com\/es\/soporte-premium\/","title":{"rendered":"Soporte Premium"},"content":{"rendered":"<div class=\"wpb-content-wrapper\"><p>[vc_row full_width=&#8221;stretch_row&#8221;][vc_column][vc_row_inner][vc_column_inner width=&#8221;1\/2&#8243;][vc_single_image image=&#8221;8866&#8243; img_size=&#8221;full&#8221;][\/vc_column_inner][vc_column_inner width=&#8221;1\/2&#8243;][vc_column_text]<\/p>\n<div id=\"ultimate-heading-51325f15d55f40144\" class=\"uvc-heading ult-adjust-bottom-margin ultimate-heading-51325f15d55f40144 uvc-2177 \" data-hspacer=\"no_spacer\" data-halign=\"center\">\n<div class=\"uvc-sub-heading ult-responsive\" data-ultimate-target=\".uvc-heading.ultimate-heading-51325f15d55f40144 .uvc-sub-heading \" data-responsive-json-new=\"{&quot;font-size&quot;:&quot;&quot;,&quot;line-height&quot;:&quot;&quot;}\">\n<h1>\u00a1Nos encanta lo que hacemos los 7 d\u00edas de la semana!<\/h1>\n<\/div>\n<\/div>\n<div class=\"wpb_text_column wpb_content_element \">\n<div class=\"wpb_wrapper\">\n<p>Entendemos que cuando contacta con nuestro Soporte, no solo desea respuestas, sino soluciones r\u00e1pidas y sin complicaciones.<\/p>\n<p>No todos nuestros clientes son iguales. Tenemos algunos que conocen todos los aspectos del servicio de Streaming y tienen la capacidad de trabajar con nuestra plataforma sin ninguna ayuda.<\/p>\n<p>Tambi\u00e9n tenemos clientes que son nuevos en esta \u00e1rea. Y sabemos que, inicialmente, la experiencia puede ser un poco intimidante. Por lo tanto, algunos de nuestros clientes necesitar\u00e1n un soporte diferenciado. El servicio simplificado e inteligente facilitar\u00e1 la operaci\u00f3n de nuestra plataforma y permitir\u00e1 que todos la utilicen.<\/p>\n<\/div>\n<\/div>\n<p>[\/vc_column_text][\/vc_column_inner][\/vc_row_inner][\/vc_column][\/vc_row][vc_section full_width=&#8221;stretch_row&#8221; css=&#8221;.vc_custom_1595613666589{padding-top: 10% !important;background-color: #f8ad17 !important;}&#8221;][vc_row full_width=&#8221;stretch_row&#8221;][vc_column][vc_column_text]<\/p>\n<h2 style=\"text-align: center; color: white;\">El mayor y mejor soporte en Brasil<\/h2>\n<p>[\/vc_column_text][\/vc_column][\/vc_row][vc_row full_width=&#8221;stretch_row&#8221;][vc_column width=&#8221;1\/3&#8243;][vc_single_image image=&#8221;8880&#8243; img_size=&#8221;70&#215;70&#8243; alignment=&#8221;center&#8221;][vc_column_text]<\/p>\n<h4 style=\"color: white; text-align: center;\">Charla<\/h4>\n<p>[\/vc_column_text][\/vc_column][vc_column width=&#8221;1\/3&#8243;][vc_single_image image=&#8221;8886&#8243; img_size=&#8221;70&#215;70&#8243; alignment=&#8221;center&#8221;][vc_column_text]<\/p>\n<h4 style=\"text-align: center; color: white;\"><strong>Whatsapp<\/strong><\/h4>\n<p>[\/vc_column_text][\/vc_column][vc_column width=&#8221;1\/3&#8243;][vc_single_image image=&#8221;8883&#8243; img_size=&#8221;70&#215;70&#8243; alignment=&#8221;center&#8221;][vc_column_text]<\/p>\n<h4 style=\"text-align: center; color: white;\"><strong>Ticket<\/strong><\/h4>\n<p>[\/vc_column_text][\/vc_column][\/vc_row][vc_row full_width=&#8221;stretch_row&#8221;][vc_column width=&#8221;1\/3&#8243;][\/vc_column][vc_column width=&#8221;1\/3&#8243;][vc_column_text]<\/p>\n<p style=\"color: white; text-align: center;\"><strong>24 horas al d\u00eda, 7 d\u00edas a la semana.<\/strong><\/p>\n<p>[\/vc_column_text][\/vc_column][vc_column width=&#8221;1\/3&#8243;][\/vc_column][\/vc_row][\/vc_section][vc_row apply_row_padding=&#8221;individually&#8221; row_padding_top=&#8221;10%&#8221;][vc_column][vc_row_inner][vc_column_inner width=&#8221;1\/2&#8243;][vc_column_text]<\/p>\n<div id=\"ultimate-heading-51325f15d55f40144\" class=\"uvc-heading ult-adjust-bottom-margin ultimate-heading-51325f15d55f40144 uvc-2177 \" data-hspacer=\"no_spacer\" data-halign=\"center\">\n<div class=\"uvc-sub-heading ult-responsive\" data-ultimate-target=\".uvc-heading.ultimate-heading-51325f15d55f40144 .uvc-sub-heading \" data-responsive-json-new=\"{&quot;font-size&quot;:&quot;&quot;,&quot;line-height&quot;:&quot;&quot;}\">\n<div id=\"ultimate-heading-51115f16fae238cfd\" class=\"uvc-heading ult-adjust-bottom-margin ultimate-heading-51115f16fae238cfd uvc-7415 \" data-hspacer=\"no_spacer\" data-halign=\"center\">\n<div class=\"uvc-sub-heading ult-responsive\" data-ultimate-target=\".uvc-heading.ultimate-heading-51115f16fae238cfd .uvc-sub-heading \" data-responsive-json-new=\"{&quot;font-size&quot;:&quot;&quot;,&quot;line-height&quot;:&quot;&quot;}\">\n<div id=\"ultimate-heading-73715f16fae231ad0\" class=\"uvc-heading ult-adjust-bottom-margin ultimate-heading-73715f16fae231ad0 uvc-951 \" data-hspacer=\"no_spacer\" data-halign=\"center\">\n<div class=\"uvc-sub-heading ult-responsive\" data-ultimate-target=\".uvc-heading.ultimate-heading-73715f16fae231ad0 .uvc-sub-heading \" data-responsive-json-new=\"{&quot;font-size&quot;:&quot;&quot;,&quot;line-height&quot;:&quot;&quot;}\">\n<h1>Equipo enfocado en el \u00e9xito del cliente.<\/h1>\n<\/div>\n<\/div>\n<div class=\"wpb_text_column wpb_content_element \">\n<div class=\"wpb_wrapper\">\n<p>Una parte vital de nuestro servicio es el soporte t\u00e9cnico. Nuestro objetivo es asegurarnos de que, desde el primer d\u00eda, los usuarios puedan aprovechar al m\u00e1ximo la inversi\u00f3n que han realizado en nuestros productos y herramientas.<\/p>\n<p>\u00a1Nuestros profesionales son apasionados de la alta tecnolog\u00eda! Todo nuestro equipo est\u00e1 capacitado sistem\u00e1ticamente en los diversos productos que ofrecemos. Esto garantiza una asistencia completa y r\u00e1pida a los clientes.<\/p>\n<\/div>\n<\/div>\n<\/div>\n<\/div>\n<\/div>\n<\/div>\n<p>[\/vc_column_text][\/vc_column_inner][vc_column_inner width=&#8221;1\/2&#8243;][vc_single_image image=&#8221;8912&#8243; img_size=&#8221;full&#8221;][\/vc_column_inner][\/vc_row_inner][\/vc_column][\/vc_row][vc_row full_width=&#8221;stretch_row&#8221; apply_row_padding=&#8221;individually&#8221; row_padding_top=&#8221;10%&#8221;][vc_column][vc_row_inner][vc_column_inner width=&#8221;1\/2&#8243;][vc_single_image image=&#8221;9205&#8243; img_size=&#8221;full&#8221;][\/vc_column_inner][vc_column_inner width=&#8221;1\/2&#8243;][vc_column_text]<\/p>\n<div id=\"ultimate-heading-51325f15d55f40144\" class=\"uvc-heading ult-adjust-bottom-margin ultimate-heading-51325f15d55f40144 uvc-2177 \" data-hspacer=\"no_spacer\" data-halign=\"center\">\n<div class=\"uvc-sub-heading ult-responsive\" data-ultimate-target=\".uvc-heading.ultimate-heading-51325f15d55f40144 .uvc-sub-heading \" data-responsive-json-new=\"{&quot;font-size&quot;:&quot;&quot;,&quot;line-height&quot;:&quot;&quot;}\">\n<div id=\"ultimate-heading-51115f16fae238cfd\" class=\"uvc-heading ult-adjust-bottom-margin ultimate-heading-51115f16fae238cfd uvc-7415 \" data-hspacer=\"no_spacer\" data-halign=\"center\">\n<div class=\"uvc-sub-heading ult-responsive\" data-ultimate-target=\".uvc-heading.ultimate-heading-51115f16fae238cfd .uvc-sub-heading \" data-responsive-json-new=\"{&quot;font-size&quot;:&quot;&quot;,&quot;line-height&quot;:&quot;&quot;}\">\n<div id=\"ultimate-heading-73715f16fae231ad0\" class=\"uvc-heading ult-adjust-bottom-margin ultimate-heading-73715f16fae231ad0 uvc-951 \" data-hspacer=\"no_spacer\" data-halign=\"center\">\n<div class=\"uvc-sub-heading ult-responsive\" data-ultimate-target=\".uvc-heading.ultimate-heading-73715f16fae231ad0 .uvc-sub-heading \" data-responsive-json-new=\"{&quot;font-size&quot;:&quot;&quot;,&quot;line-height&quot;:&quot;&quot;}\">\n<h1>Contenido educativo y tutoriales explicativos.<\/h1>\n<\/div>\n<\/div>\n<div class=\"wpb_text_column wpb_content_element \">\n<div class=\"wpb_wrapper\">\n<p>Todos los meses ofrecemos innumerables contenidos educativos: tutoriales explicativos, libros electr\u00f3nicos, cursos en streaming y art\u00edculos. Todo esto para ayudar a nuestros clientes a alcanzar sus objetivos.<\/p>\n<p>Todo el contenido es producido por nuestro equipo, basado en las necesidades de nuestros clientes. Varios est\u00e1n disponibles de forma gratuita en nuestras redes sociales.<\/p>\n<\/div>\n<\/div>\n<\/div>\n<\/div>\n<\/div>\n<\/div>\n<p>[\/vc_column_text][\/vc_column_inner][\/vc_row_inner][\/vc_column][\/vc_row][vc_section full_width=&#8221;stretch_row_content&#8221; css=&#8221;.vc_custom_1595613843094{padding-top: 10% !important;}&#8221;][vc_row][vc_column][vc_separator color=&#8221;custom&#8221; accent_color=&#8221;#f8ad17&#8243;][\/vc_column][\/vc_row][\/vc_section][vc_section full_width=&#8221;stretch_row&#8221; css=&#8221;.vc_custom_1595853623439{background-color: #f8ad17 !important;}&#8221;][vc_row full_width=&#8221;stretch_row&#8221; content_placement=&#8221;middle&#8221; content_alignment=&#8221;text-center&#8221;][vc_column][vc_column_text]<\/p>\n<h1 style=\"text-align: center; color: white;\">Deposiciones<\/h1>\n<p>[\/vc_column_text][vc_images_carousel images=&#8221;9264,9267,9270,9273,9277,9280&#8243; img_size=&#8221;full&#8221; onclick=&#8221;link_no&#8221; slides_per_view=&#8221;4&#8243;][\/vc_column][\/vc_row][\/vc_section][vc_section full_width=&#8221;stretch_row&#8221; css=&#8221;.vc_custom_1595613855201{padding-top: 10% !important;}&#8221;][vc_row full_width=&#8221;stretch_row&#8221;][vc_column][vc_column_text]<\/p>\n<div class=\"wpb_column vc_column_container vc_col-sm-12\">\n<div class=\"vc_column-inner\">\n<div class=\"wpb_wrapper\">\n<div id=\"ultimate-heading-62845f1b1359abd4f\" class=\"uvc-heading ult-adjust-bottom-margin ultimate-heading-62845f1b1359abd4f uvc-72 \" data-hspacer=\"no_spacer\" data-halign=\"center\">\n<div class=\"uvc-sub-heading ult-responsive\" data-ultimate-target=\".uvc-heading.ultimate-heading-62845f1b1359abd4f .uvc-sub-heading \" data-responsive-json-new=\"{&quot;font-size&quot;:&quot;&quot;,&quot;line-height&quot;:&quot;&quot;}\">\n<h2 style=\"text-align: center;\">\u00a1Ven a tomar un caf\u00e9 con nosotros!<\/h2>\n<\/div>\n<\/div>\n<\/div>\n<\/div>\n<\/div>\n<div class=\"wpb_column vc_column_container vc_col-sm-2\">\n<div class=\"vc_column-inner\">\n<div class=\"wpb_wrapper\">\n<div class=\"wpb_text_column wpb_content_element wpb_animate_when_almost_visible wpb_slideInRight slideInRight vc_custom_1515766023185 wpb_start_animation animated\">\n<div class=\"wpb_wrapper\" style=\"text-align: center;\"><\/div>\n<\/div>\n<\/div>\n<\/div>\n<\/div>\n<p>[\/vc_column_text][\/vc_column][\/vc_row][\/vc_section][vc_row full_width=&#8221;stretch_row&#8221; css=&#8221;.vc_custom_1595853763693{padding-top: 10% !important;}&#8221;][vc_column width=&#8221;1\/2&#8243;][vc_single_image image=&#8221;9211&#8243; img_size=&#8221;70&#215;70&#8243; alignment=&#8221;center&#8221;][vc_column_text]<\/p>\n<p style=\"line-height: 26px; font-weight: bold; font-size: 23px; color: #808080; text-align: center;\">Brasil<\/p>\n<p style=\"line-height: 26px; font-size: 16px; color: #808080; text-align: left;\">Av. Dr. Heitor Penteado n\u00ba 320 Sala 03, Jardim N. S. Auxiliadora, Campinas\/SP.<\/p>\n<p style=\"line-height: 26px; font-size: 16px; color: #808080; text-align: left;\">Calle Gesse Silva Ferreira n\u00ba 60, Planalto, Divin\u00f3polis\/MG.<\/p>\n<p style=\"line-height: 26px; font-size: 16px; color: #808080; text-align: left;\"><a href=\"https:\/\/www.google.com.br\/maps\/place\/R.+Nossa+Sra.+Aparecida,+1241+-+401+-+Catal%C3%A3o,+Divin%C3%B3polis+-+MG,+35501-173\/data=!4m2!3m1!1s0xa0a5c1c99c0593:0x6eacda61aa9cd2c4?sa=X&amp;ved=0ahUKEwjxmvrjsrrbAhVEC5AKHWDDAvkQ8gEIJzAA\">Abrir no Google Maps<\/a><\/p>\n<p>[\/vc_column_text][\/vc_column][vc_column width=&#8221;1\/2&#8243;][vc_single_image image=&#8221;9214&#8243; img_size=&#8221;70&#215;70&#8243; alignment=&#8221;center&#8221;][vc_column_text]<\/p>\n<p style=\"line-height: 26px; font-weight: bold; font-size: 23px; color: #808080; text-align: center;\">Portugal<\/p>\n<p style=\"line-height: 26px; font-size: 16px; color: #808080; text-align: right;\">Pra\u00e7a Ordem de Cristo n\u00ba 7, primer piso, oficina 1B, Odivelas,<span style=\"font-size: 1rem;\">\u00a0<\/span><span style=\"font-size: 1rem;\">Lisboa<\/span>.<\/p>\n<p style=\"line-height: 26px; font-size: 16px; color: #808080; text-align: right;\"><a href=\"https:\/\/www.google.com.br\/maps\/place\/R.+Dom+Dinis+282+24,+2620-322+Ramada,+Portugal\/data=!4m2!3m1!1s0xd1ed2b082bb1b5f:0x839287758339190c?sa=X&amp;ved=0ahUKEwjxidn4srrbAhUDgpAKHUsuCxEQ8gEINzAA\">Abrir no Google Maps<\/a><\/p>\n<p>[\/vc_column_text][\/vc_column][\/vc_row][vc_row full_width=&#8221;stretch_row&#8221; content_placement=&#8221;bottom&#8221; row_bg_repeat=&#8221;repeat&#8221; is_row_overlay=&#8221;overlay&#8221; row_overlay_type=&#8221;solid&#8221; row_overlay_solid=&#8221;#ffffff&#8221; row_overlay_opacity=&#8221;0.8&#8243; section_templte=&#8221;features-area2&#8243;][vc_column][inova_image_half_container image_half_style=&#8221;style_6&#8243; image_half_style_six=&#8221;&#8221; title_text=&#8221;\u00a1Habla con nuestros representantes!&#8221; stitle_font_weight=&#8221;300&#8243; subtitle_text=&#8221;Programe su visita o solicite una demostraci\u00f3n con uno de nuestros especialistas completando el siguiente formulario para comprender las necesidades de su negocio, luego nos pondremos en contacto con usted con las posibilidades y soluciones para el \u00e9xito.&#8221; btn_radius=&#8221;50px&#8221; btn_plr=&#8221;80px&#8221; btn_text_color=&#8221;#ffffff&#8221; btn_bg_color=&#8221;#ff8000&#8243; btn_bdr_color=&#8221;rgba(255,255,255,0.75)&#8221; btn_bdr_width=&#8221;2px&#8221; btn_hover_text_color=&#8221;#ffffff&#8221; btn_hover_bg_color=&#8221;#1574d4&#8243; btn_hover_bdr_color=&#8221;#1574d4&#8243; full_height=&#8221;full&#8221; button_url=&#8221;url:https%3A%2F%2Fjmvstream.com%2Fes%2Fcontacto%2F|title:Enviar%20mensaje||&#8221; single_image=&#8221;9444&#8243;][\/vc_column][\/vc_row]<\/p>\n<\/div>","protected":false},"excerpt":{"rendered":"<p>[vc_row full_width=&#8221;stretch_row&#8221;][vc_column][vc_row_inner][vc_column_inner width=&#8221;1\/2&#8243;][vc_single_image image=&#8221;8866&#8243; img_size=&#8221;full&#8221;][\/vc_column_inner][vc_column_inner width=&#8221;1\/2&#8243;][vc_column_text] \u00a1Nos encanta lo que hacemos los 7 d\u00edas de<\/p>\n","protected":false},"author":45,"featured_media":0,"parent":0,"menu_order":0,"comment_status":"closed","ping_status":"closed","template":"page-homepage.php","meta":{"footnotes":""},"class_list":["post-9022","page","type-page","status-publish","hentry"],"aioseo_notices":[],"_links":{"self":[{"href":"https:\/\/jmvstream.com\/es\/wp-json\/wp\/v2\/pages\/9022","targetHints":{"allow":["GET"]}}],"collection":[{"href":"https:\/\/jmvstream.com\/es\/wp-json\/wp\/v2\/pages"}],"about":[{"href":"https:\/\/jmvstream.com\/es\/wp-json\/wp\/v2\/types\/page"}],"author":[{"embeddable":true,"href":"https:\/\/jmvstream.com\/es\/wp-json\/wp\/v2\/users\/45"}],"replies":[{"embeddable":true,"href":"https:\/\/jmvstream.com\/es\/wp-json\/wp\/v2\/comments?post=9022"}],"version-history":[{"count":0,"href":"https:\/\/jmvstream.com\/es\/wp-json\/wp\/v2\/pages\/9022\/revisions"}],"wp:attachment":[{"href":"https:\/\/jmvstream.com\/es\/wp-json\/wp\/v2\/media?parent=9022"}],"curies":[{"name":"wp","href":"https:\/\/api.w.org\/{rel}","templated":true}]}}