{"id":4749,"date":"2019-04-30T16:28:02","date_gmt":"2019-04-30T19:28:02","guid":{"rendered":"https:\/\/jmvstream.com\/home\/"},"modified":"2024-10-26T13:47:08","modified_gmt":"2024-10-26T16:47:08","slug":"home","status":"publish","type":"page","link":"https:\/\/jmvstream.com\/es\/","title":{"rendered":"Home"},"content":{"rendered":"<div class=\"wpb-content-wrapper\"><p>[vc_row el_id=&#8221;home&#8221;][vc_column][inova_hero_startup_video btn_plr=&#8221;70px&#8221; btn_text_color=&#8221;#ffffff&#8221; btn_bg_color=&#8221;#28b0ff&#8221; btn_bdr_color=&#8221;#ffffff&#8221; btn_hover_text_color=&#8221;#ffffff&#8221; btn_hover_bg_color=&#8221;#ffffff&#8221; hero_bg_video=&#8221;https:\/\/jmvstream.com\/wp-content\/uploads\/2019\/03\/Video-Jmvstream-03-1-1.m4v&#8221; hero_title=&#8221;ALCANCE SU AUDIENCIA EN TODO LUGAR&#8221; hero_subtitle=&#8221;M\u00e1s de 80% de todo el tr\u00e1fico de datos de internet en el mundo ser\u00e1 de videos. Distribuya sus videos en alta calidad para su sitio web, aplicativo y para las redes sociales todo al mismo tiempo.&#8221; startup_hero_button=&#8221;url:https%3A%2F%2Fjmvstream.com%2Fpt-br%2Fnew-home-edit%2F|title:Quero%20or%C3%A7amento!|target:%20_blank|rel:nofollow&#8221; startup_client_slider=&#8221;%5B%7B%22slider_image%22%3A%224113%22%7D%2C%7B%22slider_image%22%3A%224105%22%7D%2C%7B%22slider_image%22%3A%224543%22%7D%2C%7B%22slider_image%22%3A%224110%22%7D%2C%7B%22slider_image%22%3A%224116%22%7D%2C%7B%22slider_image%22%3A%224111%22%7D%5D&#8221; title_color=&#8221;#ffffff&#8221; title_font_size=&#8221;36px&#8221;][\/vc_column][\/vc_row][vc_row section_templte=&#8221;features-area2&#8243;][vc_column][vc_empty_space height=&#8221;80px&#8221;][inova_heading heading_align=&#8221;text-center&#8221; heading_text=&#8221;Soluciones&#8221;][vc_empty_space height=&#8221;80px&#8221;][\/vc_column][\/vc_row][vc_row section_templte=&#8221;features-area2&#8243;][vc_column width=&#8221;1\/3&#8243;][vc_single_image image=&#8221;12508&#8243; alignment=&#8221;center&#8221; onclick=&#8221;custom_link&#8221; link=&#8221;https:\/\/jmvstream.com\/es\/alojamiento-de-videos\/&#8221;][vc_column_text]<\/p>\n<p style=\"font-size: 25px; text-align: center; font-weight: 400;\"><span style=\"color: #333333;\"><a style=\"color: #333333;\" title=\"Video Hosting\" href=\"https:\/\/jmvstream.com\/es\/alojamiento-de-videos\/\">Alojamiento de video<\/a><\/span><\/p>\n<p>[\/vc_column_text][\/vc_column][vc_column width=&#8221;1\/3&#8243;][vc_single_image image=&#8221;12511&#8243; alignment=&#8221;center&#8221; onclick=&#8221;custom_link&#8221; link=&#8221;https:\/\/jmvstream.com\/es\/en-vivo-en-instagram-youtube-y-facebook-al-mismo-tiempo\/&#8221;][vc_column_text]<\/p>\n<p style=\"font-size: 25px; text-align: center; font-weight: 400;\"><span style=\"color: #333333;\"><a style=\"color: #333333;\" title=\"Simultaneous Live\" href=\"https:\/\/jmvstream.com\/es\/en-vivo-en-instagram-youtube-y-facebook-al-mismo-tiempo\/\">En directo simult\u00e1neo<\/a><\/span><\/p>\n<p>[\/vc_column_text][\/vc_column][vc_column width=&#8221;1\/3&#8243;][vc_single_image image=&#8221;12514&#8243; alignment=&#8221;center&#8221; onclick=&#8221;custom_link&#8221; link=&#8221;https:\/\/nochalks.com\/plataforma-ead\/es&#8221;][vc_column_text]<\/p>\n<p style=\"font-size: 25px; text-align: center; font-weight: 400;\"><span style=\"color: #333333;\"><a style=\"color: #333333;\" title=\"Distance Education Platform\" href=\"https:\/\/nochalks.com\/plataforma-ead\/es\">Plataforma de educaci\u00f3n a distancia<\/a><\/span><\/p>\n<p>[\/vc_column_text][\/vc_column][\/vc_row][vc_row section_templte=&#8221;features-area2&#8243;][vc_column][vc_separator][\/vc_column][\/vc_row][vc_row section_templte=&#8221;features-area2&#8243;][vc_column css=&#8221;.vc_custom_1632416317691{padding-left: 50px !important;}&#8221;][inova_image_half_container image_half_style=&#8221;style_10&#8243; image_half_style_ten=&#8221;&#8221; title_text=&#8221;Alojamiento de videos en l\u00ednea&#8221; stitle_font_weight=&#8221;600&#8243; subtitle_text=&#8221;Aloje, administre y distribuya videos con seguridad y estabilidad, sin preocuparse por el espacio en disco. Personalice el reproductor y tenga el control total de la ubicaci\u00f3n de los anuncios.&#8221; subtitle_font_size=&#8221;18px&#8221; btn_radius=&#8221;50px&#8221; btn_text_color=&#8221;#1e73be&#8221; btn_bg_color=&#8221;#ffffff&#8221; btn_bdr_color=&#8221;#1e73be&#8221; btn_hover_text_color=&#8221;#ffffff&#8221; btn_hover_bg_color=&#8221;#1e73be&#8221; btn_hover_bdr_color=&#8221;#1e73be&#8221; full_height=&#8221;full&#8221; single_image=&#8221;10967&#8243; button_url=&#8221;url:https%3A%2F%2Fjmvstream.com%2Fes%2Falojamiento-de-videos%2F|title:Mira%20c%C3%B3mo%20funciona!|target:_blank&#8221;][vc_empty_space][inova_raw_html]<\/p>\n<div id=\"live\" style=\"width: 100%; height: 100px; float: lef; margin: 0px; padding: 0px;\"><\/div>\n<p>[\/inova_raw_html][\/vc_column][\/vc_row][vc_row section_templte=&#8221;features-area2&#8243;][vc_column css=&#8221;.vc_custom_1632416331054{padding-right: 50px !important;}&#8221;][inova_image_half_container image_half_style=&#8221;style_11&#8243; image_half_style_eleven=&#8221;&#8221; title_text=&#8221;En directo simult\u00e1neo en redes sociales&#8221; stitle_font_weight=&#8221;600&#8243; subtitle_text=&#8221;Con unos pocos clics, realice transmisiones en vivo en Facebook, Instagram, Twitter, Twitch TV y YouTube, todo al mismo tiempo. De una sola fuente y sin necesidad de equipos costosos y complicados.&#8221; subtitle_font_size=&#8221;18px&#8221; btn_radius=&#8221;50px&#8221; btn_text_color=&#8221;#1e73be&#8221; btn_bg_color=&#8221;#ffffff&#8221; btn_bdr_color=&#8221;#1e73be&#8221; btn_hover_text_color=&#8221;#ffffff&#8221; btn_hover_bg_color=&#8221;#1e73be&#8221; btn_hover_bdr_color=&#8221;#1e73be&#8221; full_height=&#8221;full&#8221; single_image=&#8221;10970&#8243; button_url=&#8221;url:https%3A%2F%2Fjmvstream.com%2Fes%2Fen-vivo-en-instagram-youtube-y-facebook-al-mismo-tiempo%2F|title:Mira%20c%C3%B3mo%20funciona!|target:_blank&#8221;][vc_empty_space][inova_raw_html]<\/p>\n<div id=\"live\" style=\"width: 100%; height: 100px; float: lef; margin: 0px; padding: 0px;\"><\/div>\n<p>[\/inova_raw_html][\/vc_column][\/vc_row][vc_row is_row_overlay=&#8221;overlay&#8221; row_gradient_type=&#8221;linear&#8221; row_linear_gradient_angle=&#8221;-15&#8243; row_overlay_opacity=&#8221;0.94&#8243; section_templte=&#8221;fun-fact-area&#8221; row_bg_image=&#8221;1805&#8243;][vc_column][inova_funfact_item funfact_styles=&#8221;style_2&#8243; funfact_style_two=&#8221;&#8221; counter_font_weight=&#8221;700&#8243; title_color=&#8221;#ffffff&#8221; funfact_counter=&#8221;360&#8243; funfact_title=&#8221;People Use Inovalab&#8221; inova_ffacts=&#8221;%5B%7B%22is_icon%22%3A%22hide%22%2C%22icon_or_image%22%3A%22icon_opt%22%2C%22icon_type%22%3A%22fontawesome%22%2C%22icon_op%22%3A%22vc-oi%20vc-oi-dial%22%2C%22icon_ty%22%3A%22typcn%20typcn-adjust-brightness%22%2C%22icon_ent%22%3A%22entypo-icon%20entypo-icon-note%22%2C%22icon_ln%22%3A%22vc_li%20vc_li-heart%22%2C%22icon_ms%22%3A%22vc-mono%20vc-mono-apple%22%2C%22icon_mat%22%3A%22vc-material%20vc-material-3d_rotation%22%2C%22icon_linear%22%3A%22lnr%20lnr-select%22%2C%22icon_themify%22%3A%22ti-wand%22%2C%22funfact_counter%22%3A%227000%22%2C%22funfact_title%22%3A%22CLIENTES%20FELICES%22%7D%2C%7B%22is_icon%22%3A%22hide%22%2C%22icon_or_image%22%3A%22icon_opt%22%2C%22icon_type%22%3A%22fontawesome%22%2C%22icon_op%22%3A%22vc-oi%20vc-oi-dial%22%2C%22icon_ty%22%3A%22typcn%20typcn-adjust-brightness%22%2C%22icon_ent%22%3A%22entypo-icon%20entypo-icon-note%22%2C%22icon_ln%22%3A%22vc_li%20vc_li-heart%22%2C%22icon_ms%22%3A%22vc-mono%20vc-mono-apple%22%2C%22icon_mat%22%3A%22vc-material%20vc-material-3d_rotation%22%2C%22icon_linear%22%3A%22lnr%20lnr-select%22%2C%22icon_themify%22%3A%22ti-wand%22%2C%22funfact_counter%22%3A%22150%22%2C%22funfact_title%22%3A%22MILLONES%20DE%20VISTA%20AL%20MES%22%7D%2C%7B%22is_icon%22%3A%22hide%22%2C%22icon_or_image%22%3A%22icon_opt%22%2C%22icon_type%22%3A%22fontawesome%22%2C%22icon_op%22%3A%22vc-oi%20vc-oi-dial%22%2C%22icon_ty%22%3A%22typcn%20typcn-adjust-brightness%22%2C%22icon_ent%22%3A%22entypo-icon%20entypo-icon-note%22%2C%22icon_ln%22%3A%22vc_li%20vc_li-heart%22%2C%22icon_ms%22%3A%22vc-mono%20vc-mono-apple%22%2C%22icon_mat%22%3A%22vc-material%20vc-material-3d_rotation%22%2C%22icon_linear%22%3A%22lnr%20lnr-select%22%2C%22icon_themify%22%3A%22ti-wand%22%2C%22funfact_counter%22%3A%222%22%2C%22funfact_title%22%3A%22PETABYTE%20POR%20MES%22%7D%5D&#8221;][inova_raw_html]<\/p>\n<div id=\"pricing\" style=\"width: 100%; height: 10px; float: lef; margin: 0px; padding: 0px;\"><\/div>\n<p>[\/inova_raw_html][\/vc_column][\/vc_row][vc_row section_templte=&#8221;features-area2&#8243;][vc_column][vc_empty_space height=&#8221;80px&#8221;][vc_column_text]<\/p>\n<p style=\"text-align: center; font-size: 35px; line-height: 1.2;\"><span style=\"color: #000000;\"><b>\u00a1Habla con nuestros consultores!<\/b><\/span><\/p>\n<p>&nbsp;<\/p>\n<p style=\"text-align: center;\"><span style=\"color: #000000; font-size: 15px;\">Solicite el contacto de un especialista en soluciones rellenando el siguiente formulario.<\/span><\/p>\n<p>[\/vc_column_text][vc_btn title=&#8221;Hablar con un experto&#8221; shape=&#8221;round&#8221; color=&#8221;warning&#8221; align=&#8221;center&#8221; inova_vc_btn_pr=&#8221;80px&#8221; inova_vc_btn_pb=&#8221;15px&#8221; inova_vc_btn_pl=&#8221;80px&#8221; link=&#8221;url:https%3A%2F%2Fjmvstream.com%2Fes%2Fcontacto%2F|title:Hablar%20con%20un%20experto&#8221;][vc_empty_space height=&#8221;80px&#8221;][\/vc_column][\/vc_row][vc_section content_placement=&#8221;middle&#8221; css=&#8221;.vc_custom_1633034572599{background: #000000 url(https:\/\/jmvstream.com\/wp-content\/uploads\/2021\/09\/mozaico-integrantes-jmv.png?id=12560) !important;}&#8221;][vc_row is_row_overlay=&#8221;overlay&#8221; row_overlay_type=&#8221;solid&#8221; row_overlay_opacity=&#8221;0.50&#8243;][vc_column][vc_empty_space height=&#8221;60px&#8221;][inova_heading heading_align=&#8221;text-center&#8221; title_font_weight=&#8221;600&#8243; title_color=&#8221;#ffffff&#8221; heading_text=&#8221;Nos encanta lo que hacemos los 7 d\u00edas de la semana!&#8221; title_font_size=&#8221;20px&#8221;][vc_empty_space height=&#8221;30px&#8221;][inova_section_subtitle subtitle_text=&#8221;Somos parte del grupo JMV Technology, un holding enfocado en soluciones tecnol\u00f3gicas y experiencia de usuario. Desde 2003 brindando soluciones a m\u00e1s de 7.000 clientes en todo el mundo.&#8221; description_color=&#8221;#ffffff&#8221;][\/vc_column][vc_column width=&#8221;1\/6&#8243;][\/vc_column][vc_column width=&#8221;2\/6&#8243;][\/vc_column][vc_column width=&#8221;2\/6&#8243;][\/vc_column][vc_column width=&#8221;1\/6&#8243;][\/vc_column][\/vc_row][\/vc_section]<\/p>\n<\/div>","protected":false},"excerpt":{"rendered":"<p>[vc_row el_id=&#8221;home&#8221;][vc_column][inova_hero_startup_video btn_plr=&#8221;70px&#8221; btn_text_color=&#8221;#ffffff&#8221; btn_bg_color=&#8221;#28b0ff&#8221; btn_bdr_color=&#8221;#ffffff&#8221; btn_hover_text_color=&#8221;#ffffff&#8221; btn_hover_bg_color=&#8221;#ffffff&#8221; hero_bg_video=&#8221;https:\/\/jmvstream.com\/wp-content\/uploads\/2019\/03\/Video-Jmvstream-03-1-1.m4v&#8221; hero_title=&#8221;ALCANCE SU AUDIENCIA EN TODO LUGAR&#8221;<\/p>\n","protected":false},"author":45,"featured_media":0,"parent":0,"menu_order":0,"comment_status":"closed","ping_status":"closed","template":"page-homepage.php","meta":{"footnotes":""},"class_list":["post-4749","page","type-page","status-publish","hentry"],"aioseo_notices":[],"_links":{"self":[{"href":"https:\/\/jmvstream.com\/es\/wp-json\/wp\/v2\/pages\/4749","targetHints":{"allow":["GET"]}}],"collection":[{"href":"https:\/\/jmvstream.com\/es\/wp-json\/wp\/v2\/pages"}],"about":[{"href":"https:\/\/jmvstream.com\/es\/wp-json\/wp\/v2\/types\/page"}],"author":[{"embeddable":true,"href":"https:\/\/jmvstream.com\/es\/wp-json\/wp\/v2\/users\/45"}],"replies":[{"embeddable":true,"href":"https:\/\/jmvstream.com\/es\/wp-json\/wp\/v2\/comments?post=4749"}],"version-history":[{"count":0,"href":"https:\/\/jmvstream.com\/es\/wp-json\/wp\/v2\/pages\/4749\/revisions"}],"wp:attachment":[{"href":"https:\/\/jmvstream.com\/es\/wp-json\/wp\/v2\/media?parent=4749"}],"curies":[{"name":"wp","href":"https:\/\/api.w.org\/{rel}","templated":true}]}}