{"id":30383,"date":"2025-08-26T08:52:27","date_gmt":"2025-08-26T11:52:27","guid":{"rendered":"https:\/\/jmvstream.com\/?page_id=30383"},"modified":"2025-09-11T10:50:14","modified_gmt":"2025-09-11T13:50:14","slug":"app-de-radio-con-sorteos-y-audio-on-demand","status":"publish","type":"page","link":"https:\/\/jmvstream.com\/es\/app-de-radio-con-sorteos-y-audio-on-demand\/","title":{"rendered":"JMV News &#8211; ESPANHOL"},"content":{"rendered":"<div class=\"wpb-content-wrapper\"><p>[vc_row el_id=&#8221;home&#8221; css=&#8221;.vc_custom_1629735424390{background-color: #3b81bf !important;}&#8221;][vc_column css_animation=&#8221;none&#8221; css=&#8221;.vc_custom_1756152505328{padding-top: 40px !important;background-color: #821819 !important;}&#8221;][vc_empty_space][vc_empty_space][inova_image_half_container flex_middle=&#8221;true&#8221; image_half_style_one=&#8221;&#8221; title_text=&#8221;Tu Radio.<br \/>Tu Plataforma.<br \/>Mucho M\u00e1s All\u00e1 de Spotify.&#8221; stitle_font_weight=&#8221;600&#8243; subtitle_text=&#8221;<\/p>\n<p style=``text-align: justify !important; color:white !important;``>\nCon tu aplicaci\u00f3n exclusiva y la galer\u00eda de audio on-demand, superas a las plataformas de streaming, centralizas tu audiencia en un ecosistema libre de distracciones y garantizas transmisi\u00f3n 24\/7 ininterrumpida, impulsando la fidelizaci\u00f3n y monetizaci\u00f3n de tu marca en el entorno digital.&#8221; subtitle_font_size=&#8221;16px&#8221; btn_radius=&#8221;50px&#8221; btn_text_color=&#8221;#772D2E&#8221; btn_bg_color=&#8221;#FFFFFF&#8221; btn_bdr_color=&#8221;#FFFFFF&#8221; btn_hover_text_color=&#8221;#772D2E&#8221; btn_hover_bg_color=&#8221;#E1E1E1&#8243; btn_hover_bdr_color=&#8221;#FDFDFD&#8221; stitle_color=&#8221;#ffffff&#8221; single_image=&#8221;30388&#8243; subtitle_color=&#8221;#FFFFFF&#8221; button_url=&#8221;url:https%3A%2F%2Fjmvstream.com%2Fes%2Fcontacto%2F|title:%C2%A1Habla%20con%20un%20Especialista!&#8221; sfeature_padding_top=&#8221;80&#8243;][vc_empty_space][vc_empty_space][vc_empty_space][\/vc_column][\/vc_row][vc_row section_templte=&#8221;video-area&#8221; css=&#8221;.vc_custom_1631132562264{background-color: #f5f5f5 !important;}&#8221; el_id=&#8221;cdn-dedicados&#8221;][vc_column][inova_image_half_container image_half_style=&#8221;style_8&#8243; flex_middle=&#8221;true&#8221; image_half_style_eight=&#8221;&#8221; title_text=&#8221;Sorteos Automatizados&#8221; stitle_font_weight=&#8221;600&#8243; subtitle_text=&#8221;<\/p>\n<section id=``sorteios-automatizados`` aria-labelledby=``sorteios-title``>\n<div class=``sorteios__container``>\n<p class=``sorteios__subtitle``><strong>Fideliza oyentes con interacci\u00f3n sin fricciones<\/strong><\/p>\n<p class=``sorteios__intro``>\n      El m\u00f3dulo exclusivo de sorteos convierte tu aplicaci\u00f3n en una poderosa herramienta de fidelizaci\u00f3n,<br \/>\neliminando la dependencia de redes sociales o WhatsApp. M\u00e1s control para tu radio, m\u00e1s practicidad<br \/>\npara el oyente.<\/p>\n<ul class=``sorteios__benefits``>\n<li>\n        <strong>Registro en 2 clics:<\/strong><br \/>\nEl oyente participa con su cuenta de Google o Apple (Android e iOS), sin formularios tediosos.<\/li>\n<li>\n        <strong>Fidelizaci\u00f3n real:<\/strong><br \/>\nLos sorteos atraen oyentes, aumentan descargas y generan leads fieles.<\/li>\n<li>\n        <strong>Transparencia y control:<\/strong><br \/>\nDefine reglas personalizables y sigue cada sorteo en tiempo real, garantizando credibilidad, seguridad y total autonom\u00eda para tu radio.<\/li>\n<li>\n        <strong>Compromiso continuo:<\/strong><br \/>\nLas notificaciones push avisan sobre nuevos sorteos, manteniendo activa a tu audiencia.<\/li>\n<\/ul>\n<\/div>\n<\/section>\n<p>&#8221; subtitle_font_size=&#8221;16px&#8221; stitle_color=&#8221;#565656&#8243; single_image=&#8221;30401&#8243; subtitle_color=&#8221;#565656&#8243;][\/vc_column][\/vc_row][vc_row css=&#8221;.vc_custom_1629836434155{background-color: #f5f5f5 !important;}&#8221;][vc_column][vc_empty_space height=&#8221;85px&#8221;][inova_image_half_container image_half_style=&#8221;style_10&#8243; image_half_style_ten=&#8221;&#8221; title_text=&#8221;El Spotify de Tu Radio&#8221; stitle_font_weight=&#8221;600&#8243; subtitle_text=&#8221;<\/p>\n<section id=``spotify-da-sua-radio`` aria-labelledby=``spotify-title``>\n<div class=``spotify__container``>\n<p class=``spotify__subtitle``><strong>Ve mucho m\u00e1s all\u00e1 del streaming tradicional<\/strong><\/p>\n<p class=``spotify__intro``>\n      Transforma tu aplicaci\u00f3n en una plataforma de audio on-demand, posicionando tu radio por encima de grandes<br \/>\nplayers como Spotify, YouTube Music y Amazon Music. Dale a tu oyente control total de qu\u00e9 escuchar y cu\u00e1ndo.<\/p>\n<ul class=``spotify__benefits``>\n<li>\n        <strong>Audio on-demand:<\/strong><br \/>\nLos oyentes eligen canciones por artistas, categor\u00edas o crean playlists personalizadas.<\/li>\n<li>\n        <strong>Exclusividad para el oyente:<\/strong><br \/>\nEl inicio de sesi\u00f3n ofrece una experiencia premium y fideliza al usuario, que encuentra en tu app todo lo que necesita.<\/li>\n<li>\n        <strong>Contenido a medida:<\/strong><br \/>\nPersonaliza g\u00e9neros (sertanejo, pop rock, gospel, etc.) seg\u00fan el perfil de tu audiencia.<\/li>\n<\/ul>\n<\/div>\n<\/section>\n<p>&#8221; subtitle_font_size=&#8221;16px&#8221; btn_radius=&#8221;&#8221; btn_ptb=&#8221;&#8221; btn_plr=&#8221;&#8221; btn_text_color=&#8221;#ffffff&#8221; btn_bg_color=&#8221;#db6532&#8243; btn_bdr_color=&#8221;#db6532&#8243; btn_bdr_width=&#8221;&#8221; btn_hover_text_color=&#8221;#ffffff&#8221; btn_hover_bg_color=&#8221;#1574d4&#8243; btn_hover_bdr_color=&#8221;#1574d4&#8243; stitle_color=&#8221;#565656&#8243; subtitle_color=&#8221;#565656&#8243; single_image=&#8221;30416&#8243;][vc_btn title=&#8221;Contactar Ahora&#8221; color=&#8221;primary&#8221; align=&#8221;center&#8221; css_animation=&#8221;fadeIn&#8221; css=&#8221;.vc_custom_1756140187749{background-color: #DD333300 !important;}&#8221; link=&#8221;url:https%3A%2F%2Fjmvstream.com%2Fen%2Fcontact%2F|target:_blank|&#8221;][\/vc_column][\/vc_row][vc_row css=&#8221;.vc_custom_1629836445490{background-color: #f5f5f5 !important;}&#8221;][vc_column][\/vc_column][\/vc_row][vc_row section_templte=&#8221;video-area&#8221; css=&#8221;.vc_custom_1631132562264{background-color: #f5f5f5 !important;}&#8221; el_id=&#8221;cdn-dedicados&#8221;][vc_column][inova_image_half_container image_half_style=&#8221;style_6&#8243; flex_middle=&#8221;true&#8221; image_half_style_six=&#8221;&#8221; title_text=&#8221;Ponte en Contacto&#8221; stitle_font_weight=&#8221;600&#8243; subtitle_text=&#8221;Estamos listos para presentarte nuestra soluci\u00f3n y mostrarte c\u00f3mo puede transformar tu manera de trabajar.<br \/>\nNuestro equipo responder\u00e1 todas tus dudas e indicar\u00e1 el mejor camino para aprovechar al m\u00e1ximo nuestros recursos.<\/p>\n<p><strong>\u00bfQuieres conocer nuestra soluci\u00f3n de cerca? \u00a1Habla ahora mismo con uno de nuestros especialistas!<\/strong>&#8221; subtitle_font_size=&#8221;16px&#8221; stitle_color=&#8221;#565656&#8243; subtitle_color=&#8221;#565656&#8243;][vc_btn title=&#8221;Hablar con un Especialista en Soluciones&#8221; color=&#8221;primary&#8221; align=&#8221;center&#8221; css_animation=&#8221;fadeIn&#8221; css=&#8221;.vc_custom_1756140213159{margin-top: -100px !important;}&#8221; link=&#8221;url:https%3A%2F%2Fjmvstream.com%2Fen%2Fcontact%2F|target:_blank|&#8221;][\/vc_column][\/vc_row][vc_row css=&#8221;.vc_custom_1629836457305{background-color: #f5f5f5 !important;}&#8221;][vc_column][inova_feature_with_icon title_style_one=&#8221;&#8221; title_text=&#8221;Recursos \u00danicos&#8221; subtitle_text=&#8221;Tu aplicaci\u00f3n personalizada tendr\u00e1 funcionalidades exclusivas que van m\u00e1s all\u00e1 de la transmisi\u00f3n tradicional. Todo fue dise\u00f1ado para enganchar a tu audiencia y valorizar a\u00fan m\u00e1s tu marca.&#8221; subtitle_font_size=&#8221;1px&#8221; feature_styles=&#8221;style_13&#8243; feature_style_thirteen=&#8221;&#8221; title_color=&#8221;#999999&#8243; content_color=&#8221;#999999&#8243; f_bg_color=&#8221;#f5f5f5&#8243; &#8230; ][\/vc_column][\/vc_row][vc_row css=&#8221;.vc_custom_1629836474788{background-color: #f5f5f5 !important;}&#8221;][vc_column css=&#8221;.vc_custom_1756139694775{background-color: #821819 !important;}&#8221;][inova_image_half_container image_half_style=&#8221;style_6&#8243; image_half_style_six=&#8221;&#8221; title_text=&#8221;\u00bfDudas o planes personalizados?&#8221; stitle_font_weight=&#8221;700&#8243; stitle_text_transform=&#8221;inherit&#8221; subtitle_text=&#8221;Solicita el contacto de uno de nuestros especialistas en soluciones completando el formulario a continuaci\u00f3n.&#8221; btn_radius=&#8221;50px&#8221; btn_plr=&#8221;80px&#8221; btn_text_color=&#8221;#ffffff&#8221; btn_bg_color=&#8221;#f05b43&#8243; btn_bdr_color=&#8221;rgba(255,255,255,0.75)&#8221; btn_bdr_width=&#8221;2px&#8221; btn_hover_text_color=&#8221;#ffffff&#8221; btn_hover_bg_color=&#8221;#1574d4&#8243; btn_hover_bdr_color=&#8221;#1574d4&#8243; full_height=&#8221;full&#8221; button_url=&#8221;url:https%3A%2F%2Fjmvstream.com%2Fen%2Fcontact%2F|title:%C2%A1Hablar%20con%20un%20Especialista!&#8221; stitle_color=&#8221;#F5F2F2&#8243; subtitle_color=&#8221;#FFFFFF&#8221;][\/vc_column][\/vc_row][vc_row equal_height=&#8221;yes&#8221; content_placement=&#8221;middle&#8221; content_alignment=&#8221;text-justify&#8221; row_bg_repeat=&#8221;no-repeat&#8221; is_row_overlay=&#8221;overlay&#8221; row_overlay_type=&#8221;solid&#8221; row_overlay_solid=&#8221;#242424&#8243; row_overlay_opacity=&#8221;0.85&#8243; css=&#8221;.vc_custom_1599598181455{background-color: #242424 !important;}&#8221; row_bg_image=&#8221;9822&#8243;][vc_column][inova_short_address title_style_one=&#8221;&#8221; title_text=&#8221;\u00a1Amamos lo que hacemos los 7 d\u00edas de la semana!&#8221; subtitle_text=&#8221;Formamos parte del grupo JMV Technology, una multinacional enfocada en soluciones tecnol\u00f3gicas y en la experiencia del usuario. Desde 2003 brindando soluciones a m\u00e1s de 6 mil clientes en 4 continentes.&#8221; address_column=&#8221;4&#8243; title_color=&#8221;#ffffff&#8221; content_color=&#8221;#ffffff&#8221; address_items=&#8221;%5B%5D&#8221; stitle_color=&#8221;#ffffff&#8221; subtitle_color=&#8221;#ffffff&#8221;][\/vc_column][\/vc_row]<\/p>\n<\/div>","protected":false},"excerpt":{"rendered":"<p>[vc_row el_id=&#8221;home&#8221; css=&#8221;.vc_custom_1629735424390{background-color: #3b81bf !important;}&#8221;][vc_column css_animation=&#8221;none&#8221; css=&#8221;.vc_custom_1756152505328{padding-top: 40px !important;background-color: #821819 !important;}&#8221;][vc_empty_space][vc_empty_space][inova_image_half_container flex_middle=&#8221;true&#8221; image_half_style_one=&#8221;&#8221; title_text=&#8221;Tu Radio.Tu<\/p>\n","protected":false},"author":24,"featured_media":0,"parent":0,"menu_order":0,"comment_status":"closed","ping_status":"closed","template":"page-homepage.php","meta":{"footnotes":""},"class_list":["post-30383","page","type-page","status-publish","hentry"],"aioseo_notices":[],"_links":{"self":[{"href":"https:\/\/jmvstream.com\/es\/wp-json\/wp\/v2\/pages\/30383","targetHints":{"allow":["GET"]}}],"collection":[{"href":"https:\/\/jmvstream.com\/es\/wp-json\/wp\/v2\/pages"}],"about":[{"href":"https:\/\/jmvstream.com\/es\/wp-json\/wp\/v2\/types\/page"}],"author":[{"embeddable":true,"href":"https:\/\/jmvstream.com\/es\/wp-json\/wp\/v2\/users\/24"}],"replies":[{"embeddable":true,"href":"https:\/\/jmvstream.com\/es\/wp-json\/wp\/v2\/comments?post=30383"}],"version-history":[{"count":0,"href":"https:\/\/jmvstream.com\/es\/wp-json\/wp\/v2\/pages\/30383\/revisions"}],"wp:attachment":[{"href":"https:\/\/jmvstream.com\/es\/wp-json\/wp\/v2\/media?parent=30383"}],"curies":[{"name":"wp","href":"https:\/\/api.w.org\/{rel}","templated":true}]}}