{"id":20326,"date":"2023-08-06T20:15:20","date_gmt":"2023-08-06T23:15:20","guid":{"rendered":"https:\/\/jmvstream.com\/web-tv-con-lista-de-reproduccion-24-horas\/"},"modified":"2023-08-06T20:15:23","modified_gmt":"2023-08-06T23:15:23","slug":"web-tv-con-lista-de-reproduccion-24-horas","status":"publish","type":"page","link":"https:\/\/jmvstream.com\/es\/web-tv-con-lista-de-reproduccion-24-horas\/","title":{"rendered":"Web TV con lista de reproducci\u00f3n 24 horas"},"content":{"rendered":"<div class=\"wpb-content-wrapper\"><p>[vc_row row_bg_repeat=&#8221;no-repeat&#8221; css=&#8221;.vc_custom_1674848929373{background-color: #3a3c80 !important;}&#8221; el_id=&#8221;jmv__header-blog&#8221; row_bg_image=&#8221;15512&#8243;][vc_column][vc_empty_space height=&#8221;200px&#8221;][vc_column_text]<\/p>\n<h1 style=\"text-align: center;\"><span style=\"color: #ffffff;\"><strong>Web TV com playlist 24 horas<\/strong><\/span><\/h1>\n<p>[\/vc_column_text][vc_column_text]<\/p>\n<p style=\"text-align: center;\"><span style=\"color: #ffffff;\">Playout intuitivo para agendamento facilitado dos conte\u00fados da sua Web TV ou TV Indoor de sua empresa.<\/span><\/p>\n<p style=\"text-align: center;\"><span style=\"color: #ffffff;\">Sem necessidade de um pc ligado, todos os seus v\u00eddeos ficam programados na nuvem.<\/span><\/p>\n<p>[\/vc_column_text][vc_single_image image=&#8221;8639&#8243; img_size=&#8221;full&#8221; alignment=&#8221;center&#8221;][vc_empty_space height=&#8221;40px&#8221;][\/vc_column][\/vc_row][vc_row][vc_column][vc_empty_space height=&#8221;50px&#8221;][vc_column_text]<\/p>\n<h5 style=\"text-align: center;\">No <a title=\"JMV Content - conteudo para WEbTv\" href=\"https:\/\/jmvstream.com\/pt-br\/conteudo-para-webtv-jmv-content\/\" target=\"_blank\" rel=\"noopener\">post anterior<\/a>, voc\u00ea descobriu que, n\u00f3s te ajudamos a criar o seu <a title=\"conte\u00fado para sua webtv\" href=\"https:\/\/jmvstream.com\/pt-br\/conteudo-para-webtv-jmv-content\/\" target=\"_blank\" rel=\"noopener\">conte\u00fado para web tv<\/a>, fornecendo mais de 1000 novos v\u00eddeos todos os dias.<\/h5>\n<h5 style=\"text-align: center;\">Agora, vamos descobrir como \u00e9 simples configurar uma playlist 24 horas?<\/h5>\n<h5><\/h5>\n<p>[\/vc_column_text][vc_empty_space height=&#8221;30px&#8221;][\/vc_column][\/vc_row][vc_row row_bg_image=&#8221;15507&#8243; css=&#8221;.vc_custom_1674754099243{padding-top: 0% !important;}&#8221;][vc_column][vc_empty_space height=&#8221;50px&#8221;][vc_column_text]<\/p>\n<h3 style=\"text-align: center;\"><span style=\"color: #ffffff;\">Aperte o play no v\u00eddeo abaixo e veja na pr\u00e1tica a constru\u00e7\u00e3o de uma playlist:<\/span><\/h3>\n<p>[\/vc_column_text][vc_empty_space height=&#8221;30px&#8221;][inova_raw_html]<\/p>\n<div style=\"display: flex; justify-content: center;\"><iframe loading=\"lazy\" style=\"max-width: 100%;\" src=\"https:\/\/player.jmvstream.com\/GABVbodAEtgzfslejLJCLmCTkVmc4I\/7sg44dfsgweegny\" width=\"800\" height=\"450\" frameborder=\"0\" allowfullscreen=\"allowfullscreen\"><\/iframe><\/div>\n<p>[\/inova_raw_html][vc_empty_space height=&#8221;30px&#8221;][\/vc_column][\/vc_row][vc_row][vc_column][vc_empty_space height=&#8221;50px&#8221;][inova_image_half_container image_half_style_one=&#8221;&#8221; title_text=&#8221;Player para Web TV personaliz\u00e1vel, de alta performance e playlist de backup&#8221; subtitle_text=&#8221;Player de streaming para Web TV com desempenho 300% mais r\u00e1pido que os demais, gra\u00e7as a nosso cdn exclusivo. Exibi\u00e7\u00e3o do seu conte\u00fado com delay reduzido e tempo de resposta em menos de 1 segundo. Fique 100% do tempo ao vivo, configure playlist de backup, e ela entrar\u00e1 no ar sempre que a playlist principal n\u00e3o tiver dispon\u00edvel.&#8221; single_image=&#8221;15771&#8243;][\/vc_column][\/vc_row][vc_row row_bg_image=&#8221;15507&#8243;][vc_column][vc_empty_space height=&#8221;50px&#8221;][vc_column_text]<\/p>\n<h2 style=\"text-align: center;\"><span style=\"color: #ffffff;\">Ficou interessado na playlist 24 horas?<\/span><\/h2>\n<p style=\"text-align: center;\"><span style=\"color: #ffffff;\">Fale com um de nossos especialistas e ative agora mesmo sua Web TV.<\/span><\/p>\n<p>[\/vc_column_text][vc_btn title=&#8221;Falar Com Um Especialista!&#8221; shape=&#8221;round&#8221; color=&#8221;warning&#8221; align=&#8221;center&#8221; link=&#8221;url:https%3A%2F%2Fjmvstream.com%2Fpt-br%2Fcentral-contato%2F|title:Falar%20com%20um%20especialista!|target:_blank&#8221;][vc_empty_space height=&#8221;50px&#8221;][\/vc_column][\/vc_row][vc_row][vc_column][vc_empty_space height=&#8221;50px&#8221;][inova_image_half_container image_half_style_one=&#8221;&#8221; title_text=&#8221;Grava\u00e7\u00e3o autom\u00e1tica da sua transmiss\u00e3o ao vivo&#8221; subtitle_text=&#8221;Tenha todas as suas transmiss\u00f5es ao vivo armazenadas para disponibilizar em sua programa\u00e7\u00e3o ou fazer download quando quiser. A ferramenta identifica sempre quando voc\u00ea come\u00e7a a transmitir ao vivo em sua Web TV e inicia imediatamente a grava\u00e7\u00e3o, que \u00e9 finalizada apenas quando a transmiss\u00e3o for encerrada.&#8221; single_image=&#8221;15774&#8243;][\/vc_column][\/vc_row][vc_row equal_height=&#8221;yes&#8221; content_placement=&#8221;middle&#8221; content_alignment=&#8221;text-justify&#8221; row_bg_repeat=&#8221;no-repeat&#8221; is_row_overlay=&#8221;overlay&#8221; row_overlay_type=&#8221;solid&#8221; row_overlay_solid=&#8221;#242424&#8243; row_overlay_opacity=&#8221;0.85&#8243; css=&#8221;.vc_custom_1674671567862{background-color: #ffffff !important;}&#8221; row_bg_image=&#8221;9822&#8243;][vc_column][inova_short_address title_style_one=&#8221;&#8221; title_text=&#8221;Amamos o que fazemos 7 dias por semana!&#8221; subtitle_text=&#8221;Fazemos parte do grupo JMV Technology, uma multinacional com foco em solu\u00e7\u00f5es de tecnologia e na experi\u00eancia do usu\u00e1rio. Desde 2003 trazendo solu\u00e7\u00f5es para mais de 8 mil clientes em 14 pa\u00edses.&#8221; address_column=&#8221;4&#8243; title_color=&#8221;#ffffff&#8221; content_color=&#8221;#ffffff&#8221; address_items=&#8221;%5B%5D&#8221; stitle_color=&#8221;#ffffff&#8221; subtitle_color=&#8221;#ffffff&#8221;][\/vc_column][\/vc_row]<\/p>\n<\/div>","protected":false},"excerpt":{"rendered":"<p>[vc_row row_bg_repeat=&#8221;no-repeat&#8221; css=&#8221;.vc_custom_1674848929373{background-color: #3a3c80 !important;}&#8221; el_id=&#8221;jmv__header-blog&#8221; row_bg_image=&#8221;15512&#8243;][vc_column][vc_empty_space height=&#8221;200px&#8221;][vc_column_text] Web TV com playlist 24 horas [\/vc_column_text][vc_column_text]<\/p>\n","protected":false},"author":46,"featured_media":0,"parent":0,"menu_order":0,"comment_status":"closed","ping_status":"closed","template":"page-homepage.php","meta":{"footnotes":""},"class_list":["post-20326","page","type-page","status-publish","hentry"],"aioseo_notices":[],"_links":{"self":[{"href":"https:\/\/jmvstream.com\/es\/wp-json\/wp\/v2\/pages\/20326","targetHints":{"allow":["GET"]}}],"collection":[{"href":"https:\/\/jmvstream.com\/es\/wp-json\/wp\/v2\/pages"}],"about":[{"href":"https:\/\/jmvstream.com\/es\/wp-json\/wp\/v2\/types\/page"}],"author":[{"embeddable":true,"href":"https:\/\/jmvstream.com\/es\/wp-json\/wp\/v2\/users\/46"}],"replies":[{"embeddable":true,"href":"https:\/\/jmvstream.com\/es\/wp-json\/wp\/v2\/comments?post=20326"}],"version-history":[{"count":0,"href":"https:\/\/jmvstream.com\/es\/wp-json\/wp\/v2\/pages\/20326\/revisions"}],"wp:attachment":[{"href":"https:\/\/jmvstream.com\/es\/wp-json\/wp\/v2\/media?parent=20326"}],"curies":[{"name":"wp","href":"https:\/\/api.w.org\/{rel}","templated":true}]}}