{"id":11786,"date":"2021-08-03T17:53:16","date_gmt":"2021-08-03T20:53:16","guid":{"rendered":"https:\/\/jmvstream.com\/?page_id=11786"},"modified":"2021-08-05T15:59:04","modified_gmt":"2021-08-05T18:59:04","slug":"transmision-de-video-en-vivo-de-alta-calidad","status":"publish","type":"page","link":"https:\/\/jmvstream.com\/es\/transmision-de-video-en-vivo-de-alta-calidad\/","title":{"rendered":"Streaming de v\u00eddeo ao vivo com alta qualidade"},"content":{"rendered":"<div class=\"wpb-content-wrapper\"><p>[vc_row css_animation=&#8221;none&#8221; css=&#8221;.vc_custom_1628022547822{background-color: #fafafa !important;}&#8221; el_id=&#8221;transmisi\u00f3n-de-video-en-vivo&#8221; row_bg_image=&#8221;10995&#8243;][vc_column][vc_empty_space height=&#8221;220px&#8221;][vc_row_inner][vc_column_inner width=&#8221;1\/5&#8243;][\/vc_column_inner][vc_column_inner width=&#8221;3\/5&#8243;][vc_column_text]<\/p>\n<p style=\"text-align: center; font-size: 32px; line-height: 1.2;\"><span style=\"color: #ffffff;\"><b>Transmisi\u00f3n de video en vivo con alta calidad<\/b><\/span><\/p>\n<p>[\/vc_column_text][vc_column_text]<\/p>\n<p style=\"text-align: center;\"><span style=\"color: #ffffff; font-size: 18px;\">Aprenda, paso a paso, c\u00f3mo transmitir videos en m\u00faltiples plataformas: sitios web, dispositivos m\u00f3viles, televisi\u00f3n inteligente y todas las redes sociales al mismo tiempo. Obt\u00e9n estad\u00edsticas completas, herramientas exclusivas para interactuar con tu audiencia y monetizar tu contenido.<br \/>\n<\/span>[\/vc_column_text][vc_btn title=&#8221;Mira los planes!&#8221; shape=&#8221;round&#8221; color=&#8221;warning&#8221; align=&#8221;center&#8221;][\/vc_column_inner][vc_column_inner width=&#8221;1\/5&#8243;][\/vc_column_inner][\/vc_row_inner][vc_row_inner][vc_column_inner][inova_client_logo client_logo_style_one=&#8221;&#8221; client_logos=&#8221;%5B%7B%22logo_image%22%3A%2211616%22%7D%2C%7B%22logo_image%22%3A%2211630%22%7D%2C%7B%22logo_image%22%3A%2211622%22%7D%2C%7B%22logo_image%22%3A%2211613%22%7D%2C%7B%22logo_image%22%3A%2211610%22%7D%2C%7B%22logo_image%22%3A%2211619%22%7D%5D&#8221;][vc_empty_space height=&#8221;60px&#8221;][\/vc_column_inner][\/vc_row_inner][\/vc_column][\/vc_row][vc_row css_animation=&#8221;none&#8221; css=&#8221;.vc_custom_1628022651465{background-color: #fafafa !important;}&#8221; el_id=&#8221;realizar-transmisiones-en-vivo&#8221;][vc_column][vc_empty_space height=&#8221;100px&#8221;][\/vc_column][vc_column width=&#8221;1\/5&#8243;][\/vc_column][vc_column css_animation=&#8221;fadeInUp&#8221; width=&#8221;3\/5&#8243;][vc_column_text]<\/p>\n<p style=\"text-align: center; font-size: 30px; line-height: 1.2;\"><strong><img loading=\"lazy\" decoding=\"async\" class=\"alignnone size-full wp-image-11647\" src=\"https:\/\/jmvstream.com\/wp-content\/uploads\/2021\/08\/icone-passo-um-streaming-de-video-ao-vivo.png\" alt=\"\" width=\"34\" height=\"34\" \/> \u00a0Transmitir en vivo de forma sencilla<\/strong><\/p>\n<p>&nbsp;<\/p>\n<p style=\"text-align: center;\"><span style=\"color: #333333; font-size: 16px;\">Luego de contratar el plan, recibir\u00e1 un correo electr\u00f3nico con todos los datos para acceder a la plataforma para realizar transmisiones en vivo. Configura el equipo seg\u00fan los datos recibidos para empezar a hacer tu vida.<\/span><\/p>\n<p>[\/vc_column_text][\/vc_column][vc_column width=&#8221;1\/5&#8243;][\/vc_column][vc_column css_animation=&#8221;fadeInUp&#8221;][vc_single_image image=&#8221;11852&#8243; img_size=&#8221;600&#215;377&#8243; alignment=&#8221;center&#8221;][vc_single_image image=&#8221;11834&#8243; img_size=&#8221;45&#215;46&#8243; alignment=&#8221;center&#8221; onclick=&#8221;custom_link&#8221; link=&#8221;#personalizar-su-reproductor&#8221;][vc_empty_space height=&#8221;70&#8243;][vc_separator el_width=&#8221;60&#8243;][\/vc_column][\/vc_row][vc_row css_animation=&#8221;none&#8221; css=&#8221;.vc_custom_1628022753713{background-color: #fafafa !important;}&#8221; el_id=&#8221;personalizar-su-reproductor&#8221;][vc_column][vc_empty_space height=&#8221;100px&#8221;][\/vc_column][vc_column width=&#8221;1\/5&#8243;][\/vc_column][vc_column css_animation=&#8221;fadeInUp&#8221; width=&#8221;3\/5&#8243;][vc_column_text]<\/p>\n<p style=\"text-align: center; font-size: 30px; line-height: 1.2;\"><strong> <img loading=\"lazy\" decoding=\"async\" class=\"alignnone size-full wp-image-11650\" src=\"https:\/\/jmvstream.com\/wp-content\/uploads\/2021\/08\/icone-passo-dois-streaming-de-video-ao-vivo.png\" alt=\"\" width=\"34\" height=\"34\" \/>\u00a0 Personaliza tu reproductor y activa funciones<\/strong><\/p>\n<p style=\"text-align: center;\"><span style=\"color: #333333; font-size: 16px;\">Personaliza tu reproductor con los colores de tu marca, inserta tu logo y activa funciones como: compartir, chat, encuestas, sorteos y captura por correo electr\u00f3nico y whatsapp de todos los espectadores que acudan a tu contenido.<\/span><\/p>\n<p>[\/vc_column_text][\/vc_column][vc_column width=&#8221;1\/5&#8243;][\/vc_column][vc_column css_animation=&#8221;fadeInUp&#8221;][vc_single_image image=&#8221;11855&#8243; img_size=&#8221;600&#215;345&#8243; alignment=&#8221;center&#8221;][vc_single_image image=&#8221;11837&#8243; img_size=&#8221;45&#215;46&#8243; alignment=&#8221;center&#8221; onclick=&#8221;custom_link&#8221; link=&#8221;#retransmitir-a-todas-las-redes-sociales-al mismo tiempo&#8221;][vc_empty_space height=&#8221;70&#8243;][vc_separator el_width=&#8221;60&#8243;][\/vc_column][\/vc_row][vc_row css_animation=&#8221;none&#8221; css=&#8221;.vc_custom_1628022877972{background-color: #fafafa !important;}&#8221; el_id=&#8221;retransmitir-a-todas-las-redes-sociales-al mismo tiempo&#8221;][vc_column][vc_empty_space height=&#8221;100px&#8221;][\/vc_column][vc_column width=&#8221;1\/5&#8243;][\/vc_column][vc_column css_animation=&#8221;fadeInUp&#8221; width=&#8221;3\/5&#8243;][vc_column_text]<\/p>\n<p style=\"text-align: center; font-size: 30px; line-height: 1.2;\"><strong> <img loading=\"lazy\" decoding=\"async\" class=\"alignnone size-full wp-image-11650\" src=\"https:\/\/jmvstream.com\/wp-content\/uploads\/2021\/08\/icone-passo-tres-streaming-de-video-ao-vivo.png\" alt=\"\" width=\"34\" height=\"34\" \/>\u00a0Retransmisi\u00f3n a todas las redes sociales al mismo tiempo<\/strong><\/p>\n<p style=\"text-align: center;\"><span style=\"color: #333333; font-size: 16px;\">Inserte el c\u00f3digo generado por la plataforma de transmisi\u00f3n en vivo en su sitio web. Nuestro reproductor es multiplataforma, compatible con computadoras, aplicaciones y televisores inteligentes. Adem\u00e1s, puede enviar su transmisi\u00f3n a las redes sociales, Facebook, Instagram, Youtube, Twitter y Twitch TV al mismo tiempo.<\/span><\/p>\n<p>[\/vc_column_text][\/vc_column][vc_column width=&#8221;1\/5&#8243;][\/vc_column][vc_column css_animation=&#8221;fadeInUp&#8221;][vc_single_image image=&#8221;11858&#8243; img_size=&#8221;600&#215;393&#8243; alignment=&#8221;center&#8221;][vc_single_image image=&#8221;11840&#8243; img_size=&#8221;45&#215;46&#8243; alignment=&#8221;center&#8221; onclick=&#8221;custom_link&#8221; link=&#8221;#administrar-anuncios-en-banner&#8221;][vc_empty_space height=&#8221;70&#8243;][vc_separator el_width=&#8221;60&#8243;][\/vc_column][\/vc_row][vc_row css_animation=&#8221;none&#8221; css=&#8221;.vc_custom_1628022966353{background-color: #fafafa !important;}&#8221; el_id=&#8221;administrar-anuncios-en-banner&#8221;][vc_column][vc_empty_space height=&#8221;100px&#8221;][\/vc_column][vc_column width=&#8221;1\/5&#8243;][\/vc_column][vc_column css_animation=&#8221;fadeInUp&#8221; width=&#8221;3\/5&#8243;][vc_column_text]<\/p>\n<p style=\"text-align: center; font-size: 30px; line-height: 1.2;\"><strong><img loading=\"lazy\" decoding=\"async\" class=\"alignnone size-full wp-image-11656\" src=\"https:\/\/jmvstream.com\/wp-content\/uploads\/2021\/08\/icone-passo-quatro-streaming-de-video-ao-vivo.png\" alt=\"\" width=\"34\" height=\"34\" \/>\u00a0 Administre anuncios publicitarios y \/ o videos para generar m\u00e1s ingresos<\/strong><\/p>\n<p style=\"text-align: center;\"><span style=\"color: #333333; font-size: 16px;\">Tome el control total de la inserci\u00f3n de anuncios publicitarios o de video en su transmisi\u00f3n en vivo. Limita el tiempo, elige los valores y determina los segmentos que mejor se adaptan a tu negocio.<\/span><\/p>\n<p>[\/vc_column_text][\/vc_column][vc_column width=&#8221;1\/5&#8243;][\/vc_column][vc_column css_animation=&#8221;fadeInUp&#8221;][vc_single_image image=&#8221;11861&#8243; img_size=&#8221;600&#215;335&#8243; alignment=&#8221;center&#8221;][vc_single_image image=&#8221;11843&#8243; img_size=&#8221;45&#215;46&#8243; alignment=&#8221;center&#8221; onclick=&#8221;custom_link&#8221; link=&#8221;#tener-estad\u00edsticas-en-tiempo-real&#8221;][vc_empty_space height=&#8221;70&#8243;][vc_separator el_width=&#8221;60&#8243;][\/vc_column][\/vc_row][vc_row css_animation=&#8221;none&#8221; css=&#8221;.vc_custom_1628023060752{background-color: #fafafa !important;}&#8221; el_id=&#8221;tener-estad\u00edsticas-en-tiempo-real&#8221;][vc_column][vc_empty_space height=&#8221;100px&#8221;][\/vc_column][vc_column width=&#8221;1\/5&#8243;][\/vc_column][vc_column css_animation=&#8221;fadeInUp&#8221; width=&#8221;3\/5&#8243;][vc_column_text]<\/p>\n<p style=\"text-align: center; font-size: 30px; line-height: 1.2;\"><strong><img loading=\"lazy\" decoding=\"async\" class=\"alignnone size-full wp-image-11656\" src=\"https:\/\/jmvstream.com\/wp-content\/uploads\/2021\/08\/icone-passo-cinco-streaming-de-video-ao-vivo.png\" alt=\"\" width=\"34\" height=\"34\" \/>\u00a0 Obtenga estad\u00edsticas en tiempo real<\/strong><\/p>\n<p style=\"text-align: center;\"><span style=\"color: #333333; font-size: 16px;\">Mide la ubicaci\u00f3n, la hora y los dispositivos a los que los usuarios acceden a tu contenido. Utilice los datos del servicio de transmisi\u00f3n de video en vivo para optimizar su contenido, obtener nuevos anunciantes y aumentar a\u00fan m\u00e1s sus ingresos publicitarios.<\/span><\/p>\n<p>[\/vc_column_text][\/vc_column][vc_column width=&#8221;1\/5&#8243;][\/vc_column][vc_column css_animation=&#8221;fadeInUp&#8221;][vc_single_image image=&#8221;11864&#8243; img_size=&#8221;600&#215;355&#8243; alignment=&#8221;center&#8221;][vc_single_image image=&#8221;11846&#8243; img_size=&#8221;45&#215;46&#8243; alignment=&#8221;center&#8221; onclick=&#8221;custom_link&#8221; link=&#8221;#cuente-con-nuestro-apoyo-en-cada-paso&#8221;][vc_empty_space height=&#8221;70&#8243;][vc_separator el_width=&#8221;60&#8243;][\/vc_column][\/vc_row][vc_row css_animation=&#8221;none&#8221; css=&#8221;.vc_custom_1628023165750{background-color: #fafafa !important;}&#8221; el_id=&#8221;cuente-con-nuestro-apoyo-en-cada-paso&#8221;][vc_column][vc_empty_space height=&#8221;100px&#8221;][\/vc_column][vc_column width=&#8221;1\/5&#8243;][\/vc_column][vc_column css_animation=&#8221;fadeInUp&#8221; width=&#8221;3\/5&#8243;][vc_column_text]<\/p>\n<p style=\"text-align: center; font-size: 30px; line-height: 1.2;\"><strong><img loading=\"lazy\" decoding=\"async\" class=\"size-full wp-image-11656 alignnone\" src=\"https:\/\/jmvstream.com\/wp-content\/uploads\/2021\/08\/icone-passo-seis-streaming-de-video-ao-vivo.png\" alt=\"\" width=\"34\" height=\"34\" data-wp-editing=\"1\" \/>\u00a0 <\/strong><strong>Cuente con nuestro apoyo en cada paso!<\/strong><\/p>\n<p style=\"text-align: center;\"><span style=\"color: #333333; font-size: 16px;\">Contamos con el mayor y mejor soporte de Brasil, que trabaja todos los d\u00edas, incluidos domingos y feriados, para garantizar la calidad y disponibilidad total de su plataforma de transmisi\u00f3n de video. Lunes a S\u00e1bado de 8:00 am a 0:00 am, Domingos y festivos de 2:00 pm a 10:00 pm.<\/span><\/p>\n<p>[\/vc_column_text][\/vc_column][vc_column width=&#8221;1\/5&#8243;][\/vc_column][vc_column css_animation=&#8221;fadeInUp&#8221;][vc_single_image image=&#8221;11867&#8243; img_size=&#8221;600&#215;307&#8243; alignment=&#8221;center&#8221;][vc_single_image image=&#8221;11849&#8243; img_size=&#8221;45&#215;46&#8243; alignment=&#8221;center&#8221; onclick=&#8221;custom_link&#8221; link=&#8221;#faca-login-em-suas-redes-sociais&#8221;][vc_empty_space height=&#8221;70&#8243;][vc_separator el_width=&#8221;60&#8243;][\/vc_column][\/vc_row][vc_row css_animation=&#8221;none&#8221; css=&#8221;.vc_custom_1628005475800{background-color: #fafafa !important;}&#8221;][vc_column][vc_empty_space height=&#8221;30px&#8221;][\/vc_column][\/vc_row][vc_row css_animation=&#8221;none&#8221; css=&#8221;.vc_custom_1628005475800{background-color: #fafafa !important;}&#8221;][vc_column][inova_feature_with_icon title_style_one=&#8221;&#8221; title_text=&#8221;Facilitamos el \u00e9xito de su contenido&#8221; subtitle_text=&#8221;&#8221; subtitle_font_size=&#8221;1px&#8221; feature_styles=&#8221;style_13&#8243; feature_style_thirteen=&#8221;&#8221; title_color=&#8221;#999999&#8243; content_color=&#8221;#999999&#8243; f_bg_color=&#8221;#fafafa&#8221; inova_fwi=&#8221;%5B%7B%22icon_or_image%22%3A%22image_opt%22%2C%22icon_image%22%3A%2211758%22%2C%22icon_type%22%3A%22fontawesome%22%2C%22icon_op%22%3A%22vc-oi%20vc-oi-dial%22%2C%22icon_ty%22%3A%22typcn%20typcn-adjust-brightness%22%2C%22icon_ent%22%3A%22entypo-icon%20entypo-icon-note%22%2C%22icon_ln%22%3A%22vc_li%20vc_li-heart%22%2C%22icon_ms%22%3A%22vc-mono%20vc-mono-apple%22%2C%22icon_mat%22%3A%22vc-material%20vc-material-3d_rotation%22%2C%22icon_linear%22%3A%22lnr%20lnr-select%22%2C%22icon_themify%22%3A%22ti-wand%22%2C%22power_feature_title%22%3A%22Captura%20de%20leads%22%2C%22feature_content%22%3A%22Capture%20el%20correo%20electr%C3%B3nico%20y%20%2F%20o%20WhatsApp%20de%20los%20usuarios%20que%20llegan%20a%20su%20contenido%20de%20transmisi%C3%B3n%20de%20video%20en%20vivo%2C%20cree%20listas%20de%20transmisi%C3%B3n%20y%20contacte%20m%C3%A1s%20tarde.%22%7D%2C%7B%22icon_or_image%22%3A%22image_opt%22%2C%22icon_image%22%3A%2211746%22%2C%22icon_type%22%3A%22fontawesome%22%2C%22icon_op%22%3A%22vc-oi%20vc-oi-dial%22%2C%22icon_ty%22%3A%22typcn%20typcn-adjust-brightness%22%2C%22icon_ent%22%3A%22entypo-icon%20entypo-icon-note%22%2C%22icon_ln%22%3A%22vc_li%20vc_li-heart%22%2C%22icon_ms%22%3A%22vc-mono%20vc-mono-apple%22%2C%22icon_mat%22%3A%22vc-material%20vc-material-3d_rotation%22%2C%22icon_linear%22%3A%22lnr%20lnr-select%22%2C%22icon_themify%22%3A%22ti-wand%22%2C%22power_feature_title%22%3A%22Grabaci%C3%B3n%20autom%C3%A1tica%22%2C%22feature_content%22%3A%22Tenga%20todas%20sus%20transmisiones%20de%20video%20en%20vivo%20almacenadas%20para%20que%20est%C3%A9n%20disponibles%20en%20su%20horario%20o%20desc%C3%A1rguelas%20cuando%20lo%20desee.%22%7D%2C%7B%22icon_or_image%22%3A%22image_opt%22%2C%22icon_image%22%3A%2211743%22%2C%22icon_type%22%3A%22fontawesome%22%2C%22icon_op%22%3A%22vc-oi%20vc-oi-dial%22%2C%22icon_ty%22%3A%22typcn%20typcn-adjust-brightness%22%2C%22icon_ent%22%3A%22entypo-icon%20entypo-icon-note%22%2C%22icon_ln%22%3A%22vc_li%20vc_li-heart%22%2C%22icon_ms%22%3A%22vc-mono%20vc-mono-apple%22%2C%22icon_mat%22%3A%22vc-material%20vc-material-3d_rotation%22%2C%22icon_linear%22%3A%22lnr%20lnr-select%22%2C%22icon_themify%22%3A%22ti-wand%22%2C%22power_feature_title%22%3A%22Geolocalizaci%C3%B3n%22%2C%22feature_content%22%3A%22Elija%20en%20qu%C3%A9%20lugares%20se%20mostrar%C3%A1%20su%20transmisi%C3%B3n%20en%20vivo%20por%20ubicaci%C3%B3n.%20Bloquea%20o%20permite%20el%20acceso%20a%20los%20pa%C3%ADses%20y%20estados%20que%20desees.%22%7D%2C%7B%22icon_or_image%22%3A%22image_opt%22%2C%22icon_image%22%3A%2211755%22%2C%22icon_type%22%3A%22fontawesome%22%2C%22icon_op%22%3A%22vc-oi%20vc-oi-dial%22%2C%22icon_ty%22%3A%22typcn%20typcn-adjust-brightness%22%2C%22icon_ent%22%3A%22entypo-icon%20entypo-icon-note%22%2C%22icon_ln%22%3A%22vc_li%20vc_li-heart%22%2C%22icon_ms%22%3A%22vc-mono%20vc-mono-apple%22%2C%22icon_mat%22%3A%22vc-material%20vc-material-3d_rotation%22%2C%22icon_linear%22%3A%22lnr%20lnr-select%22%2C%22icon_themify%22%3A%22ti-wand%22%2C%22power_feature_title%22%3A%22Programaci%C3%B3n%20de%20vidas%22%2C%22feature_content%22%3A%22Configure%20la%20fecha%20y%20la%20hora%20para%20comenzar%20su%20transmisi%C3%B3n%20en%20vivo%20con%20un%20video%20de%20devoluci%C3%B3n%20de%20llamada.%22%7D%2C%7B%22icon_or_image%22%3A%22image_opt%22%2C%22icon_image%22%3A%2211749%22%2C%22icon_type%22%3A%22fontawesome%22%2C%22icon_op%22%3A%22vc-oi%20vc-oi-dial%22%2C%22icon_ty%22%3A%22typcn%20typcn-adjust-brightness%22%2C%22icon_ent%22%3A%22entypo-icon%20entypo-icon-note%22%2C%22icon_ln%22%3A%22vc_li%20vc_li-heart%22%2C%22icon_ms%22%3A%22vc-mono%20vc-mono-apple%22%2C%22icon_mat%22%3A%22vc-material%20vc-material-3d_rotation%22%2C%22icon_linear%22%3A%22lnr%20lnr-select%22%2C%22icon_themify%22%3A%22ti-wand%22%2C%22power_feature_title%22%3A%22Mini%20reproductor%22%2C%22feature_content%22%3A%22Permita%20que%20sus%20espectadores%20vean%20su%20transmisi%C3%B3n%20de%20video%20en%20vivo%20mientras%20navegan%20por%20su%20sitio%20reduciendo%20el%20tama%C3%B1o%20del%20reproductor.%22%7D%2C%7B%22icon_or_image%22%3A%22image_opt%22%2C%22icon_image%22%3A%2211752%22%2C%22icon_type%22%3A%22fontawesome%22%2C%22icon_op%22%3A%22vc-oi%20vc-oi-dial%22%2C%22icon_ty%22%3A%22typcn%20typcn-adjust-brightness%22%2C%22icon_ent%22%3A%22entypo-icon%20entypo-icon-note%22%2C%22icon_ln%22%3A%22vc_li%20vc_li-heart%22%2C%22icon_ms%22%3A%22vc-mono%20vc-mono-apple%22%2C%22icon_mat%22%3A%22vc-material%20vc-material-3d_rotation%22%2C%22icon_linear%22%3A%22lnr%20lnr-select%22%2C%22icon_themify%22%3A%22ti-wand%22%2C%22power_feature_title%22%3A%22Comercio%20electr%C3%B3nico%22%2C%22feature_content%22%3A%22Venda%20sus%20productos%20dentro%20de%20su%20reproductor%20de%20transmisi%C3%B3n%20en%20vivo%2C%20integraci%C3%B3n%20con%20Google%20Pay%20y%20Apple%20Pay%2C%20realidad%20aumentada%20y%20videos%20de%20360%20%E2%80%8B%E2%80%8B%C2%B0.%22%7D%5D&#8221; stitle_color=&#8221;#999999&#8243; subtitle_color=&#8221;#999999&#8243;][\/vc_column][\/vc_row][vc_row is_row_overlay=&#8221;overlay&#8221; row_gradient_type=&#8221;linear&#8221; row_linear_gradient_angle=&#8221;-15&#8243; row_overlay_opacity=&#8221;0.94&#8243; section_templte=&#8221;fun-fact-area&#8221; row_bg_image=&#8221;1805&#8243;][vc_column][inova_funfact_item funfact_styles=&#8221;style_2&#8243; funfact_style_two=&#8221;&#8221; counter_font_weight=&#8221;700&#8243; title_color=&#8221;#ffffff&#8221; funfact_counter=&#8221;360&#8243; funfact_title=&#8221;People Use Inovalab&#8221; inova_ffacts=&#8221;%5B%7B%22is_icon%22%3A%22hide%22%2C%22icon_or_image%22%3A%22icon_opt%22%2C%22icon_type%22%3A%22fontawesome%22%2C%22icon_op%22%3A%22vc-oi%20vc-oi-dial%22%2C%22icon_ty%22%3A%22typcn%20typcn-adjust-brightness%22%2C%22icon_ent%22%3A%22entypo-icon%20entypo-icon-note%22%2C%22icon_ln%22%3A%22vc_li%20vc_li-heart%22%2C%22icon_ms%22%3A%22vc-mono%20vc-mono-apple%22%2C%22icon_mat%22%3A%22vc-material%20vc-material-3d_rotation%22%2C%22icon_linear%22%3A%22lnr%20lnr-select%22%2C%22icon_themify%22%3A%22ti-wand%22%2C%22funfact_counter%22%3A%226.000%22%2C%22funfact_title%22%3A%22CLIENTES%20SATISFECHOS%22%7D%2C%7B%22is_icon%22%3A%22hide%22%2C%22icon_or_image%22%3A%22icon_opt%22%2C%22icon_type%22%3A%22fontawesome%22%2C%22icon_op%22%3A%22vc-oi%20vc-oi-dial%22%2C%22icon_ty%22%3A%22typcn%20typcn-adjust-brightness%22%2C%22icon_ent%22%3A%22entypo-icon%20entypo-icon-note%22%2C%22icon_ln%22%3A%22vc_li%20vc_li-heart%22%2C%22icon_ms%22%3A%22vc-mono%20vc-mono-apple%22%2C%22icon_mat%22%3A%22vc-material%20vc-material-3d_rotation%22%2C%22icon_linear%22%3A%22lnr%20lnr-select%22%2C%22icon_themify%22%3A%22ti-wand%22%2C%22funfact_counter%22%3A%22100%22%2C%22funfact_title%22%3A%22MILLONES%20DE%20VISITAS%20AL%20MES%22%7D%2C%7B%22is_icon%22%3A%22hide%22%2C%22icon_or_image%22%3A%22icon_opt%22%2C%22icon_type%22%3A%22fontawesome%22%2C%22icon_op%22%3A%22vc-oi%20vc-oi-dial%22%2C%22icon_ty%22%3A%22typcn%20typcn-adjust-brightness%22%2C%22icon_ent%22%3A%22entypo-icon%20entypo-icon-note%22%2C%22icon_ln%22%3A%22vc_li%20vc_li-heart%22%2C%22icon_ms%22%3A%22vc-mono%20vc-mono-apple%22%2C%22icon_mat%22%3A%22vc-material%20vc-material-3d_rotation%22%2C%22icon_linear%22%3A%22lnr%20lnr-select%22%2C%22icon_themify%22%3A%22ti-wand%22%2C%22funfact_counter%22%3A%221%22%2C%22funfact_title%22%3A%22PETABYTE%20POR%20MES%22%7D%5D&#8221;][inova_raw_html]<\/p>\n<div id=\"gov\" style=\"width: 100%; height: 20px; float: lef; margin: 0px; padding: 0px;\"><\/div>\n<p>[\/inova_raw_html][\/vc_column][\/vc_row][vc_row full_width=&#8221;stretch_row&#8221; content_placement=&#8221;bottom&#8221; row_bg_repeat=&#8221;repeat&#8221; is_row_overlay=&#8221;overlay&#8221; row_overlay_type=&#8221;solid&#8221; row_overlay_solid=&#8221;#ffffff&#8221; row_overlay_opacity=&#8221;0.8&#8243; section_templte=&#8221;features-area2&#8243;][vc_column css_animation=&#8221;fadeInUp&#8221;][vc_empty_space height=&#8221;100px&#8221;][vc_column_text]<\/p>\n<h2 style=\"font-size: 32px; line-height: 1.3; color: #808080; text-align: center;\"><span style=\"color: #696969;\"><strong>Vea una demostraci\u00f3n de la plataforma!<\/span><\/h2>\n<p><\/strong>[\/vc_column_text][vc_empty_space height=&#8221;50px&#8221;][vc_column_text]<\/p>\n<p style=\"text-align: center;\"><iframe loading=\"lazy\" style=\"max-width: 100%;\" src=\"https:\/\/player.jmvstream.com\/GABVbodAEtgzfslejLJCLmCTkVmc4I\/9qofc61doibsguq\" width=\"720\" height=\"405\" frameborder=\"0\" allowfullscreen=\"allowfullscreen\"><\/iframe><\/p>\n<p>[\/vc_column_text][\/vc_column][\/vc_row][vc_row full_width=&#8221;stretch_row&#8221; content_placement=&#8221;bottom&#8221; row_bg_repeat=&#8221;repeat&#8221; is_row_overlay=&#8221;overlay&#8221; row_overlay_type=&#8221;solid&#8221; row_overlay_solid=&#8221;#ffffff&#8221; row_overlay_opacity=&#8221;0.8&#8243; section_templte=&#8221;features-area2&#8243;][vc_column css_animation=&#8221;fadeInUp&#8221;][inova_image_half_container image_half_style=&#8221;style_6&#8243; image_half_style_six=&#8221;&#8221; title_text=&#8221;Habla con nuestros representantes!&#8221; stitle_font_weight=&#8221;700&#8243; stitle_text_transform=&#8221;inherit&#8221; subtitle_text=&#8221;Solicite el contacto de uno de nuestros especialistas en soluciones para transmisiones simult\u00e1neas llenando el siguiente formulario.&#8221; btn_radius=&#8221;50px&#8221; btn_plr=&#8221;80px&#8221; btn_text_color=&#8221;#ffffff&#8221; btn_bg_color=&#8221;#ff8000&#8243; btn_bdr_color=&#8221;rgba(255,255,255,0.75)&#8221; btn_bdr_width=&#8221;2px&#8221; btn_hover_text_color=&#8221;#ffffff&#8221; btn_hover_bg_color=&#8221;#1574d4&#8243; btn_hover_bdr_color=&#8221;#1574d4&#8243; full_height=&#8221;full&#8221; button_url=&#8221;url:https%3A%2F%2Fjmvstream.com%2Fpt-br%2Fcontato%2F|title:Habla%20con%20un%20experto!|target:_blank&#8221; stitle_color=&#8221;#999999&#8243;][\/vc_column][\/vc_row][vc_row equal_height=&#8221;yes&#8221; content_placement=&#8221;middle&#8221; content_alignment=&#8221;text-justify&#8221; row_bg_repeat=&#8221;no-repeat&#8221; is_row_overlay=&#8221;overlay&#8221; row_overlay_type=&#8221;solid&#8221; row_overlay_solid=&#8221;#242424&#8243; row_overlay_opacity=&#8221;0.85&#8243; css=&#8221;.vc_custom_1599596780931{background-color: #242424 !important;}&#8221; row_bg_image=&#8221;9804&#8243;][vc_column][inova_short_address title_style_one=&#8221;&#8221; title_text=&#8221;Nos encanta lo que hacemos los 7 d\u00edas de la semana!&#8221; subtitle_text=&#8221;Somos parte del grupo JMV Technology, una multinacional enfocada en soluciones tecnol\u00f3gicas y experiencia de usuario. Desde 2003 brindando soluciones a m\u00e1s de 6 mil clientes en 4 continentes.&#8221; address_column=&#8221;4&#8243; title_color=&#8221;#ffffff&#8221; content_color=&#8221;#ffffff&#8221; address_items=&#8221;%5B%7B%22address_heading%22%3A%22Sed%20Brasil%22%2C%22address_heading_items%22%3A%22%255B%257B%2522address_heading_item%2522%253A%2522Campinas%2520-%2520S%25C3%25A3o%2520Paulo%2520%252F%2520Brasil%2522%257D%255D%22%7D%2C%7B%22address_heading%22%3A%22Sed%20Brasil%22%2C%22address_heading_items%22%3A%22%255B%257B%2522address_heading_item%2522%253A%2522Divin%25C3%25B3polis%2520-%2520Minas%2520Gerais%2520%252F%2520Brasil%2522%257D%255D%22%7D%2C%7B%22address_heading%22%3A%22Sed%20Portugal%22%2C%22address_heading_items%22%3A%22%255B%257B%2522address_heading_item%2522%253A%2522Odivelas%2520-%2520Lisboa%2520%252F%2520Portugal%2522%257D%255D%22%7D%5D&#8221; stitle_color=&#8221;#ffffff&#8221; subtitle_color=&#8221;#ffffff&#8221;][\/vc_column][\/vc_row]<\/p>\n<\/div>","protected":false},"excerpt":{"rendered":"<p>[vc_row css_animation=&#8221;none&#8221; css=&#8221;.vc_custom_1628022547822{background-color: #fafafa !important;}&#8221; el_id=&#8221;transmisi\u00f3n-de-video-en-vivo&#8221; row_bg_image=&#8221;10995&#8243;][vc_column][vc_empty_space height=&#8221;220px&#8221;][vc_row_inner][vc_column_inner width=&#8221;1\/5&#8243;][\/vc_column_inner][vc_column_inner width=&#8221;3\/5&#8243;][vc_column_text] Transmisi\u00f3n de video en vivo<\/p>\n","protected":false},"author":45,"featured_media":0,"parent":0,"menu_order":0,"comment_status":"closed","ping_status":"closed","template":"page-homepage.php","meta":{"footnotes":""},"class_list":["post-11786","page","type-page","status-publish","hentry"],"aioseo_notices":[],"_links":{"self":[{"href":"https:\/\/jmvstream.com\/es\/wp-json\/wp\/v2\/pages\/11786","targetHints":{"allow":["GET"]}}],"collection":[{"href":"https:\/\/jmvstream.com\/es\/wp-json\/wp\/v2\/pages"}],"about":[{"href":"https:\/\/jmvstream.com\/es\/wp-json\/wp\/v2\/types\/page"}],"author":[{"embeddable":true,"href":"https:\/\/jmvstream.com\/es\/wp-json\/wp\/v2\/users\/45"}],"replies":[{"embeddable":true,"href":"https:\/\/jmvstream.com\/es\/wp-json\/wp\/v2\/comments?post=11786"}],"version-history":[{"count":0,"href":"https:\/\/jmvstream.com\/es\/wp-json\/wp\/v2\/pages\/11786\/revisions"}],"wp:attachment":[{"href":"https:\/\/jmvstream.com\/es\/wp-json\/wp\/v2\/media?parent=11786"}],"curies":[{"name":"wp","href":"https:\/\/api.w.org\/{rel}","templated":true}]}}