{"id":11114,"date":"2021-07-07T13:04:38","date_gmt":"2021-07-07T16:04:38","guid":{"rendered":"https:\/\/jmvstream.com\/?page_id=11114"},"modified":"2021-07-07T13:51:47","modified_gmt":"2021-07-07T16:51:47","slug":"live-social","status":"publish","type":"page","link":"https:\/\/jmvstream.com\/es\/live-social\/","title":{"rendered":"Live Social"},"content":{"rendered":"<div class=\"wpb-content-wrapper\"><p>[vc_row row_bg_image=&#8221;8437&#8243;][vc_column][vc_empty_space height=&#8221;150px&#8221;][\/vc_column][vc_column width=&#8221;1\/5&#8243;][\/vc_column][vc_column width=&#8221;3\/5&#8243;][vc_column_text]<\/p>\n<p style=\"text-align: center; font-size: 48px; line-height: 1.2;\"><span style=\"color: #ffffff;\"><b>C\u00f3mo transmitir a todas las redes sociales al mismo tiempo:<br \/>\n<\/b><\/span>[\/vc_column_text][vc_column_text]<\/p>\n<p style=\"text-align: center;\"><span style=\"color: #333333; font-size: 18px;\"><span style=\"color: #ffffff;\">Aprende, paso a paso, c\u00f3mo transmitir sus transmisi\u00f3n en vivos simult\u00e1neamente a todas las redes sociales, alcanzando una audiencia ilimitada. A partir de una \u00fanica fuente de transmisi\u00f3n, sin necesidad de equipos costosos y complicados.<\/span><br \/>\n<\/span>[\/vc_column_text][vc_btn title=&#8221;\u00a1Yo quiero!&#8221; shape=&#8221;round&#8221; color=&#8221;warning&#8221; el_id=&#8221;#tabela-de-pre\u00e7os-live-social&#8221; link=&#8221;url:%23tabela-de-pre%C3%A7os-live-social|||&#8221;][vc_single_image image=&#8221;8639&#8243; img_size=&#8221;full&#8221; alignment=&#8221;center&#8221; onclick=&#8221;custom_link&#8221; link=&#8221;#escolha-um-plano&#8221;][\/vc_column][vc_column width=&#8221;1\/5&#8243;][\/vc_column][vc_column][vc_empty_space height=&#8221;60px&#8221;][\/vc_column][\/vc_row][vc_row css_animation=&#8221;none&#8221; css=&#8221;.vc_custom_1593019659039{background-color: #fafafa !important;}&#8221; el_id=&#8221;escolha-um-plano&#8221;][vc_column][vc_empty_space height=&#8221;100px&#8221;][\/vc_column][vc_column width=&#8221;1\/5&#8243;][\/vc_column][vc_column css_animation=&#8221;fadeInUp&#8221; width=&#8221;3\/5&#8243;][vc_column_text]<\/p>\n<p style=\"text-align: center; font-size: 48px; line-height: 1.2;\"><strong><img loading=\"lazy\" decoding=\"async\" class=\"alignnone wp-image-8617\" src=\"https:\/\/jmvstream.com\/wp-content\/uploads\/2020\/06\/passo-1-como-transmitir-para-todas-as-redes-sociais-ao-mesmo-tempo-jmv-stream-300x300.png\" alt=\"\" width=\"35\" height=\"35\" srcset=\"https:\/\/jmvstream.com\/wp-content\/uploads\/2020\/06\/passo-1-como-transmitir-para-todas-as-redes-sociais-ao-mesmo-tempo-jmv-stream-300x300.png 300w, https:\/\/jmvstream.com\/wp-content\/uploads\/2020\/06\/passo-1-como-transmitir-para-todas-as-redes-sociais-ao-mesmo-tempo-jmv-stream-150x150.png 150w, https:\/\/jmvstream.com\/wp-content\/uploads\/2020\/06\/passo-1-como-transmitir-para-todas-as-redes-sociais-ao-mesmo-tempo-jmv-stream-270x270.png 270w, https:\/\/jmvstream.com\/wp-content\/uploads\/2020\/06\/passo-1-como-transmitir-para-todas-as-redes-sociais-ao-mesmo-tempo-jmv-stream-286x286.png 286w, https:\/\/jmvstream.com\/wp-content\/uploads\/2020\/06\/passo-1-como-transmitir-para-todas-as-redes-sociais-ao-mesmo-tempo-jmv-stream.png 329w\" sizes=\"auto, (max-width: 35px) 100vw, 35px\" \/> <\/strong><strong>Elige un plan<\/strong><\/p>\n<p>&nbsp;<\/p>\n<p style=\"text-align: center; font-size: 16px;\">Con Live Social, puede transmitir su contenido en vivo o grabado a todas las redes sociales al mismo tiempo. Despu\u00e9s de firmar un plan, recibir\u00e1 un correo electr\u00f3nico con todos los datos para acceder a la plataforma.<\/p>\n<p>[\/vc_column_text][\/vc_column][vc_column width=&#8221;1\/5&#8243;][\/vc_column][vc_column css_animation=&#8221;fadeInUp&#8221;][vc_single_image image=&#8221;8611&#8243; img_size=&#8221;full&#8221; alignment=&#8221;center&#8221; css_animation=&#8221;none&#8221;][vc_single_image image=&#8221;8524&#8243; img_size=&#8221;full&#8221; alignment=&#8221;center&#8221; onclick=&#8221;custom_link&#8221; link=&#8221;#escolha-um-conteudo&#8221;][vc_separator el_width=&#8221;60&#8243;][\/vc_column][\/vc_row][vc_row css_animation=&#8221;none&#8221; css=&#8221;.vc_custom_1592854054208{background-color: #fafafa !important;}&#8221; el_id=&#8221;escolha-um-conteudo&#8221;][vc_column][\/vc_column][vc_column width=&#8221;1\/5&#8243;][\/vc_column][vc_column css_animation=&#8221;fadeInUp&#8221; width=&#8221;3\/5&#8243;][vc_column_text]<\/p>\n<p style=\"text-align: center; font-size: 48px; line-height: 1.2;\"><strong><img loading=\"lazy\" decoding=\"async\" class=\"alignnone wp-image-8620\" src=\"https:\/\/jmvstream.com\/wp-content\/uploads\/2020\/06\/passo-2-como-transmitir-para-todas-as-redes-sociais-ao-mesmo-tempo-jmv-stream-300x300.png\" alt=\"\" width=\"35\" height=\"35\" srcset=\"https:\/\/jmvstream.com\/wp-content\/uploads\/2020\/06\/passo-2-como-transmitir-para-todas-as-redes-sociais-ao-mesmo-tempo-jmv-stream-300x300.png 300w, https:\/\/jmvstream.com\/wp-content\/uploads\/2020\/06\/passo-2-como-transmitir-para-todas-as-redes-sociais-ao-mesmo-tempo-jmv-stream-150x150.png 150w, https:\/\/jmvstream.com\/wp-content\/uploads\/2020\/06\/passo-2-como-transmitir-para-todas-as-redes-sociais-ao-mesmo-tempo-jmv-stream-270x270.png 270w, https:\/\/jmvstream.com\/wp-content\/uploads\/2020\/06\/passo-2-como-transmitir-para-todas-as-redes-sociais-ao-mesmo-tempo-jmv-stream-286x286.png 286w, https:\/\/jmvstream.com\/wp-content\/uploads\/2020\/06\/passo-2-como-transmitir-para-todas-as-redes-sociais-ao-mesmo-tempo-jmv-stream.png 330w\" sizes=\"auto, (max-width: 35px) 100vw, 35px\" \/> Elige tu contenido<\/strong><\/p>\n<p>&nbsp;<\/p>\n<p style=\"text-align: center;\"><span style=\"color: #333333; font-size: 16px;\">Para transmitir su contenido grabado, suba los videos a la plataforma y programe su transmisi\u00f3n.Si quieres transmitir en vivo, configurar el equipo y el sistema de acuerdo con los datos recibidos, aseg\u00farese de ejecutar una prueba por adelantado para asegurarse de que todo est\u00e9 bien.<br \/>\n<\/span>[\/vc_column_text][\/vc_column][vc_column width=&#8221;1\/5&#8243;][\/vc_column][vc_column css_animation=&#8221;fadeInUp&#8221;][vc_single_image image=&#8221;8484&#8243; img_size=&#8221;full&#8221; alignment=&#8221;center&#8221;][vc_single_image image=&#8221;8524&#8243; img_size=&#8221;full&#8221; alignment=&#8221;center&#8221; onclick=&#8221;custom_link&#8221; link=&#8221;#faca-login-em-suas-redes-sociais&#8221;][vc_separator el_width=&#8221;60&#8243;][\/vc_column][\/vc_row][vc_row css=&#8221;.vc_custom_1592854134201{background-color: #fafafa !important;}&#8221; el_id=&#8221;faca-login-em-suas-redes-sociais&#8221;][vc_column][vc_empty_space height=&#8221;60px&#8221;][\/vc_column][vc_column width=&#8221;1\/5&#8243;][\/vc_column][vc_column css_animation=&#8221;fadeInUp&#8221; width=&#8221;3\/5&#8243;][vc_column_text]<\/p>\n<p style=\"text-align: center; font-size: 48px; line-height: 1.2;\"><strong><img loading=\"lazy\" decoding=\"async\" class=\"alignnone wp-image-8623\" src=\"https:\/\/jmvstream.com\/wp-content\/uploads\/2020\/06\/passo-3-como-transmitir-para-todas-as-redes-sociais-ao-mesmo-tempo-jmv-stream-300x300.png\" alt=\"\" width=\"35\" height=\"35\" srcset=\"https:\/\/jmvstream.com\/wp-content\/uploads\/2020\/06\/passo-3-como-transmitir-para-todas-as-redes-sociais-ao-mesmo-tempo-jmv-stream-300x300.png 300w, https:\/\/jmvstream.com\/wp-content\/uploads\/2020\/06\/passo-3-como-transmitir-para-todas-as-redes-sociais-ao-mesmo-tempo-jmv-stream-150x150.png 150w, https:\/\/jmvstream.com\/wp-content\/uploads\/2020\/06\/passo-3-como-transmitir-para-todas-as-redes-sociais-ao-mesmo-tempo-jmv-stream-270x270.png 270w, https:\/\/jmvstream.com\/wp-content\/uploads\/2020\/06\/passo-3-como-transmitir-para-todas-as-redes-sociais-ao-mesmo-tempo-jmv-stream-286x286.png 286w, https:\/\/jmvstream.com\/wp-content\/uploads\/2020\/06\/passo-3-como-transmitir-para-todas-as-redes-sociais-ao-mesmo-tempo-jmv-stream.png 329w\" sizes=\"auto, (max-width: 35px) 100vw, 35px\" \/> Inicia sesi\u00f3n en tus redes sociales<\/strong><\/p>\n<p>&nbsp;<\/p>\n<p style=\"text-align: center;\"><span style=\"color: #333333; font-size: 16px;\">En nuestra plataforma, acceda al \u00e1rea Live Social.Inicie sesi\u00f3n en las redes sociales que desea transmitir, puedes transmitir en Instagram, Facebook, (perfiles, p\u00e1ginas y grupos), Youtube, Twitter y Twitch TV. Despu\u00e9s de iniciar sesi\u00f3n en las redes sociales, active su transmisi\u00f3n y luego en Live Social. \u00a1Listo! Ya estar\u00e1 transmitiendo a todas sus redes sociales al mismo tiempo.<br \/>\n<\/span>[\/vc_column_text][\/vc_column][vc_column width=&#8221;1\/5&#8243;][\/vc_column][vc_column css_animation=&#8221;fadeInUp&#8221;][vc_single_image image=&#8221;8652&#8243; img_size=&#8221;full&#8221; alignment=&#8221;center&#8221;][vc_single_image image=&#8221;8524&#8243; img_size=&#8221;full&#8221; alignment=&#8221;center&#8221; onclick=&#8221;custom_link&#8221; link=&#8221;#interaja-com-seus-espectadores&#8221;][\/vc_column][\/vc_row][vc_section][vc_row][vc_column][vc_empty_space][\/vc_column][vc_column width=&#8221;1\/6&#8243;][\/vc_column][vc_column width=&#8221;4\/6&#8243;][inova_power_feature icon_or_image=&#8221;image_opt&#8221; icon_image=&#8221;10392&#8243; power_feature_title=&#8221;Transmitir a todas las redes con tecnolog\u00eda Nvidia&#8221;]Transmitir a todas las redes sociales al mismo tiempo, con im\u00e1genes de alta definici\u00f3n, utilizando tarjetas gr\u00e1ficas Nvidia de \u00faltima generaci\u00f3n, asegurando un buen rendimiento en sus transmisiones en vivo, sin fallas o fallas.[\/inova_power_feature][vc_empty_space height=&#8221;20px&#8221;][\/vc_column][vc_column width=&#8221;1\/6&#8243;][\/vc_column][\/vc_row][vc_row content_placement=&#8221;top&#8221; el_id=&#8221;faq-recursos&#8221;][vc_column][inova_faq title_styles=&#8221;style_3&#8243; title_style_three=&#8221;&#8221; title_text=&#8221;&#8221; stitle_text_transform=&#8221;inherit&#8221; subtitle_text=&#8221;&#8221; subtitle_text_transform=&#8221;uppercase&#8221; faq_style_one=&#8221;&#8221; title_text_transform=&#8221;full-width&#8221; content_text_transform=&#8221;inherit&#8221; faqs=&#8221;%5B%7B%22faq_title%22%3A%22Transcoder%20(Adaptative%20Dinamic%20Streaming)%22%2C%22faq_contents%22%3A%22%255B%257B%2522faq_content%2522%253A%2522Esta%2520es%252C%2520sin%2520duda%252C%2520la%2520mejor%2520manera%2520de%2520entregar%2520su%2520multitransmisi%25C3%25B3n%2520al%2520usuario%2520final.%2520Env%25C3%25ADa%2520la%2520transmisi%25C3%25B3n%2520en%2520alta%2520calidad%2520y%2520el%2520sistema%2520recodifica%2520autom%25C3%25A1ticamente%2520la%2520transmisi%25C3%25B3n%2520simult%25C3%25A1nea%2520a%2520las%2520calidades%2520inferiores.%2520El%2520sistema%2520proporciona%2520autom%25C3%25A1ticamente%2520la%2520mejor%2520calidad%2520seg%25C3%25BAn%2520la%2520Internet%2520del%2520espectador.%2520Tambi%25C3%25A9n%2520puede%2520elegir%2520la%2520calidad%2520del%2520reproductor%2520manualmente%2520si%2520lo%2520desea.%2522%257D%255D%22%7D%2C%7B%22faq_title%22%3A%22Estad%C3%ADsticas%20Completas%20Para%20Su%20Transmisi%C3%B3n%20M%C3%BAltiple%22%2C%22faq_contents%22%3A%22%255B%257B%2522faq_content%2522%253A%2522Estad%25C3%25ADsticas%2520completas%2520sobre%2520su%2520audiencia%2520multitransmisi%25C3%25B3n%252C%2520con%2520datos%2520de%2520acceso%2520por%2520dispositivo%252C%2520sistema%2520operativo%252C%2520navegador%252C%2520regi%25C3%25B3n%252C%2520mapa%2520interactivo%2520y%2520gr%25C3%25A1ficos%2520en%2520tiempo%2520real.%2522%257D%255D%22%7D%2C%7B%22faq_title%22%3A%22Seguridad%20Y%20Criptograf%C3%ADa%22%2C%22faq_contents%22%3A%22%255B%257B%2522faq_content%2522%253A%2522Protegemos%2520todos%2520los%2520contenidos%2520de%2520su%2520multitransmisi%25C3%25B3n%2520evitando%2520la%2520grabaci%25C3%25B3n%2520y%2520descarga.%2520Nuestro%2520servicio%2520de%2520transmisi%25C3%25B3n%2520simult%25C3%25A1nea%2520cuenta%2520con%2520encriptaci%25C3%25B3n%2520y%2520protecci%25C3%25B3n%2520del%2520sitio%2520de%2520exhibici%25C3%25B3n%252C%2520adem%25C3%25A1s%2520de%2520varias%2520otras%2520herramientas%2520que%2520garantizan%2520la%2520seguridad%2520de%2520su%2520contenido%2520contra%2520la%2520pirater%25C3%25ADa%2520multisecuencia.%2522%257D%255D%22%7D%2C%7B%22faq_title%22%3A%22Web%20Service%20Para%20Integra%C3%A7%C3%A3o%22%2C%22faq_contents%22%3A%22%255B%257B%2522faq_content%2522%253A%2522Automatizaci%25C3%25B3n%2520e%2520integraci%25C3%25B3n%2520de%2520sus%2520sitios%2520con%2520nuestro%2520sistema%2520multitream%2520a%2520trav%25C3%25A9s%2520de%2520una%2520API%2520que%2520hemos%2520desarrollado%2520para%2520nuestros%2520clientes%252C%2520permitiendo%2520a%2520sus%2520desarrolladores%2520controlar%2520funciones%2520como%2520play%2520%252F%2520pause%252C%2520minutos%2520vistos%252C%2520etc.%2522%257D%255D%22%7D%5D&#8221;][\/vc_column][\/vc_row][\/vc_section][vc_row equal_height=&#8221;yes&#8221; content_placement=&#8221;middle&#8221; content_alignment=&#8221;text-justify&#8221; row_bg_repeat=&#8221;no-repeat&#8221; is_row_overlay=&#8221;overlay&#8221; row_overlay_type=&#8221;solid&#8221; row_overlay_solid=&#8221;#242424&#8243; row_overlay_opacity=&#8221;0.85&#8243; css=&#8221;.vc_custom_1599596780931{background-color: #242424 !important;}&#8221; row_bg_image=&#8221;9804&#8243;][vc_column][inova_short_address title_style_one=&#8221;&#8221; title_text=&#8221;Amamos lo que hacemos 7 d\u00edas a la semana!&#8221; subtitle_text=&#8221;Somos parte del grupo JMV Technology, un Holdiing con foco en soluciones tecnol\u00f3gicas y la experiencia de del usuario. Desde 2003 llevamos soluciones para m\u00e1s de 6 mil clientes en m\u00e1s de 4 continentes.&#8221; address_column=&#8221;4&#8243; title_color=&#8221;#ffffff&#8221; content_color=&#8221;#ffffff&#8221; address_items=&#8221;%5B%7B%22address_heading%22%3A%22Sede%20Brasil%22%2C%22address_heading_items%22%3A%22%255B%257B%2522address_heading_item%2522%253A%2522Campinas%2520-%2520S%25C3%25A3o%2520Paulo%2520%252F%2520Brasil%2522%257D%255D%22%7D%2C%7B%22address_heading%22%3A%22Sede%20Brasil%22%2C%22address_heading_items%22%3A%22%255B%257B%2522address_heading_item%2522%253A%2522Divin%25C3%25B3polis%2520-%2520Minas%2520Gerais%2520%252F%2520Brasil%2522%257D%255D%22%7D%2C%7B%22address_heading%22%3A%22Sede%20Portugal%22%2C%22address_heading_items%22%3A%22%255B%257B%2522address_heading_item%2522%253A%2522Odivelas%2520-%2520Lisboa%2520%252F%2520Portugal%2522%257D%255D%22%7D%5D&#8221; stitle_color=&#8221;#ffffff&#8221; subtitle_color=&#8221;#ffffff&#8221;][\/vc_column][\/vc_row]<\/p>\n<\/div>","protected":false},"excerpt":{"rendered":"<p>[vc_row row_bg_image=&#8221;8437&#8243;][vc_column][vc_empty_space height=&#8221;150px&#8221;][\/vc_column][vc_column width=&#8221;1\/5&#8243;][\/vc_column][vc_column width=&#8221;3\/5&#8243;][vc_column_text] C\u00f3mo transmitir a todas las redes sociales al mismo tiempo:<\/p>\n","protected":false},"author":39,"featured_media":6161,"parent":0,"menu_order":0,"comment_status":"closed","ping_status":"closed","template":"page-homepage.php","meta":{"footnotes":""},"class_list":["post-11114","page","type-page","status-publish","has-post-thumbnail","hentry"],"aioseo_notices":[],"_links":{"self":[{"href":"https:\/\/jmvstream.com\/es\/wp-json\/wp\/v2\/pages\/11114","targetHints":{"allow":["GET"]}}],"collection":[{"href":"https:\/\/jmvstream.com\/es\/wp-json\/wp\/v2\/pages"}],"about":[{"href":"https:\/\/jmvstream.com\/es\/wp-json\/wp\/v2\/types\/page"}],"author":[{"embeddable":true,"href":"https:\/\/jmvstream.com\/es\/wp-json\/wp\/v2\/users\/39"}],"replies":[{"embeddable":true,"href":"https:\/\/jmvstream.com\/es\/wp-json\/wp\/v2\/comments?post=11114"}],"version-history":[{"count":0,"href":"https:\/\/jmvstream.com\/es\/wp-json\/wp\/v2\/pages\/11114\/revisions"}],"wp:featuredmedia":[{"embeddable":true,"href":"https:\/\/jmvstream.com\/es\/wp-json\/wp\/v2\/media\/6161"}],"wp:attachment":[{"href":"https:\/\/jmvstream.com\/es\/wp-json\/wp\/v2\/media?parent=11114"}],"curies":[{"name":"wp","href":"https:\/\/api.w.org\/{rel}","templated":true}]}}