{"id":10181,"date":"2021-01-05T13:11:12","date_gmt":"2021-01-05T16:11:12","guid":{"rendered":"https:\/\/jmvstream.com\/en\/plan-start-complete-form\/"},"modified":"2023-11-10T15:10:27","modified_gmt":"2023-11-10T18:10:27","slug":"plan-start-alojamiento-de-videos","status":"publish","type":"page","link":"https:\/\/jmvstream.com\/es\/plan-start-alojamiento-de-videos\/","title":{"rendered":"Plan start alojamiento de videos &#8211; 250 GB"},"content":{"rendered":"<div class=\"wpb-content-wrapper\"><p>[vc_row gap=&#8221;30&#8243;][vc_column width=&#8221;1\/2&#8243; css=&#8221;.vc_custom_1623422684789{border-right-width: 5% !important;border-left-width: 5% !important;padding-right: 10% !important;padding-left: 10% !important;background-color: #f5f6fd !important;border-radius: 15px !important;}&#8221;][vc_empty_space height=&#8221;60px&#8221;][vc_column_text]<\/p>\n<h2 style=\"font-size: 30px; text-align: left; line-height: 1.5;\">Complete sus datos a continuaci\u00f3n, para ser dirigido al pago de PayPal.<\/h2>\n<p>[\/vc_column_text]\n<div class=\"wpcf7 no-js\" id=\"wpcf7-f12653-o1\" lang=\"pt-BR\" dir=\"ltr\" data-wpcf7-id=\"12653\">\n<div class=\"screen-reader-response\"><p role=\"status\" aria-live=\"polite\" aria-atomic=\"true\"><\/p> <ul><\/ul><\/div>\n<form action=\"\/es\/wp-json\/wp\/v2\/pages\/10181#wpcf7-f12653-o1\" method=\"post\" class=\"wpcf7-form init\" aria-label=\"Formul\u00e1rios de contato\" novalidate=\"novalidate\" data-status=\"init\">\n<fieldset class=\"hidden-fields-container\"><input type=\"hidden\" name=\"_wpcf7\" value=\"12653\" \/><input type=\"hidden\" name=\"_wpcf7_version\" value=\"6.1\" \/><input type=\"hidden\" name=\"_wpcf7_locale\" value=\"pt_BR\" \/><input type=\"hidden\" name=\"_wpcf7_unit_tag\" value=\"wpcf7-f12653-o1\" \/><input type=\"hidden\" name=\"_wpcf7_container_post\" value=\"0\" \/><input type=\"hidden\" name=\"_wpcf7_posted_data_hash\" value=\"\" \/><input type=\"hidden\" name=\"_wpcf7_recaptcha_response\" value=\"\" \/>\n<\/fieldset>\n<p><span id=\"wpcf7-69d10d98c23d1-wrapper\" class=\"wpcf7-form-control-wrap honeypot-753-wrap\" style=\"display:none !important; visibility:hidden !important;\"><input type=\"hidden\" name=\"honeypot-753-time-start\" value=\"1775308184\"><input type=\"hidden\" name=\"honeypot-753-time-check\" value=\"4\"><input id=\"wpcf7-69d10d98c23d1-field\"  placeholder=\"hp\"  class=\"wpcf7-form-control wpcf7-text\" type=\"text\" name=\"honeypot-753\" value=\"\" size=\"40\" tabindex=\"-1\" autocomplete=\"new-password\" \/><\/span><br \/>\n<input class=\"wpcf7-form-control wpcf7-hidden\" value=\"streaming-de-video-ao-vivo\" type=\"hidden\" name=\"interest\" \/>\n<\/p>\n<p><label> Su nombre completo*<br \/>\n<span class=\"wpcf7-form-control-wrap\" data-name=\"nome\"><input size=\"40\" maxlength=\"400\" class=\"wpcf7-form-control wpcf7-text wpcf7-validates-as-required\" aria-required=\"true\" aria-invalid=\"false\" value=\"\" type=\"text\" name=\"nome\" \/><\/span> <\/label>\n<\/p>\n<p><label> Su correo electr\u00f3nico comercial*<br \/>\n<span class=\"wpcf7-form-control-wrap\" data-name=\"email\"><input size=\"40\" maxlength=\"400\" class=\"wpcf7-form-control wpcf7-email wpcf7-validates-as-required wpcf7-text wpcf7-validates-as-email\" aria-required=\"true\" aria-invalid=\"false\" value=\"\" type=\"email\" name=\"email\" \/><\/span> <\/label>\n<\/p>\n<p><label> Su n\u00famero de WhatsApp\/Telegram*<br \/>\n<span class=\"wpcf7-form-control-wrap\" data-name=\"telefone\"><input size=\"40\" maxlength=\"400\" class=\"wpcf7-form-control wpcf7-tel wpcf7-validates-as-required wpcf7-text wpcf7-validates-as-tel\" aria-required=\"true\" aria-invalid=\"false\" value=\"\" type=\"tel\" name=\"telefone\" \/><\/span> <\/label>\n<\/p>\n<p><label> \u00bfEst\u00e1 utilizando alguna plataforma actualmente? \u00bfQu\u00e9 le motiva a buscar una alternativa en este momento?*<br \/>\n<span class=\"wpcf7-form-control-wrap\" data-name=\"plataforma\"><input size=\"40\" maxlength=\"400\" class=\"wpcf7-form-control wpcf7-text wpcf7-validates-as-required\" aria-required=\"true\" aria-invalid=\"false\" value=\"\" type=\"text\" name=\"plataforma\" \/><\/span> <\/label>\n<\/p>\n<p><label> Cu\u00e9ntenos un poco sobre su proyecto*<br \/>\n<span class=\"wpcf7-form-control-wrap\" data-name=\"objetivos\"><textarea cols=\"40\" rows=\"3\" maxlength=\"2000\" class=\"wpcf7-form-control wpcf7-textarea wpcf7-validates-as-required\" aria-required=\"true\" aria-invalid=\"false\" name=\"objetivos\"><\/textarea><\/span> <\/label>\n<\/p>\n<p><label> Segmento de su negocio*<br \/>\n<span class=\"wpcf7-form-control-wrap\" data-name=\"segment\"><select class=\"wpcf7-form-control wpcf7-select wpcf7-validates-as-required\" aria-required=\"true\" aria-invalid=\"false\" name=\"segment\"><option value=\"\">&#8212;Escolha uma op\u00e7\u00e3o&#8212;<\/option><option value=\"Gobierno y Sector P\u00fablico\">Gobierno y Sector P\u00fablico<\/option><option value=\"Radios y Televisiones\">Radios y Televisiones<\/option><option value=\"Web Radios y Web TVs\">Web Radios y Web TVs<\/option><option value=\"Educaci\u00f3n\">Educaci\u00f3n<\/option><option value=\"Religioso\">Religioso<\/option><option value=\"Venta Minorista y Comercio\">Venta Minorista y Comercio<\/option><option value=\"Eventos y Producciones\">Eventos y Producciones<\/option><option value=\"Deportes y Ocio\">Deportes y Ocio<\/option><option value=\"Marketing y Contenido\">Marketing y Contenido<\/option><\/select><\/span><br \/>\n<\/label>\n<\/p>\n\n<p><input class=\"wpcf7-form-control wpcf7-submit has-spinner\" type=\"submit\" value=\"Enviar\" \/>\n<\/p><div class=\"wpcf7-response-output\" aria-hidden=\"true\"><\/div>\n<\/form>\n<\/div>\n[vc_empty_space height=&#8221;100px&#8221;][\/vc_column][vc_column width=&#8221;1\/2&#8243; css=&#8221;.vc_custom_1623422700487{padding-right: 40px !important;padding-left: 40px !important;}&#8221;][vc_empty_space height=&#8221;60px&#8221;][vc_column_text]<\/p>\n<p style=\"text-align: left; font-size: 20px;\"><strong>Reembolso garantizado por 7 d\u00edas.<\/strong><\/p>\n<p>Pruebe la plataforma durante 7 d\u00edas. Durante este per\u00edodo, en caso de insatisfacci\u00f3n, garantizamos la devoluci\u00f3n del monto pagado en la tarifa mensual. Simplemente solicite la cancelaci\u00f3n a trav\u00e9s de PayPal, hasta el 7\u00ba d\u00eda posterior a la contrataci\u00f3n.<\/p>\n<p>Recibir\u00e1 un correo electr\u00f3nico con el inicio de sesi\u00f3n en la plataforma JMV, dentro de las 12 horas posteriores a la confirmaci\u00f3n del pago, en el mismo correo electr\u00f3nico que utiliza en su cuenta de paypal.<\/p>\n<p>O si lo prefieres, puedes llamar por <a href=\"https:\/\/api.whatsapp.com\/send?phone=551140638923&amp;text=Ol%C3%A1%2C%20eu%20vim%20do%20site%20https%3A%2F%2Fjmvstream.com%2Fen%2Fplan-start-complete-form%2F%20e%20gostaria%20de%20mais%20informa%C3%A7%C3%B5es.\"><span style=\"color: #003300;\"><strong>WhatsApp<\/strong><\/span><\/a> o <a href=\"https:\/\/t.me\/Mario_Sergio_JMV?utm_source=jmv-stream-en&amp;utm_medium=floating-button&amp;utm_campaign=telegram-contact\"><span style=\"color: #000080;\"><strong>Telegram<\/strong><\/span><\/a> para crear tu cuenta m\u00e1s r\u00e1pido.<\/p>\n<p><img loading=\"lazy\" decoding=\"async\" class=\"alignnone wp-image-12742\" src=\"https:\/\/jmvstream.com\/wp-content\/uploads\/2021\/10\/Pay-Pal-1.png\" alt=\"\" width=\"195\" height=\"76\" \/>[\/vc_column_text][vc_column_text]<strong>Incluido en este plan:<\/strong><\/p>\n<ul style=\"text-align: left; font-size: 15px;\">\n<li>U$14.00 al mes.<\/li>\n<li>Banda, v\u00eddeos y vistas ilimitados.<\/li>\n<li>250 GB de espacio en disco.<\/li>\n<li>Sin l\u00edmites de carga semanales.<\/li>\n<li>SD 360p, HD 720p o Full HD 1080p.<\/li>\n<li>V\u00eddeos en HDR con Nvidia.<\/li>\n<li>C\u00f3decs y formatos de \u00faltima generaci\u00f3n (incluidos h.264, h.265 y av1).<\/li>\n<li>Estad\u00edsticas.<\/li>\n<li>Player HTML5 personalizable.<\/li>\n<li>Sin anuncios antes, durante, ni despu\u00e9s de tu video<\/li>\n<li>Soporte premium con horario extendido (sin robots).<\/li>\n<li>Reembolso garantizado por 7 d\u00edas.<\/li>\n<\/ul>\n<p>[\/vc_column_text][\/vc_column][\/vc_row]<\/p>\n<\/div>","protected":false},"excerpt":{"rendered":"<p>[vc_row gap=&#8221;30&#8243;][vc_column width=&#8221;1\/2&#8243; css=&#8221;.vc_custom_1623422684789{border-right-width: 5% !important;border-left-width: 5% !important;padding-right: 10% !important;padding-left: 10% !important;background-color: #f5f6fd !important;border-radius: 15px<\/p>\n","protected":false},"author":45,"featured_media":0,"parent":0,"menu_order":0,"comment_status":"closed","ping_status":"closed","template":"","meta":{"footnotes":""},"class_list":["post-10181","page","type-page","status-publish","hentry"],"aioseo_notices":[],"_links":{"self":[{"href":"https:\/\/jmvstream.com\/es\/wp-json\/wp\/v2\/pages\/10181","targetHints":{"allow":["GET"]}}],"collection":[{"href":"https:\/\/jmvstream.com\/es\/wp-json\/wp\/v2\/pages"}],"about":[{"href":"https:\/\/jmvstream.com\/es\/wp-json\/wp\/v2\/types\/page"}],"author":[{"embeddable":true,"href":"https:\/\/jmvstream.com\/es\/wp-json\/wp\/v2\/users\/45"}],"replies":[{"embeddable":true,"href":"https:\/\/jmvstream.com\/es\/wp-json\/wp\/v2\/comments?post=10181"}],"version-history":[{"count":0,"href":"https:\/\/jmvstream.com\/es\/wp-json\/wp\/v2\/pages\/10181\/revisions"}],"wp:attachment":[{"href":"https:\/\/jmvstream.com\/es\/wp-json\/wp\/v2\/media?parent=10181"}],"curies":[{"name":"wp","href":"https:\/\/api.w.org\/{rel}","templated":true}]}}