{"id":7272,"date":"2020-04-03T16:44:22","date_gmt":"2020-04-03T19:44:22","guid":{"rendered":"https:\/\/jmvstream.com\/purchase-not-completed\/"},"modified":"2021-02-24T18:15:28","modified_gmt":"2021-02-24T21:15:28","slug":"purchase-not-completed","status":"publish","type":"page","link":"https:\/\/jmvstream.com\/en\/purchase-not-completed\/","title":{"rendered":"Purchase not completed"},"content":{"rendered":"<div class=\"wpb-content-wrapper\"><p>[vc_row css=&#8221;.vc_custom_1585772953716{background-image: url(https:\/\/jmvstream.com\/wp-content\/uploads\/2019\/04\/0.jpg?id=4670) !important;}&#8221;][vc_column][vc_empty_space height=&#8221;90px&#8221;][\/vc_column][\/vc_row][vc_row][vc_column][vc_empty_space height=&#8221;90&#8243;][vc_single_image image=&#8221;7097&#8243; img_size=&#8221;70&#215;70&#8243; alignment=&#8221;center&#8221;][inova_section_title title_style_one=&#8221;&#8221; title_text=&#8221;Purchase not completed&#8221; subtitle_text=&#8221;Infelizmente n\u00e3o foi poss\u00edvel concluir a sua compra. O seu plano Live Social ainda n\u00e3o foi ativado. Para que tudo d\u00ea certo, precisamos que voc\u00ea verifique seus dados e tente novamente.&#8221;][vc_empty_space height=&#8221;300px&#8221;][\/vc_column][\/vc_row]<\/p>\n<\/div>","protected":false},"excerpt":{"rendered":"<p>[vc_row css=&#8221;.vc_custom_1585772953716{background-image: url(https:\/\/jmvstream.com\/wp-content\/uploads\/2019\/04\/0.jpg?id=4670) !important;}&#8221;][vc_column][vc_empty_space height=&#8221;90px&#8221;][\/vc_column][\/vc_row][vc_row][vc_column][vc_empty_space height=&#8221;90&#8243;][vc_single_image image=&#8221;7097&#8243; img_size=&#8221;70&#215;70&#8243; alignment=&#8221;center&#8221;][inova_section_title title_style_one=&#8221;&#8221; title_text=&#8221;Purchase not completed&#8221; subtitle_text=&#8221;Infelizmente n\u00e3o<\/p>\n","protected":false},"author":45,"featured_media":0,"parent":0,"menu_order":0,"comment_status":"closed","ping_status":"closed","template":"page-homepage.php","meta":{"footnotes":""},"class_list":["post-7272","page","type-page","status-publish","hentry"],"aioseo_notices":[],"_links":{"self":[{"href":"https:\/\/jmvstream.com\/en\/wp-json\/wp\/v2\/pages\/7272","targetHints":{"allow":["GET"]}}],"collection":[{"href":"https:\/\/jmvstream.com\/en\/wp-json\/wp\/v2\/pages"}],"about":[{"href":"https:\/\/jmvstream.com\/en\/wp-json\/wp\/v2\/types\/page"}],"author":[{"embeddable":true,"href":"https:\/\/jmvstream.com\/en\/wp-json\/wp\/v2\/users\/45"}],"replies":[{"embeddable":true,"href":"https:\/\/jmvstream.com\/en\/wp-json\/wp\/v2\/comments?post=7272"}],"version-history":[{"count":0,"href":"https:\/\/jmvstream.com\/en\/wp-json\/wp\/v2\/pages\/7272\/revisions"}],"wp:attachment":[{"href":"https:\/\/jmvstream.com\/en\/wp-json\/wp\/v2\/media?parent=7272"}],"curies":[{"name":"wp","href":"https:\/\/api.w.org\/{rel}","templated":true}]}}