{"id":7254,"date":"2020-04-03T16:29:17","date_gmt":"2020-04-03T19:29:17","guid":{"rendered":"https:\/\/jmvstream.com\/?page_id=7254"},"modified":"2021-02-24T18:15:28","modified_gmt":"2021-02-24T21:15:28","slug":"payment-successfully-processed","status":"publish","type":"page","link":"https:\/\/jmvstream.com\/en\/payment-successfully-processed\/","title":{"rendered":"Payment successfully processed"},"content":{"rendered":"<div class=\"wpb-content-wrapper\"><p>[vc_row row_bg_image=&#8221;4670&#8243;][vc_column][vc_empty_space height=&#8221;90px&#8221;][\/vc_column][\/vc_row][vc_row][vc_column][vc_empty_space height=&#8221;60&#8243;][vc_single_image image=&#8221;7094&#8243; img_size=&#8221;70&#215;70&#8243; alignment=&#8221;center&#8221;][inova_section_title title_style_one=&#8221;&#8221; title_text=&#8221;Your payment has been successfully processed!&#8221; subtitle_text=&#8221;J\u00e1 estamos criando sua conta. Em at\u00e9 6 horas, o seu plano Live Social estar\u00e1 ativo e voc\u00ea poder\u00e1 alcan\u00e7ar espectadores ilimitados transmitindo para v\u00e1rias redes sociais ao mesmo tempo.&#8221;][inova_section_subtitle subtitle_text=&#8221;Fique atento ao seu e-mail. Quando tudo estiver pronto enviaremos os dados de acesso ao sistema, al\u00e9m de um tutorial em v\u00eddeo, explicando passo a passo como funciona a plataforma.&#8221;][\/vc_column][\/vc_row][vc_row][vc_column][vc_empty_space height=&#8221;90px&#8221;][\/vc_column][\/vc_row]<\/p>\n<\/div>","protected":false},"excerpt":{"rendered":"<p>[vc_row row_bg_image=&#8221;4670&#8243;][vc_column][vc_empty_space height=&#8221;90px&#8221;][\/vc_column][\/vc_row][vc_row][vc_column][vc_empty_space height=&#8221;60&#8243;][vc_single_image image=&#8221;7094&#8243; img_size=&#8221;70&#215;70&#8243; alignment=&#8221;center&#8221;][inova_section_title title_style_one=&#8221;&#8221; title_text=&#8221;Your payment has been successfully processed!&#8221; subtitle_text=&#8221;J\u00e1<\/p>\n","protected":false},"author":45,"featured_media":0,"parent":0,"menu_order":0,"comment_status":"closed","ping_status":"closed","template":"page-homepage.php","meta":{"footnotes":""},"class_list":["post-7254","page","type-page","status-publish","hentry"],"aioseo_notices":[],"_links":{"self":[{"href":"https:\/\/jmvstream.com\/en\/wp-json\/wp\/v2\/pages\/7254","targetHints":{"allow":["GET"]}}],"collection":[{"href":"https:\/\/jmvstream.com\/en\/wp-json\/wp\/v2\/pages"}],"about":[{"href":"https:\/\/jmvstream.com\/en\/wp-json\/wp\/v2\/types\/page"}],"author":[{"embeddable":true,"href":"https:\/\/jmvstream.com\/en\/wp-json\/wp\/v2\/users\/45"}],"replies":[{"embeddable":true,"href":"https:\/\/jmvstream.com\/en\/wp-json\/wp\/v2\/comments?post=7254"}],"version-history":[{"count":0,"href":"https:\/\/jmvstream.com\/en\/wp-json\/wp\/v2\/pages\/7254\/revisions"}],"wp:attachment":[{"href":"https:\/\/jmvstream.com\/en\/wp-json\/wp\/v2\/media?parent=7254"}],"curies":[{"name":"wp","href":"https:\/\/api.w.org\/{rel}","templated":true}]}}