{"id":20332,"date":"2023-08-06T20:15:22","date_gmt":"2023-08-06T23:15:22","guid":{"rendered":"https:\/\/jmvstream.com\/low-latency-streaming\/"},"modified":"2023-08-06T20:15:42","modified_gmt":"2023-08-06T23:15:42","slug":"low-latency-streaming","status":"publish","type":"page","link":"https:\/\/jmvstream.com\/en\/low-latency-streaming\/","title":{"rendered":"Low latency streaming"},"content":{"rendered":"<div class=\"wpb-content-wrapper\"><p>[vc_row el_id=&#8221;home&#8221; css=&#8221;.vc_custom_1629735424390{background-color: #3b81bf !important;}&#8221;][vc_column][vc_empty_space][vc_empty_space][vc_empty_space][vc_empty_space][inova_image_half_container image_half_style=&#8221;style_11&#8243; image_half_style_eleven=&#8221;&#8221; title_text=&#8221;Streaming de baixa lat\u00eancia para jogos ao vivo: Delay m\u00e1ximo de 2 a 5 segundos!&#8221; stitle_font_weight=&#8221;600&#8243; subtitle_text=&#8221;Tenha em suas m\u00e3os uma ferramenta de transmiss\u00e3o de baixa lat\u00eancia, que torna poss\u00edvel realizar transmiss\u00f5es ao vivo que exigem imediatismo e baixo delay, como transmiss\u00f5es esportivas, leil\u00f5es e lives interativas.&#8221; subtitle_font_size=&#8221;16px&#8221; btn_radius=&#8221;50px&#8221; btn_text_color=&#8221;#ffffff&#8221; btn_bg_color=&#8221;#f05b43&#8243; btn_bdr_color=&#8221;#f05b43&#8243; btn_hover_text_color=&#8221;#ffffff&#8221; btn_hover_bg_color=&#8221;#f2a218&#8243; btn_hover_bdr_color=&#8221;#f2a218&#8243; button_url=&#8221;url:%23tabela-de-pre%C3%A7os-streaming-baixa-latencia|title:Conhe%C3%A7a%20os%20planos!&#8221; stitle_color=&#8221;#ffffff&#8221; subtitle_color=&#8221;#ffffff&#8221; single_image=&#8221;14813&#8243;][vc_empty_space][vc_empty_space][vc_empty_space][\/vc_column][\/vc_row][vc_row css=&#8221;.vc_custom_1629836403676{background-color: #f5f5f5 !important;}&#8221;][vc_column][vc_empty_space height=&#8221;75px&#8221;][vc_separator][inova_client_logo client_logo_style_one=&#8221;&#8221; client_logos=&#8221;%5B%7B%22logo_image%22%3A%2212353%22%7D%2C%7B%22logo_image%22%3A%2212368%22%7D%2C%7B%22logo_image%22%3A%2212365%22%7D%2C%7B%22logo_image%22%3A%2212362%22%7D%2C%7B%22logo_image%22%3A%2212356%22%7D%2C%7B%22logo_image%22%3A%2212359%22%7D%5D&#8221;][vc_empty_space height=&#8221;35px&#8221;][vc_separator][vc_empty_space height=&#8221;35px&#8221;][\/vc_column][\/vc_row][vc_row section_templte=&#8221;video-area&#8221; css=&#8221;.vc_custom_1631132562264{background-color: #f5f5f5 !important;}&#8221; el_id=&#8221;cdn-dedicados&#8221;][vc_column][inova_image_half_container image_half_style=&#8221;style_11&#8243; image_half_style_eleven=&#8221;&#8221; title_text=&#8221;Garanta um streaming de baixa lat\u00eancia com CDN dedicados&#8221; stitle_font_weight=&#8221;600&#8243; subtitle_text=&#8221;CDN s\u00e3o servidores que far\u00e3o a replica\u00e7\u00e3o de suas transmiss\u00f5es.<br \/>\nN\u00f3s utilizamos servidores dedicados, o que garante estabilidade<br \/>\nna transmiss\u00e3o do seu conte\u00fado. Al\u00e9m disso, os CDN da JMV<br \/>\ns\u00e3o nacionais, o que lhe entrega uma das menores lat\u00eancias de<br \/>\ntransmiss\u00e3o do mercado.&#8221; subtitle_font_size=&#8221;16px&#8221; btn_radius=&#8221;&#8221; btn_ptb=&#8221;&#8221; btn_plr=&#8221;&#8221; btn_text_color=&#8221;#ffffff&#8221; btn_bg_color=&#8221;#db6532&#8243; btn_bdr_color=&#8221;#db6532&#8243; btn_bdr_width=&#8221;&#8221; btn_hover_text_color=&#8221;#ffffff&#8221; btn_hover_bg_color=&#8221;#1574d4&#8243; btn_hover_bdr_color=&#8221;#1574d4&#8243; stitle_color=&#8221;#565656&#8243; subtitle_color=&#8221;#565656&#8243; single_image=&#8221;12235&#8243;][\/vc_column][\/vc_row][vc_row css=&#8221;.vc_custom_1629836434155{background-color: #f5f5f5 !important;}&#8221;][vc_column][vc_empty_space height=&#8221;85px&#8221;][inova_image_half_container image_half_style=&#8221;style_10&#8243; image_half_style_ten=&#8221;&#8221; title_text=&#8221;Internet lenta? Usu\u00e1rios com conex\u00f5es ruins? Sem problemas!&#8221; stitle_font_weight=&#8221;600&#8243; subtitle_text=&#8221;No sistema de transmiss\u00e3o da JMV temos a tecnologia de<br \/>\ntranscoder. A mesma utilizada por grandes servidores de v\u00eddeo<br \/>\nmundiais. Com essa tecnologia, a qualidade do conte\u00fado ser\u00e1<br \/>\nadaptada de acordo com a qualidade de conex\u00e3o do usu\u00e1rio. Isso<br \/>\nsignifica que n\u00e3o haver\u00e1 travamentos ou atrasos na entrega do<br \/>\nconte\u00fado, mesmo que a velocidade da conex\u00e3o seja reduzida.&#8221; subtitle_font_size=&#8221;16px&#8221; btn_radius=&#8221;&#8221; btn_ptb=&#8221;&#8221; btn_plr=&#8221;&#8221; btn_text_color=&#8221;#ffffff&#8221; btn_bg_color=&#8221;#db6532&#8243; btn_bdr_color=&#8221;#db6532&#8243; btn_bdr_width=&#8221;&#8221; btn_hover_text_color=&#8221;#ffffff&#8221; btn_hover_bg_color=&#8221;#1574d4&#8243; btn_hover_bdr_color=&#8221;#1574d4&#8243; stitle_color=&#8221;#565656&#8243; subtitle_color=&#8221;#565656&#8243; single_image=&#8221;12238&#8243;][\/vc_column][\/vc_row][vc_row css=&#8221;.vc_custom_1629836445490{background-color: #f5f5f5 !important;}&#8221;][vc_column][inova_image_half_container image_half_style=&#8221;style_16&#8243; image_half_style_sixteen=&#8221;&#8221; title_text=&#8221;Gest\u00e3o de an\u00fancios e estat\u00edsticas completos&#8221; stitle_font_size=&#8221;18px&#8221; stitle_font_weight=&#8221;600&#8243; subtitle_text=&#8221;&#8221; subtitle_font_size=&#8221;16px&#8221; btn_radius=&#8221;&#8221; btn_ptb=&#8221;&#8221; btn_plr=&#8221;&#8221; btn_text_color=&#8221;#ffffff&#8221; btn_bg_color=&#8221;#db6532&#8243; btn_bdr_color=&#8221;#db6532&#8243; btn_bdr_width=&#8221;&#8221; btn_hover_text_color=&#8221;#ffffff&#8221; btn_hover_bg_color=&#8221;#1574d4&#8243; btn_hover_bdr_color=&#8221;#1574d4&#8243; stitle_color=&#8221;#565656&#8243; subtitle_color=&#8221;#565656&#8243; single_image=&#8221;12241&#8243; list_items=&#8221;%5B%7B%22list_text%22%3A%22Crie%20e%20gerencie%20campanhas%20de%20an%C3%BAncios%20em%20v%C3%ADdeo%20ou%20banners%20dentro%20de%20sua%20transmiss%C3%A3o%20de%20baixa%20lat%C3%AAncia.%20Escolha%20o%20p%C3%BAblico%20desejado%20de%20acordo%20com%20a%20localiza%C3%A7%C3%A3o%2C%20posi%C3%A7%C3%A3o%20de%20in%C3%ADcio%20e%20n%C3%BAmero%20de%20visualiza%C3%A7%C3%B5es.%20%22%2C%22show_list_icon%22%3A%22show%22%7D%2C%7B%22list_text%22%3A%22Tenha%20total%20controle%20da%20inser%C3%A7%C3%A3o%2C%20delimite%20o%20tempo%2C%20determine%20os%20valores%20e%20escolha%20os%20anunciantes%20e%20parceiros%20que%20mais%20conversam%20com%20o%20conte%C3%BAdo%20da%20sua%20transmiss%C3%A3o%20de%20baixo%20delay.%22%2C%22show_list_icon%22%3A%22show%22%7D%5D&#8221;][\/vc_column][\/vc_row][vc_row section_templte=&#8221;ebook-chapter-area&#8221; el_id=&#8221;overview&#8221;][vc_column][vc_row_inner inova_container_class=&#8221;container&#8221; css=&#8221;.vc_custom_1629752413068{background-color: #3b81bf !important;}&#8221;][vc_column_inner][inova_ebook_chapter_review_slider title_style_one=&#8221;&#8221; title_text=&#8221;Veja como funciona:&#8221; stitle_font_weight=&#8221;600&#8243; subtitle_font_size=&#8221;5px&#8221; chapter_review_sliders=&#8221;%5B%7B%22chapter_image%22%3A%2212244%22%2C%22chapter_description%22%3A%22Ap%C3%B3s%20a%20contrata%C3%A7%C3%A3o%2C%20voc%C3%AA%20receber%C3%A1%20um%20email%20com%20todos%20os%20dados%20de%20acesso%20%C3%A0%20sua%5Cnplataforma%20de%20streaming%20de%20baixo%20delay.%5CnConfigure%20sua%20transmiss%C3%A3o%20em%20nosso%20painel%5Cnde%20acordo%20com%20nossos%20tutoriais%20ou%20com%5Cnajuda%20do%20nosso%20suporte%20humanizado.%22%7D%2C%7B%22chapter_image%22%3A%2212247%22%2C%22chapter_description%22%3A%22Ap%C3%B3s%20iniciar%20sua%20transmiss%C3%A3o%20nossos%20CDN%5Cnentrar%C3%A3o%20em%20a%C3%A7%C3%A3o%2C%20tratando%20e%20replicando%20o%5Cnseu%20conte%C3%BAdo%20para%20toda%20a%20internet.%20%C3%89%20aqui%5Cnque%20tamb%C3%A9m%20aplicamos%20a%20tecnologia%20Nvidia%5Cnque%20cuidar%C3%A1%20do%20seu%20conte%C3%BAdo%20em%20v%C3%ADdeo%20para%5Cnque%20ele%20tenha%20a%20melhor%20qualidade%20poss%C3%ADvel.%5Cn%22%7D%2C%7B%22chapter_image%22%3A%2212250%22%2C%22chapter_description%22%3A%22Quando%20o%20espectador%20acessar%20o%20conte%C3%BAdo%2C%5Cnnossa%20ferramenta%20de%20transcoder%20ir%C3%A1%5Cnidentificar%20a%20qualidade%20da%20conex%C3%A3o%20do%5Cnusu%C3%A1rio%20e%20ajustar%C3%A1%20a%20qualidade%20do%20v%C3%ADdeo%20de%5Cnacordo%20com%20essa%20informa%C3%A7%C3%A3o.%20Isso%20garante%5Cnque%20o%20usu%C3%A1rio%20conseguir%C3%A1%20ver%20o%20conte%C3%BAdo%5Cnsem%20travamentos.%22%7D%2C%7B%22chapter_image%22%3A%2212253%22%2C%22chapter_description%22%3A%22Durante%20a%20transmiss%C3%A3o%20voc%C3%AA%20poder%C3%A1%20inserir%20ADS%2C%20que%20nada%20mais%20s%C3%A3o%20que%20propagandas%20configuradas%20por%20voc%C3%AA.%20Nada%20de%20imposi%C3%A7%C3%B5es%2C%20voc%C3%AA%20%C3%A9%20quem%20controla%20todas%20as%20inser%C3%A7%C3%B5es%20publicit%C3%A1rias%20dentro%20do%20seu%20conte%C3%BAdo.%5Cn%22%7D%2C%7B%22chapter_image%22%3A%2212256%22%2C%22chapter_description%22%3A%22%20Durante%20a%20transmiss%C3%A3o%20voc%C3%AA%20poder%C3%A1%20realizar%20sorteios%2C%20conversas%20em%20chat%2C%20captura%20de%20leads%20e%20at%C3%A9%20pedir%20doa%C3%A7%C3%B5es.%20Tudo%20diretamente%20no%20player%20do%20seu%20streaming%20de%20baixa%20lat%C3%AAncia.%5Cn%22%7D%2C%7B%22chapter_image%22%3A%2212259%22%2C%22chapter_description%22%3A%22Ap%C3%B3s%20a%20finaliza%C3%A7%C3%A3o%20da%20transmiss%C3%A3o%20de%20baixa%20lat%C3%AAncia%2C%20voc%C3%AA%20ter%C3%A1%20captado%20leads%20que%20poder%C3%A3o%20receber%20emails%20e%20newsletters%20que%20os%20trar%C3%A3o%20para%20as%20novas%20transmiss%C3%B5es.%20Al%C3%A9m%20disso%2C%20ter%C3%A1%20dados%20e%20estat%C3%ADsticas%20de%20visualiza%C3%A7%C3%B5es%20e%20engajamento%20que%20podem%20ser%20usados%20para%20atrair%20anunciantes%20para%20suas%20transmiss%C3%B5es%20de%20baixo%20delay.%22%7D%5D&#8221; stitle_color=&#8221;#ffffff&#8221;][\/vc_column_inner][\/vc_row_inner][\/vc_column][\/vc_row][vc_row css=&#8221;.vc_custom_1629836457305{background-color: #f5f5f5 !important;}&#8221;][vc_column][inova_image_half_container image_half_style=&#8221;style_16&#8243; image_half_style_sixteen=&#8221;&#8221; title_text=&#8221;Suporte premium (Sem rob\u00f4s!)&#8221; stitle_font_weight=&#8221;600&#8243; subtitle_text=&#8221;&#8221; subtitle_font_size=&#8221;16px&#8221; btn_radius=&#8221;&#8221; btn_ptb=&#8221;&#8221; btn_plr=&#8221;&#8221; btn_text_color=&#8221;#ffffff&#8221; btn_bg_color=&#8221;#db6532&#8243; btn_bdr_color=&#8221;#db6532&#8243; btn_bdr_width=&#8221;&#8221; btn_hover_text_color=&#8221;#ffffff&#8221; btn_hover_bg_color=&#8221;#1574d4&#8243; btn_hover_bdr_color=&#8221;#1574d4&#8243; stitle_color=&#8221;#565656&#8243; subtitle_color=&#8221;#565656&#8243; single_image=&#8221;12262&#8243; list_items=&#8221;%5B%7B%22list_text%22%3A%22Temos%20o%20maior%20e%20melhor%20time%20de%20suporte%20especializado%20em%20streaming%20de%20baixa%20lat%C3%AAncia.%20Tenha%20certeza%20que%20nossa%20equipe%20solucionar%C3%A1%20sua%20demanda%20com%20a%20agilidade%20que%20seu%20conte%C3%BAdo%20merece.Nosso%20suporte%20funciona%20de%20segunda%20a%20s%C3%A1bado%20das%2008h%20%C3%A0s%2000h%20e%20aos%20domingos%20e%20feriados%20das%2014h%20%C3%A0s%2022h.%22%2C%22show_list_icon%22%3A%22show%22%7D%2C%7B%22list_text%22%3A%22Todo%20o%20servi%C3%A7o%20de%20suporte%20%C3%A9%20humanizado%2C%20isso%20significa%20que%20voc%C3%AA%20n%C3%A3o%20ser%C3%A1%20atendido%20por%20rob%C3%B4s!%20Sempre%20haver%C3%A1%20um%20especialista%20capacitado%20para%20te%20ajudar%20com%20qualquer%20aspecto%20de%20nossas%20ferramentas%20ou%20servi%C3%A7os.%22%2C%22show_list_icon%22%3A%22show%22%7D%5D&#8221;][vc_separator][inova_feature_with_icon title_style_one=&#8221;&#8221; title_text=&#8221;Recursos \u00fanicos&#8221; subtitle_text=&#8221;&#8221; subtitle_font_size=&#8221;1px&#8221; feature_styles=&#8221;style_13&#8243; feature_style_thirteen=&#8221;&#8221; title_color=&#8221;#999999&#8243; content_color=&#8221;#999999&#8243; f_bg_color=&#8221;#f5f5f5&#8243; inova_fwi=&#8221;%5B%7B%22icon_or_image%22%3A%22image_opt%22%2C%22icon_image%22%3A%2212265%22%2C%22icon_type%22%3A%22fontawesome%22%2C%22icon_op%22%3A%22vc-oi%20vc-oi-dial%22%2C%22icon_ty%22%3A%22typcn%20typcn-adjust-brightness%22%2C%22icon_ent%22%3A%22entypo-icon%20entypo-icon-note%22%2C%22icon_ln%22%3A%22vc_li%20vc_li-heart%22%2C%22icon_ms%22%3A%22vc-mono%20vc-mono-apple%22%2C%22icon_mat%22%3A%22vc-material%20vc-material-3d_rotation%22%2C%22icon_linear%22%3A%22lnr%20lnr-select%22%2C%22icon_themify%22%3A%22ti-wand%22%2C%22power_feature_title%22%3A%22Player%20personaliz%C3%A1vel%22%2C%22feature_content%22%3A%22Tenha%20um%20player%20totalmente%20personaliz%C3%A1vel%20onde%20voc%C3%AA%20poder%C3%A1%20alterar%20cor%2C%20formato%20e%20apar%C3%AAncia%20al%C3%A9m%20de%20escolher%20quais%20outros%20recursos%20embutidos%20deseja%20que%20o%20espectador%20tenha%20acesso.%5Cn%22%7D%2C%7B%22icon_or_image%22%3A%22image_opt%22%2C%22icon_image%22%3A%2212268%22%2C%22icon_type%22%3A%22fontawesome%22%2C%22icon_op%22%3A%22vc-oi%20vc-oi-dial%22%2C%22icon_ty%22%3A%22typcn%20typcn-adjust-brightness%22%2C%22icon_ent%22%3A%22entypo-icon%20entypo-icon-note%22%2C%22icon_ln%22%3A%22vc_li%20vc_li-heart%22%2C%22icon_ms%22%3A%22vc-mono%20vc-mono-apple%22%2C%22icon_mat%22%3A%22vc-material%20vc-material-3d_rotation%22%2C%22icon_linear%22%3A%22lnr%20lnr-select%22%2C%22icon_themify%22%3A%22ti-wand%22%2C%22power_feature_title%22%3A%22Grava%C3%A7%C3%A3o%20autom%C3%A1tica%22%2C%22feature_content%22%3A%22Ao%20realizar%20uma%20transmiss%C3%A3o%20ao%20vivo%20de%20baixo%20delay%2C%20voc%C3%AA%20poder%C3%A1%20optar%20pela%20grava%C3%A7%C3%A3o%20autom%C3%A1tica%2C%20todo%20o%20conte%C3%BAdo%20transmitido%20ser%C3%A1%20automaticamente%20salvo%20para%20uso%20posterior%20em%20formato%20sob%20demanda%20(VOD).%5Cn%22%7D%2C%7B%22icon_or_image%22%3A%22image_opt%22%2C%22icon_image%22%3A%2212271%22%2C%22icon_type%22%3A%22fontawesome%22%2C%22icon_op%22%3A%22vc-oi%20vc-oi-dial%22%2C%22icon_ty%22%3A%22typcn%20typcn-adjust-brightness%22%2C%22icon_ent%22%3A%22entypo-icon%20entypo-icon-note%22%2C%22icon_ln%22%3A%22vc_li%20vc_li-heart%22%2C%22icon_ms%22%3A%22vc-mono%20vc-mono-apple%22%2C%22icon_mat%22%3A%22vc-material%20vc-material-3d_rotation%22%2C%22icon_linear%22%3A%22lnr%20lnr-select%22%2C%22icon_themify%22%3A%22ti-wand%22%2C%22power_feature_title%22%3A%22Captura%20de%20leads%22%2C%22feature_content%22%3A%22Com%20essa%20ferramenta%20%C3%A9%20poss%C3%ADvel%20solicitar%20alguns%20dados%20do%20usu%C3%A1rio%20(como%20email%20ou%20telefone)%20antes%20que%20ele%20tenha%20acesso%20efetivo%20ao%20conte%C3%BAdo%20que%20est%C3%A1%20sendo%20transmitido.%20Com%20isso%20voc%C3%AA%20ter%C3%A1%20uma%20base%20s%C3%B3lida%20de%20leads%20qualificados.%5Cn%22%7D%2C%7B%22icon_or_image%22%3A%22image_opt%22%2C%22icon_image%22%3A%2212274%22%2C%22icon_type%22%3A%22fontawesome%22%2C%22icon_op%22%3A%22vc-oi%20vc-oi-dial%22%2C%22icon_ty%22%3A%22typcn%20typcn-adjust-brightness%22%2C%22icon_ent%22%3A%22entypo-icon%20entypo-icon-note%22%2C%22icon_ln%22%3A%22vc_li%20vc_li-heart%22%2C%22icon_ms%22%3A%22vc-mono%20vc-mono-apple%22%2C%22icon_mat%22%3A%22vc-material%20vc-material-3d_rotation%22%2C%22icon_linear%22%3A%22lnr%20lnr-select%22%2C%22icon_themify%22%3A%22ti-wand%22%2C%22power_feature_title%22%3A%22Agendamento%20de%20lives%22%2C%22feature_content%22%3A%22A%20expectativa%20pode%20ser%20uma%20%C3%B3tima%20aliada.%20Com%20o%20agendamento%20de%20transmiss%C3%B5es%20ao%20vivo%20voc%C3%AA%20ter%C3%A1%20a%20possibilidade%20de%20divulgar%20sua%20transmiss%C3%A3o%20com%20anteced%C3%AAncia%20e%20garantir%20uma%20boa%20audi%C3%AAncia%20do%20seu%20conte%C3%BAdo%20desde%20o%20primeiro%20segundo%20de%20transmiss%C3%A3o.%5Cn%22%7D%2C%7B%22icon_or_image%22%3A%22image_opt%22%2C%22icon_image%22%3A%2212277%22%2C%22icon_type%22%3A%22fontawesome%22%2C%22icon_op%22%3A%22vc-oi%20vc-oi-dial%22%2C%22icon_ty%22%3A%22typcn%20typcn-adjust-brightness%22%2C%22icon_ent%22%3A%22entypo-icon%20entypo-icon-note%22%2C%22icon_ln%22%3A%22vc_li%20vc_li-heart%22%2C%22icon_ms%22%3A%22vc-mono%20vc-mono-apple%22%2C%22icon_mat%22%3A%22vc-material%20vc-material-3d_rotation%22%2C%22icon_linear%22%3A%22lnr%20lnr-select%22%2C%22icon_themify%22%3A%22ti-wand%22%2C%22power_feature_title%22%3A%22Chat%20integrado%22%2C%22feature_content%22%3A%22Com%20o%20chat%20integrado%20suas%20transmiss%C3%B5es%20de%20baixa%20lat%C3%AAncia%20ter%C3%A3o%20muito%20mais%20engajamento%20e%20intera%C3%A7%C3%A3o.%20Tenha%20um%20di%C3%A1logo%20aberto%20com%20os%20espectadores%20e%20torne%20seu%20conte%C3%BAdo%20mais%20relevante%20de%20acordo%20com%20os%20%E2%80%9Cfeedbacks%E2%80%9D%20recebidos.%5Cn%22%7D%2C%7B%22icon_or_image%22%3A%22image_opt%22%2C%22icon_image%22%3A%2212280%22%2C%22icon_type%22%3A%22fontawesome%22%2C%22icon_op%22%3A%22vc-oi%20vc-oi-dial%22%2C%22icon_ty%22%3A%22typcn%20typcn-adjust-brightness%22%2C%22icon_ent%22%3A%22entypo-icon%20entypo-icon-note%22%2C%22icon_ln%22%3A%22vc_li%20vc_li-heart%22%2C%22icon_ms%22%3A%22vc-mono%20vc-mono-apple%22%2C%22icon_mat%22%3A%22vc-material%20vc-material-3d_rotation%22%2C%22icon_linear%22%3A%22lnr%20lnr-select%22%2C%22icon_themify%22%3A%22ti-wand%22%2C%22power_feature_title%22%3A%22Mini%20player%22%2C%22feature_content%22%3A%22Com%20o%20mini%20player%20o%20usu%C3%A1rio%20ter%C3%A1%20a%20possibilidade%20de%20minimizar%20o%20player%20para%20o%20canto%20da%20tela%20enquanto%20navega%20pelo%20seu%20website.%20Garantindo%20maior%20engajamento%20e%20taxa%20de%20visualiza%C3%A7%C3%A3o%20do%20seu%20conte%C3%BAdo.%5Cn%22%7D%5D&#8221; stitle_color=&#8221;#999999&#8243; subtitle_color=&#8221;#999999&#8243;][\/vc_column][\/vc_row][vc_row css=&#8221;.vc_custom_1629835037356{background-color: #3b81bf !important;}&#8221; el_id=&#8221;tabela-de-pre\u00e7os-streaming-baixa-latencia&#8221;][vc_column][vc_empty_space][inova_tab_pricing title_style_one=&#8221;&#8221; title_text=&#8221;Planos Streaming de baixo delay&#8221; subtitle_text=&#8221;Tenha um player totalmente personaliz\u00e1vel onde voc\u00ea poder\u00e1 alterar cor, formato e apar\u00eancia al\u00e9m de escolher quais outros recursos embutidos deseja que o espectador tenha acesso.&#8221; tab_enable_disable=&#8221;disable&#8221; pricing_style=&#8221;style_3&#8243; pricing_style_three=&#8221;&#8221; currency_size=&#8221;16px&#8221; currency_color=&#8221;#dd3333&#8243; class=&#8221;&#8220;vc_single_image-img&#8221; src=&#8221;&#8220;https:\/\/jmvstream.com\/wp-content\/uploads\/2020\/04\/Live-social-restream-facebook-instagram-youtube-twitter-twitc-tv-jmv-stream-300&#215;300.png&#8220;&#8221; alt=&#8221;&#8220;&#8220;&#8221; data-id=&#8221;&#8220;7141&#8220;&#8221; data-link=&#8221;&#8220;https:\/\/jmvstream.com\/en\/restream-all-social-medias\/live-social-restream-facebook-instagram-youtube-twitter-twitc-tv-jmv-stream\/&#8220;&#8221; sizes=&#8221;&#8220;(max-width:&#8221; srcset=&#8221;&#8220;https:\/\/jmvstream.com\/wp-content\/uploads\/2020\/04\/Live-social-restream-facebook-instagram-youtube-twitter-twitc-tv-jmv-stream-300&#215;300.png&#8221; width=&#8221;&#8220;300&#8220;&#8221; height=&#8221;&#8220;300&#8220;&#8221; tab_pricings=&#8221;%5B%7B%22pricing_title%22%3A%22START%22%2C%22pricing_currency%22%3A%22de%20R%24575%2C00%22%2C%22pricing_amount%22%3A%22por%20R%24479%2C00%20m%C3%AAs%22%2C%22pricing_time_period%22%3A%22Monthly%22%2C%22tab_pricing_lists%22%3A%22%255B%257B%2522pricing_list_text%2522%253A%2522At%25C3%25A9%2520200%2520telespectadores%2520simult%25C3%25A2neos%2522%257D%252C%257B%2522pricing_list_text%2522%253A%2522At%25C3%25A9%25202%2520Mbps%2522%257D%252C%257B%2522pricing_list_text%2522%253A%2522Qualidade%2520SD%2520(360p)%2520ou%2520HD%2520(720p)%2522%257D%252C%257B%2522pricing_list_text%2522%253A%2522Transmiss%25C3%25B5es%2520ilimitadas%2522%257D%252C%257B%2522pricing_list_text%2522%253A%2522Delay%2520entre%25202%2520e%25205%2520segundos%2520*%2522%257D%252C%257B%2522pricing_list_text%2522%253A%2522JMV%2520Player%2520Customizado%2520(Lowlatency)%2522%257D%252C%257B%2522pricing_list_text%2522%253A%2522Protocolo%2520Seguro%2520de%2520Transmiss%25C3%25A3o%2520SSL%252FSRT%2522%257D%252C%257B%2522pricing_list_text%2522%253A%2522Suporte%2520Premium%2520(Chat%252C%2520ticket%252C%2520telefone%252C%2520assist%25C3%25AAncia%2520remota%2520e%2520whatsapp)%2522%257D%252C%257B%2522pricing_list_text%2522%253A%2522Ativa%25C3%25A7%25C3%25A3o%2520em%2520at%25C3%25A9%252024%2520Hrs%2520Uteis%2522%257D%255D%22%2C%22is_try_button%22%3A%22none%22%2C%22purchase_button_label%22%3A%22Contratar%20Plano%20Start!%22%2C%22purchase_button_url%22%3A%22https%3A%2F%2Fjmvtechnology.com%2Fusers%2Fstore%2Fstreaming-de-video-ao-vivo%2Fstreaming-de-video-ao-vivo-baixa-latencia-basico%22%2C%22assigning_tab%22%3A%222%22%2C%22best_price_value%22%3A%22no%22%2C%22best_value_text%22%3A%22%2B%22%7D%2C%7B%22pricing_title%22%3A%22FULL%20%22%2C%22pricing_currency%22%3A%22de%20R%241175%2C00%22%2C%22pricing_amount%22%3A%22por%20R%24979%2C00%20m%C3%AAs%22%2C%22pricing_time_period%22%3A%22Monthly%22%2C%22tab_pricing_lists%22%3A%22%255B%257B%2522pricing_list_text%2522%253A%2522At%25C3%25A9%2520500%2520telespectadores%2520simult%25C3%25A2neos%2522%257D%252C%257B%2522pricing_list_text%2522%253A%2522At%25C3%25A9%25204%2520Mbps%2522%257D%252C%257B%2522pricing_list_text%2522%253A%2522Qualidade%2520SD%2520(360p)%252C%2520HD%2520(720p)%2520ou%2520Full%2520HD%2520(1080p)%2522%257D%252C%257B%2522pricing_list_text%2522%253A%2522Transmiss%25C3%25B5es%2520ilimitadas%2522%257D%252C%257B%2522pricing_list_text%2522%253A%2522Delay%2520entre%25202%2520e%25205%2520segundos%2520*%2522%257D%252C%257B%2522pricing_list_text%2522%253A%2522JMV%2520Player%2520Customizado%2520(Lowlatency)%2522%257D%252C%257B%2522pricing_list_text%2522%253A%2522Protocolo%2520Seguro%2520de%2520Transmiss%25C3%25A3o%2520SSL%252FSRT%2522%257D%252C%257B%2522pricing_list_text%2522%253A%2522Suporte%2520Premium%2520(Chat%252C%2520ticket%252C%2520telefone%252C%2520assist%25C3%25AAncia%2520remota%2520e%2520whatsapp)%2522%257D%252C%257B%2522pricing_list_text%2522%253A%2522Ativa%25C3%25A7%25C3%25A3o%2520em%2520at%25C3%25A9%252024%2520Hrs%2520Uteis%2522%257D%255D%22%2C%22is_try_button%22%3A%22none%22%2C%22purchase_button_label%22%3A%22Contratar%20Plano%20Full!%22%2C%22purchase_button_url%22%3A%22https%3A%2F%2Fjmvtechnology.com%2Fusers%2Fstore%2Fstreaming-de-video-ao-vivo%2Fstreaming-de-video-ao-vivo-baixa-latencia-full%22%2C%22assigning_tab%22%3A%221%22%2C%22best_price_value%22%3A%22yes%22%2C%22best_value_text%22%3A%22%2B%22%7D%5D&#8221; stitle_color=&#8221;#ffffff&#8221; subtitle_color=&#8221;#ffffff&#8221;][vc_empty_space][\/vc_column][\/vc_row][vc_row css=&#8221;.vc_custom_1629836474788{background-color: #f5f5f5 !important;}&#8221;][vc_column][inova_image_half_container image_half_style=&#8221;style_6&#8243; image_half_style_six=&#8221;&#8221; title_text=&#8221;D\u00favidas ou planos personalizados?&#8221; stitle_font_weight=&#8221;700&#8243; stitle_text_transform=&#8221;inherit&#8221; subtitle_text=&#8221;Solicite o contato de um de nossos especialistas em solu\u00e7\u00f5es para transmiss\u00f5es ao vivo de baixa lat\u00eancia, preenchendo o formul\u00e1rio abaixo.&#8221; btn_radius=&#8221;50px&#8221; btn_plr=&#8221;80px&#8221; btn_text_color=&#8221;#ffffff&#8221; btn_bg_color=&#8221;#f05b43&#8243; btn_bdr_color=&#8221;rgba(255,255,255,0.75)&#8221; btn_bdr_width=&#8221;2px&#8221; btn_hover_text_color=&#8221;#ffffff&#8221; btn_hover_bg_color=&#8221;#1574d4&#8243; btn_hover_bdr_color=&#8221;#1574d4&#8243; full_height=&#8221;full&#8221; button_url=&#8221;url:https%3A%2F%2Fjmvstream.com%2Fpt-br%2Fcontato%2F|title:Conversar%20com%20um%20especialista!|target:_blank&#8221; stitle_color=&#8221;#999999&#8243;][\/vc_column][\/vc_row][vc_row equal_height=&#8221;yes&#8221; content_placement=&#8221;middle&#8221; content_alignment=&#8221;text-justify&#8221; row_bg_repeat=&#8221;no-repeat&#8221; is_row_overlay=&#8221;overlay&#8221; row_overlay_type=&#8221;solid&#8221; row_overlay_solid=&#8221;#242424&#8243; row_overlay_opacity=&#8221;0.85&#8243; css=&#8221;.vc_custom_1599598181455{background-color: #242424 !important;}&#8221; row_bg_image=&#8221;9822&#8243;][vc_column][inova_short_address title_style_one=&#8221;&#8221; title_text=&#8221;Amamos o que fazemos 7 dias por semana!&#8221; subtitle_text=&#8221;Fazemos parte do grupo JMV Technology, uma multinacional com foco em solu\u00e7\u00f5es de tecnologia e na experi\u00eancia do usu\u00e1rio. Desde 2003 trazendo solu\u00e7\u00f5es para mais de 6 mil clientes em 4 continentes.&#8221; address_column=&#8221;4&#8243; title_color=&#8221;#ffffff&#8221; content_color=&#8221;#ffffff&#8221; address_items=&#8221;%5B%5D&#8221; stitle_color=&#8221;#ffffff&#8221; subtitle_color=&#8221;#ffffff&#8221;][\/vc_column][\/vc_row]<\/p>\n<\/div>","protected":false},"excerpt":{"rendered":"<p>[vc_row el_id=&#8221;home&#8221; css=&#8221;.vc_custom_1629735424390{background-color: #3b81bf !important;}&#8221;][vc_column][vc_empty_space][vc_empty_space][vc_empty_space][vc_empty_space][inova_image_half_container image_half_style=&#8221;style_11&#8243; image_half_style_eleven=&#8221;&#8221; title_text=&#8221;Streaming de baixa lat\u00eancia para jogos ao vivo:<\/p>\n","protected":false},"author":45,"featured_media":0,"parent":0,"menu_order":0,"comment_status":"closed","ping_status":"closed","template":"page-homepage.php","meta":{"footnotes":""},"class_list":["post-20332","page","type-page","status-publish","hentry"],"aioseo_notices":[],"_links":{"self":[{"href":"https:\/\/jmvstream.com\/en\/wp-json\/wp\/v2\/pages\/20332","targetHints":{"allow":["GET"]}}],"collection":[{"href":"https:\/\/jmvstream.com\/en\/wp-json\/wp\/v2\/pages"}],"about":[{"href":"https:\/\/jmvstream.com\/en\/wp-json\/wp\/v2\/types\/page"}],"author":[{"embeddable":true,"href":"https:\/\/jmvstream.com\/en\/wp-json\/wp\/v2\/users\/45"}],"replies":[{"embeddable":true,"href":"https:\/\/jmvstream.com\/en\/wp-json\/wp\/v2\/comments?post=20332"}],"version-history":[{"count":0,"href":"https:\/\/jmvstream.com\/en\/wp-json\/wp\/v2\/pages\/20332\/revisions"}],"wp:attachment":[{"href":"https:\/\/jmvstream.com\/en\/wp-json\/wp\/v2\/media?parent=20332"}],"curies":[{"name":"wp","href":"https:\/\/api.w.org\/{rel}","templated":true}]}}